{"id":1032,"date":"2020-01-29T17:35:18","date_gmt":"2020-01-29T17:35:18","guid":{"rendered":"http:\/\/eveniments.es\/?page_id=1032"},"modified":"2020-06-30T13:33:24","modified_gmt":"2020-06-30T13:33:24","slug":"fotografia-profesional","status":"publish","type":"page","link":"https:\/\/eveniments.es\/home\/fotografia-profesional","title":{"rendered":"Fotograf\u00eda profesional"},"content":{"rendered":"<p style=\"text-align: center;\">\u00abLa fotograf\u00eda te muestra una verdad ,,, en cada persona est\u00e1 su interpretaci\u00f3n&#8230;.\u00bb<\/p>\n<p style=\"text-align: center;\">De la mano de nuestro gran fot\u00f3grafo Salvador Sierra podr\u00e1s tener los mejores momentos de tu evento,concierto o fotograf\u00eda art\u00edstica.<\/p>\n<p>[ngg src=\u00bbgalleries\u00bb ids=\u00bb3&#8243; display=\u00bbbasic_imagebrowser\u00bb]<\/p>\n","protected":false},"excerpt":{"rendered":"<div class=\"mh-excerpt\"><p>\u00abLa fotograf\u00eda te muestra una verdad ,,, en cada persona est\u00e1 su interpretaci\u00f3n&#8230;.\u00bb De la mano de nuestro gran fot\u00f3grafo Salvador Sierra podr\u00e1s tener los <a class=\"mh-excerpt-more\" href=\"https:\/\/eveniments.es\/home\/fotografia-profesional\" title=\"Fotograf\u00eda profesional\">[&#8230;]<\/a><\/p>\n<\/div>","protected":false},"author":1,"featured_media":0,"parent":0,"menu_order":0,"comment_status":"closed","ping_status":"closed","template":"template-full.php","meta":{"footnotes":""},"class_list":["post-1032","page","type-page","status-publish","hentry"],"_links":{"self":[{"href":"https:\/\/eveniments.es\/home\/wp-json\/wp\/v2\/pages\/1032","targetHints":{"allow":["GET"]}}],"collection":[{"href":"https:\/\/eveniments.es\/home\/wp-json\/wp\/v2\/pages"}],"about":[{"href":"https:\/\/eveniments.es\/home\/wp-json\/wp\/v2\/types\/page"}],"author":[{"embeddable":true,"href":"https:\/\/eveniments.es\/home\/wp-json\/wp\/v2\/users\/1"}],"replies":[{"embeddable":true,"href":"https:\/\/eveniments.es\/home\/wp-json\/wp\/v2\/comments?post=1032"}],"version-history":[{"count":7,"href":"https:\/\/eveniments.es\/home\/wp-json\/wp\/v2\/pages\/1032\/revisions"}],"predecessor-version":[{"id":1182,"href":"https:\/\/eveniments.es\/home\/wp-json\/wp\/v2\/pages\/1032\/revisions\/1182"}],"wp:attachment":[{"href":"https:\/\/eveniments.es\/home\/wp-json\/wp\/v2\/media?parent=1032"}],"curies":[{"name":"wp","href":"https:\/\/api.w.org\/{rel}","templated":true}]}}