{"id":1248,"date":"2020-02-01T10:37:34","date_gmt":"2020-02-01T10:37:34","guid":{"rendered":"http:\/\/eveniments.es\/?page_id=1248"},"modified":"2020-07-17T18:07:26","modified_gmt":"2020-07-17T18:07:26","slug":"el-apartamento","status":"publish","type":"page","link":"https:\/\/eveniments.es\/home\/servicios\/espectaculos-circo\/el-apartamento","title":{"rendered":"El Apartamento"},"content":{"rendered":"<p>El apartamento es un lugar donde todo es posible&#8230;..<\/p>\n<p>Si hablamos del d\u00eda a d\u00eda de estos tres compa\u00f1eros veremos que esto se suele escapar a la normalidad.Lo que para la mayor\u00eda,actos como levantarse,cambiarse de ropa o incluso cambiar una bombilla es algo mec\u00e1nico y casi instintivo,para ellos se convierte en una serie de acciones repletas de proezas y complicaciones acrob\u00e1ticas.Uniendo todo con diferentes t\u00e9cnicas de circo de manera original y novedosa,nos encontramos compartiendo habitaci\u00f3n en el Apartamento.<\/p>\n<p>&nbsp;<\/p>\n<p><img loading=\"lazy\" decoding=\"async\" class=\"alignnone wp-image-3875\" src=\"https:\/\/eveniments.es\/wp-content\/uploads\/2020\/07\/DOSSIER-El-Apartamento-Cirk-About-It_compressed_page-0001-e1595009143138-264x300.jpg\" alt=\"\" width=\"1024\" height=\"1165\" srcset=\"https:\/\/eveniments.es\/wp-content\/uploads\/2020\/07\/DOSSIER-El-Apartamento-Cirk-About-It_compressed_page-0001-e1595009143138-264x300.jpg 264w, https:\/\/eveniments.es\/wp-content\/uploads\/2020\/07\/DOSSIER-El-Apartamento-Cirk-About-It_compressed_page-0001-e1595009143138.jpg 559w\" sizes=\"auto, (max-width: 1024px) 100vw, 1024px\" \/><img loading=\"lazy\" decoding=\"async\" class=\"alignnone wp-image-3876\" src=\"https:\/\/eveniments.es\/wp-content\/uploads\/2020\/07\/DOSSIER-El-Apartamento-Cirk-About-It_compressed_page-0002-e1595009014566-300x277.jpg\" alt=\"\" width=\"1024\" height=\"946\" srcset=\"https:\/\/eveniments.es\/wp-content\/uploads\/2020\/07\/DOSSIER-El-Apartamento-Cirk-About-It_compressed_page-0002-e1595009014566-300x277.jpg 300w, https:\/\/eveniments.es\/wp-content\/uploads\/2020\/07\/DOSSIER-El-Apartamento-Cirk-About-It_compressed_page-0002-e1595009014566.jpg 496w\" sizes=\"auto, (max-width: 1024px) 100vw, 1024px\" \/><\/p>\n<p><iframe loading=\"lazy\" title=\"El Apartamento\" width=\"500\" height=\"375\" src=\"https:\/\/www.youtube.com\/embed\/nfEh88a0A8c?feature=oembed\" frameborder=\"0\" allow=\"accelerometer; autoplay; clipboard-write; encrypted-media; gyroscope; picture-in-picture; web-share\" referrerpolicy=\"strict-origin-when-cross-origin\" allowfullscreen><\/iframe><\/p>\n","protected":false},"excerpt":{"rendered":"<div class=\"mh-excerpt\"><p>El apartamento es un lugar donde todo es posible&#8230;.. Si hablamos del d\u00eda a d\u00eda de estos tres compa\u00f1eros veremos que esto se suele escapar <a class=\"mh-excerpt-more\" href=\"https:\/\/eveniments.es\/home\/servicios\/espectaculos-circo\/el-apartamento\" title=\"El Apartamento\">[&#8230;]<\/a><\/p>\n<\/div>","protected":false},"author":1,"featured_media":0,"parent":698,"menu_order":0,"comment_status":"closed","ping_status":"closed","template":"template-full.php","meta":{"footnotes":""},"class_list":["post-1248","page","type-page","status-publish","hentry"],"_links":{"self":[{"href":"https:\/\/eveniments.es\/home\/wp-json\/wp\/v2\/pages\/1248","targetHints":{"allow":["GET"]}}],"collection":[{"href":"https:\/\/eveniments.es\/home\/wp-json\/wp\/v2\/pages"}],"about":[{"href":"https:\/\/eveniments.es\/home\/wp-json\/wp\/v2\/types\/page"}],"author":[{"embeddable":true,"href":"https:\/\/eveniments.es\/home\/wp-json\/wp\/v2\/users\/1"}],"replies":[{"embeddable":true,"href":"https:\/\/eveniments.es\/home\/wp-json\/wp\/v2\/comments?post=1248"}],"version-history":[{"count":3,"href":"https:\/\/eveniments.es\/home\/wp-json\/wp\/v2\/pages\/1248\/revisions"}],"predecessor-version":[{"id":3877,"href":"https:\/\/eveniments.es\/home\/wp-json\/wp\/v2\/pages\/1248\/revisions\/3877"}],"up":[{"embeddable":true,"href":"https:\/\/eveniments.es\/home\/wp-json\/wp\/v2\/pages\/698"}],"wp:attachment":[{"href":"https:\/\/eveniments.es\/home\/wp-json\/wp\/v2\/media?parent=1248"}],"curies":[{"name":"wp","href":"https:\/\/api.w.org\/{rel}","templated":true}]}}