{"id":1257,"date":"2020-02-01T19:31:07","date_gmt":"2020-02-01T19:31:07","guid":{"rendered":"http:\/\/eveniments.es\/?page_id=1257"},"modified":"2020-07-17T15:50:56","modified_gmt":"2020-07-17T15:50:56","slug":"juego-de-tronos-experience","status":"publish","type":"page","link":"https:\/\/eveniments.es\/home\/servicios\/espectaculos-teatralizados\/juego-de-tronos-experience","title":{"rendered":"Juego de Tronos Experience"},"content":{"rendered":"\n<p><a href=\"https:\/\/eveniments.es\/servicios\/espectaculos-teatralizados\/juego-de-tronos-experience?preview_id=1257&amp;preview_nonce=d4af73ec2e&amp;preview=true\">Vista previa(abre en una nueva pesta\u00f1a)<\/a><\/p>\n\n\n<p>Un Team Building ambientado en la fant\u00e1stica serie de Juego de Tronos (Game of Thrones). Durante meses el cliente organiz\u00f3 los clanes, banderas y asistentes para crear una convenci\u00f3n a medida y totalmente tem\u00e1tica. En ella encontramos luchas de caballeros, actividades de equipo como lanzamineto de jabalina, arquer\u00eda, castellers y un set de rodaje en el que se deb\u00eda simular una escena de la serie. En evento tem\u00e1tico&nbsp;complementado con el Trono de Hierro, ilusionismo, m\u00fasica en directo, actuaciones y gastronom\u00eda tem\u00e1tica.<\/p>\n<p><iframe loading=\"lazy\" title=\"Juego de Tronos Experience\" width=\"500\" height=\"281\" src=\"https:\/\/www.youtube.com\/embed\/MKiQBwEtCNA?feature=oembed\" frameborder=\"0\" allow=\"accelerometer; autoplay; clipboard-write; encrypted-media; gyroscope; picture-in-picture; web-share\" referrerpolicy=\"strict-origin-when-cross-origin\" allowfullscreen><\/iframe><\/p>\n<p><img loading=\"lazy\" decoding=\"async\" class=\"alignnone wp-image-3344 size-large\" src=\"https:\/\/eveniments.es\/wp-content\/uploads\/2020\/07\/0001-1024x576.jpg\" alt=\"\" width=\"1024\" height=\"576\" srcset=\"https:\/\/eveniments.es\/wp-content\/uploads\/2020\/07\/0001-1024x576.jpg 1024w, https:\/\/eveniments.es\/wp-content\/uploads\/2020\/07\/0001-300x169.jpg 300w, https:\/\/eveniments.es\/wp-content\/uploads\/2020\/07\/0001-768x432.jpg 768w, https:\/\/eveniments.es\/wp-content\/uploads\/2020\/07\/0001-1536x864.jpg 1536w, https:\/\/eveniments.es\/wp-content\/uploads\/2020\/07\/0001-2048x1152.jpg 2048w, https:\/\/eveniments.es\/wp-content\/uploads\/2020\/07\/0001-678x381.jpg 678w\" sizes=\"auto, (max-width: 1024px) 100vw, 1024px\" \/><img loading=\"lazy\" decoding=\"async\" class=\"alignnone wp-image-3345 size-large\" src=\"https:\/\/eveniments.es\/wp-content\/uploads\/2020\/07\/0002-1024x576.jpg\" alt=\"\" width=\"1024\" height=\"576\" srcset=\"https:\/\/eveniments.es\/wp-content\/uploads\/2020\/07\/0002-1024x576.jpg 1024w, https:\/\/eveniments.es\/wp-content\/uploads\/2020\/07\/0002-300x169.jpg 300w, https:\/\/eveniments.es\/wp-content\/uploads\/2020\/07\/0002-768x432.jpg 768w, https:\/\/eveniments.es\/wp-content\/uploads\/2020\/07\/0002-1536x864.jpg 1536w, https:\/\/eveniments.es\/wp-content\/uploads\/2020\/07\/0002-2048x1152.jpg 2048w, https:\/\/eveniments.es\/wp-content\/uploads\/2020\/07\/0002-678x381.jpg 678w\" sizes=\"auto, (max-width: 1024px) 100vw, 1024px\" \/><img loading=\"lazy\" decoding=\"async\" class=\"alignnone wp-image-3346 size-large\" src=\"https:\/\/eveniments.es\/wp-content\/uploads\/2020\/07\/0003-1024x576.jpg\" alt=\"\" width=\"1024\" height=\"576\" srcset=\"https:\/\/eveniments.es\/wp-content\/uploads\/2020\/07\/0003-1024x576.jpg 1024w, https:\/\/eveniments.es\/wp-content\/uploads\/2020\/07\/0003-300x169.jpg 300w, https:\/\/eveniments.es\/wp-content\/uploads\/2020\/07\/0003-768x432.jpg 768w, https:\/\/eveniments.es\/wp-content\/uploads\/2020\/07\/0003-1536x864.jpg 1536w, https:\/\/eveniments.es\/wp-content\/uploads\/2020\/07\/0003-2048x1152.jpg 2048w, https:\/\/eveniments.es\/wp-content\/uploads\/2020\/07\/0003-678x381.jpg 678w\" sizes=\"auto, (max-width: 1024px) 100vw, 1024px\" \/><img loading=\"lazy\" decoding=\"async\" class=\"alignnone wp-image-3347 size-large\" src=\"https:\/\/eveniments.es\/wp-content\/uploads\/2020\/07\/0004-1024x576.jpg\" alt=\"\" width=\"1024\" height=\"576\" srcset=\"https:\/\/eveniments.es\/wp-content\/uploads\/2020\/07\/0004-1024x576.jpg 1024w, https:\/\/eveniments.es\/wp-content\/uploads\/2020\/07\/0004-300x169.jpg 300w, https:\/\/eveniments.es\/wp-content\/uploads\/2020\/07\/0004-768x432.jpg 768w, https:\/\/eveniments.es\/wp-content\/uploads\/2020\/07\/0004-1536x864.jpg 1536w, https:\/\/eveniments.es\/wp-content\/uploads\/2020\/07\/0004-2048x1152.jpg 2048w, https:\/\/eveniments.es\/wp-content\/uploads\/2020\/07\/0004-678x381.jpg 678w\" sizes=\"auto, (max-width: 1024px) 100vw, 1024px\" \/><img loading=\"lazy\" decoding=\"async\" class=\"alignnone wp-image-3348 size-large\" src=\"https:\/\/eveniments.es\/wp-content\/uploads\/2020\/07\/0005-1024x576.jpg\" alt=\"\" width=\"1024\" height=\"576\" srcset=\"https:\/\/eveniments.es\/wp-content\/uploads\/2020\/07\/0005-1024x576.jpg 1024w, https:\/\/eveniments.es\/wp-content\/uploads\/2020\/07\/0005-300x169.jpg 300w, https:\/\/eveniments.es\/wp-content\/uploads\/2020\/07\/0005-768x432.jpg 768w, https:\/\/eveniments.es\/wp-content\/uploads\/2020\/07\/0005-1536x864.jpg 1536w, https:\/\/eveniments.es\/wp-content\/uploads\/2020\/07\/0005-2048x1152.jpg 2048w, https:\/\/eveniments.es\/wp-content\/uploads\/2020\/07\/0005-678x381.jpg 678w\" sizes=\"auto, (max-width: 1024px) 100vw, 1024px\" \/><img loading=\"lazy\" decoding=\"async\" class=\"alignnone wp-image-3349 size-large\" src=\"https:\/\/eveniments.es\/wp-content\/uploads\/2020\/07\/0006-1024x576.jpg\" alt=\"\" width=\"1024\" height=\"576\" srcset=\"https:\/\/eveniments.es\/wp-content\/uploads\/2020\/07\/0006-1024x576.jpg 1024w, https:\/\/eveniments.es\/wp-content\/uploads\/2020\/07\/0006-300x169.jpg 300w, https:\/\/eveniments.es\/wp-content\/uploads\/2020\/07\/0006-768x432.jpg 768w, https:\/\/eveniments.es\/wp-content\/uploads\/2020\/07\/0006-1536x864.jpg 1536w, https:\/\/eveniments.es\/wp-content\/uploads\/2020\/07\/0006-2048x1152.jpg 2048w, https:\/\/eveniments.es\/wp-content\/uploads\/2020\/07\/0006-678x381.jpg 678w\" sizes=\"auto, (max-width: 1024px) 100vw, 1024px\" \/><img loading=\"lazy\" decoding=\"async\" class=\"alignnone wp-image-3350 size-large\" src=\"https:\/\/eveniments.es\/wp-content\/uploads\/2020\/07\/0007-1024x576.jpg\" alt=\"\" width=\"1024\" height=\"576\" srcset=\"https:\/\/eveniments.es\/wp-content\/uploads\/2020\/07\/0007-1024x576.jpg 1024w, https:\/\/eveniments.es\/wp-content\/uploads\/2020\/07\/0007-300x169.jpg 300w, https:\/\/eveniments.es\/wp-content\/uploads\/2020\/07\/0007-768x432.jpg 768w, https:\/\/eveniments.es\/wp-content\/uploads\/2020\/07\/0007-1536x864.jpg 1536w, https:\/\/eveniments.es\/wp-content\/uploads\/2020\/07\/0007-2048x1152.jpg 2048w, https:\/\/eveniments.es\/wp-content\/uploads\/2020\/07\/0007-678x381.jpg 678w\" sizes=\"auto, (max-width: 1024px) 100vw, 1024px\" \/><img loading=\"lazy\" decoding=\"async\" class=\"alignnone wp-image-3351 size-large\" src=\"https:\/\/eveniments.es\/wp-content\/uploads\/2020\/07\/0008-1024x576.jpg\" alt=\"\" width=\"1024\" height=\"576\" srcset=\"https:\/\/eveniments.es\/wp-content\/uploads\/2020\/07\/0008-1024x576.jpg 1024w, https:\/\/eveniments.es\/wp-content\/uploads\/2020\/07\/0008-300x169.jpg 300w, https:\/\/eveniments.es\/wp-content\/uploads\/2020\/07\/0008-768x432.jpg 768w, https:\/\/eveniments.es\/wp-content\/uploads\/2020\/07\/0008-1536x864.jpg 1536w, https:\/\/eveniments.es\/wp-content\/uploads\/2020\/07\/0008-2048x1152.jpg 2048w, https:\/\/eveniments.es\/wp-content\/uploads\/2020\/07\/0008-678x381.jpg 678w\" sizes=\"auto, (max-width: 1024px) 100vw, 1024px\" \/><img loading=\"lazy\" decoding=\"async\" class=\"alignnone wp-image-3352 size-large\" src=\"https:\/\/eveniments.es\/wp-content\/uploads\/2020\/07\/0009-1024x576.jpg\" alt=\"\" width=\"1024\" height=\"576\" srcset=\"https:\/\/eveniments.es\/wp-content\/uploads\/2020\/07\/0009-1024x576.jpg 1024w, https:\/\/eveniments.es\/wp-content\/uploads\/2020\/07\/0009-300x169.jpg 300w, https:\/\/eveniments.es\/wp-content\/uploads\/2020\/07\/0009-768x432.jpg 768w, https:\/\/eveniments.es\/wp-content\/uploads\/2020\/07\/0009-1536x864.jpg 1536w, https:\/\/eveniments.es\/wp-content\/uploads\/2020\/07\/0009-2048x1152.jpg 2048w, https:\/\/eveniments.es\/wp-content\/uploads\/2020\/07\/0009-678x381.jpg 678w\" sizes=\"auto, (max-width: 1024px) 100vw, 1024px\" \/><img loading=\"lazy\" decoding=\"async\" class=\"alignnone wp-image-3353 size-large\" src=\"https:\/\/eveniments.es\/wp-content\/uploads\/2020\/07\/0010-1024x576.jpg\" alt=\"\" width=\"1024\" height=\"576\" srcset=\"https:\/\/eveniments.es\/wp-content\/uploads\/2020\/07\/0010-1024x576.jpg 1024w, https:\/\/eveniments.es\/wp-content\/uploads\/2020\/07\/0010-300x169.jpg 300w, https:\/\/eveniments.es\/wp-content\/uploads\/2020\/07\/0010-768x432.jpg 768w, https:\/\/eveniments.es\/wp-content\/uploads\/2020\/07\/0010-1536x864.jpg 1536w, https:\/\/eveniments.es\/wp-content\/uploads\/2020\/07\/0010-2048x1152.jpg 2048w, https:\/\/eveniments.es\/wp-content\/uploads\/2020\/07\/0010-678x381.jpg 678w\" sizes=\"auto, (max-width: 1024px) 100vw, 1024px\" \/><img loading=\"lazy\" decoding=\"async\" class=\"alignnone wp-image-3354\" src=\"https:\/\/eveniments.es\/wp-content\/uploads\/2020\/07\/caminante-1-300x188.jpg\" alt=\"\" width=\"1024\" height=\"640\" srcset=\"https:\/\/eveniments.es\/wp-content\/uploads\/2020\/07\/caminante-1-300x188.jpg 300w, https:\/\/eveniments.es\/wp-content\/uploads\/2020\/07\/caminante-1-768x480.jpg 768w, https:\/\/eveniments.es\/wp-content\/uploads\/2020\/07\/caminante-1.jpg 800w\" sizes=\"auto, (max-width: 1024px) 100vw, 1024px\" \/><img loading=\"lazy\" decoding=\"async\" class=\"alignnone wp-image-3355\" src=\"https:\/\/eveniments.es\/wp-content\/uploads\/2020\/07\/caminantes-2-300x188.jpg\" alt=\"\" width=\"1024\" height=\"640\" srcset=\"https:\/\/eveniments.es\/wp-content\/uploads\/2020\/07\/caminantes-2-300x188.jpg 300w, https:\/\/eveniments.es\/wp-content\/uploads\/2020\/07\/caminantes-2-768x480.jpg 768w, https:\/\/eveniments.es\/wp-content\/uploads\/2020\/07\/caminantes-2.jpg 800w\" sizes=\"auto, (max-width: 1024px) 100vw, 1024px\" \/><img loading=\"lazy\" decoding=\"async\" class=\"alignnone wp-image-3356\" src=\"https:\/\/eveniments.es\/wp-content\/uploads\/2020\/07\/caminantes-3-300x188.jpg\" alt=\"\" width=\"1024\" height=\"640\" srcset=\"https:\/\/eveniments.es\/wp-content\/uploads\/2020\/07\/caminantes-3-300x188.jpg 300w, https:\/\/eveniments.es\/wp-content\/uploads\/2020\/07\/caminantes-3-768x480.jpg 768w, https:\/\/eveniments.es\/wp-content\/uploads\/2020\/07\/caminantes-3.jpg 800w\" sizes=\"auto, (max-width: 1024px) 100vw, 1024px\" \/><img loading=\"lazy\" decoding=\"async\" class=\"alignnone wp-image-3358 size-large\" src=\"https:\/\/eveniments.es\/wp-content\/uploads\/2020\/07\/IMG_8765-1024x768.jpg\" alt=\"\" width=\"1024\" height=\"768\" srcset=\"https:\/\/eveniments.es\/wp-content\/uploads\/2020\/07\/IMG_8765-1024x768.jpg 1024w, https:\/\/eveniments.es\/wp-content\/uploads\/2020\/07\/IMG_8765-300x225.jpg 300w, https:\/\/eveniments.es\/wp-content\/uploads\/2020\/07\/IMG_8765-768x576.jpg 768w, https:\/\/eveniments.es\/wp-content\/uploads\/2020\/07\/IMG_8765-1536x1152.jpg 1536w, https:\/\/eveniments.es\/wp-content\/uploads\/2020\/07\/IMG_8765-2048x1536.jpg 2048w, https:\/\/eveniments.es\/wp-content\/uploads\/2020\/07\/IMG_8765-678x509.jpg 678w, https:\/\/eveniments.es\/wp-content\/uploads\/2020\/07\/IMG_8765-326x245.jpg 326w, https:\/\/eveniments.es\/wp-content\/uploads\/2020\/07\/IMG_8765-80x60.jpg 80w\" sizes=\"auto, (max-width: 1024px) 100vw, 1024px\" \/><\/p>\n<div style=\"width: 1280px;\" class=\"wp-video\"><!--[if lt IE 9]><script>document.createElement('video');<\/script><![endif]-->\n<video class=\"wp-video-shortcode\" id=\"video-1257-1\" width=\"1280\" height=\"720\" preload=\"auto\" controls=\"controls\"><source type=\"video\/mp4\" src=\"https:\/\/eveniments.es\/wp-content\/uploads\/2020\/07\/juego-de-tronos-performance_4qsDM6yw.compressed.m4v?_=1\" \/><a href=\"https:\/\/eveniments.es\/wp-content\/uploads\/2020\/07\/juego-de-tronos-performance_4qsDM6yw.compressed.m4v\">https:\/\/eveniments.es\/wp-content\/uploads\/2020\/07\/juego-de-tronos-performance_4qsDM6yw.compressed.m4v<\/a><\/video><\/div>","protected":false},"excerpt":{"rendered":"<div class=\"mh-excerpt\"><p>Vista previa(abre en una nueva pesta\u00f1a) Un Team Building ambientado en la fant\u00e1stica serie de Juego de Tronos (Game of Thrones). Durante meses el cliente <a class=\"mh-excerpt-more\" href=\"https:\/\/eveniments.es\/home\/servicios\/espectaculos-teatralizados\/juego-de-tronos-experience\" title=\"Juego de Tronos Experience\">[&#8230;]<\/a><\/p>\n<\/div>","protected":false},"author":1,"featured_media":0,"parent":696,"menu_order":0,"comment_status":"closed","ping_status":"closed","template":"template-full.php","meta":{"footnotes":""},"class_list":["post-1257","page","type-page","status-publish","hentry"],"_links":{"self":[{"href":"https:\/\/eveniments.es\/home\/wp-json\/wp\/v2\/pages\/1257","targetHints":{"allow":["GET"]}}],"collection":[{"href":"https:\/\/eveniments.es\/home\/wp-json\/wp\/v2\/pages"}],"about":[{"href":"https:\/\/eveniments.es\/home\/wp-json\/wp\/v2\/types\/page"}],"author":[{"embeddable":true,"href":"https:\/\/eveniments.es\/home\/wp-json\/wp\/v2\/users\/1"}],"replies":[{"embeddable":true,"href":"https:\/\/eveniments.es\/home\/wp-json\/wp\/v2\/comments?post=1257"}],"version-history":[{"count":9,"href":"https:\/\/eveniments.es\/home\/wp-json\/wp\/v2\/pages\/1257\/revisions"}],"predecessor-version":[{"id":3363,"href":"https:\/\/eveniments.es\/home\/wp-json\/wp\/v2\/pages\/1257\/revisions\/3363"}],"up":[{"embeddable":true,"href":"https:\/\/eveniments.es\/home\/wp-json\/wp\/v2\/pages\/696"}],"wp:attachment":[{"href":"https:\/\/eveniments.es\/home\/wp-json\/wp\/v2\/media?parent=1257"}],"curies":[{"name":"wp","href":"https:\/\/api.w.org\/{rel}","templated":true}]}}