{"id":1273,"date":"2020-02-11T08:45:50","date_gmt":"2020-02-11T08:45:50","guid":{"rendered":"http:\/\/eveniments.es\/?page_id=1273"},"modified":"2020-07-17T16:35:09","modified_gmt":"2020-07-17T16:35:09","slug":"memphis","status":"publish","type":"page","link":"https:\/\/eveniments.es\/home\/servicios\/espectaculos-circo\/memphis","title":{"rendered":"Memphis"},"content":{"rendered":"<p>Espect\u00e1culo que nos propone un viaje aun m\u00edtico y original bar de Rock de los a\u00f1os 50 americanos,donde un camarero y m\u00fasico carism\u00e1tico,recibe cada noche aun peculiar grupo de amigos.Seis personajes muy diferentes que descubren que juntos son capaces de formar su propio grupo musical y que se relacionan y divierten mediante la m\u00fasica ,el baile y sus habilidades cirquenses.<\/p>\n<p>M\u00fasica en directo,malabares,acrobacias,a\u00e9reos y humor en una fren\u00e9tica y divertida historia de encuentros y desencuentros a ritmo de Rock and Roll.<\/p>\n<p><img loading=\"lazy\" decoding=\"async\" class=\"alignnone wp-image-3828 size-large\" src=\"https:\/\/eveniments.es\/wp-content\/uploads\/2020\/07\/dossier-memphis-mini_page-0002-e1595003509141-1024x398.jpg\" alt=\"\" width=\"1024\" height=\"398\" srcset=\"https:\/\/eveniments.es\/wp-content\/uploads\/2020\/07\/dossier-memphis-mini_page-0002-e1595003509141-1024x398.jpg 1024w, https:\/\/eveniments.es\/wp-content\/uploads\/2020\/07\/dossier-memphis-mini_page-0002-e1595003509141-300x116.jpg 300w, https:\/\/eveniments.es\/wp-content\/uploads\/2020\/07\/dossier-memphis-mini_page-0002-e1595003509141-768x298.jpg 768w, https:\/\/eveniments.es\/wp-content\/uploads\/2020\/07\/dossier-memphis-mini_page-0002-e1595003509141.jpg 1061w\" sizes=\"auto, (max-width: 1024px) 100vw, 1024px\" \/><\/p>\n<p><img loading=\"lazy\" decoding=\"async\" class=\"alignnone wp-image-3827\" src=\"https:\/\/eveniments.es\/wp-content\/uploads\/2020\/07\/dossier-memphis-Eveniments-e1595003481454-300x231.jpg\" alt=\"\" width=\"1024\" height=\"788\" srcset=\"https:\/\/eveniments.es\/wp-content\/uploads\/2020\/07\/dossier-memphis-Eveniments-e1595003481454-300x231.jpg 300w, https:\/\/eveniments.es\/wp-content\/uploads\/2020\/07\/dossier-memphis-Eveniments-e1595003481454-768x591.jpg 768w, https:\/\/eveniments.es\/wp-content\/uploads\/2020\/07\/dossier-memphis-Eveniments-e1595003481454.jpg 978w\" sizes=\"auto, (max-width: 1024px) 100vw, 1024px\" \/><img loading=\"lazy\" decoding=\"async\" class=\"alignnone wp-image-3829\" src=\"https:\/\/eveniments.es\/wp-content\/uploads\/2020\/07\/dossier-memphis-mini_page-0003-e1595003548161-300x135.jpg\" alt=\"\" width=\"1024\" height=\"461\" srcset=\"https:\/\/eveniments.es\/wp-content\/uploads\/2020\/07\/dossier-memphis-mini_page-0003-e1595003548161-300x135.jpg 300w, https:\/\/eveniments.es\/wp-content\/uploads\/2020\/07\/dossier-memphis-mini_page-0003-e1595003548161.jpg 667w\" sizes=\"auto, (max-width: 1024px) 100vw, 1024px\" \/><img loading=\"lazy\" decoding=\"async\" class=\"alignnone wp-image-3830\" src=\"https:\/\/eveniments.es\/wp-content\/uploads\/2020\/07\/dossier-memphis-mini_page-0005-e1595003578744-297x300.jpg\" alt=\"\" width=\"1024\" height=\"1035\" srcset=\"https:\/\/eveniments.es\/wp-content\/uploads\/2020\/07\/dossier-memphis-mini_page-0005-e1595003578744-297x300.jpg 297w, https:\/\/eveniments.es\/wp-content\/uploads\/2020\/07\/dossier-memphis-mini_page-0005-e1595003578744-768x777.jpg 768w, https:\/\/eveniments.es\/wp-content\/uploads\/2020\/07\/dossier-memphis-mini_page-0005-e1595003578744.jpg 982w\" sizes=\"auto, (max-width: 1024px) 100vw, 1024px\" \/><img loading=\"lazy\" decoding=\"async\" class=\"alignnone wp-image-3831\" src=\"https:\/\/eveniments.es\/wp-content\/uploads\/2020\/07\/dossier-memphis-mini_page-0006-e1595003606364-281x300.jpg\" alt=\"\" width=\"1024\" height=\"1094\" srcset=\"https:\/\/eveniments.es\/wp-content\/uploads\/2020\/07\/dossier-memphis-mini_page-0006-e1595003606364-281x300.jpg 281w, https:\/\/eveniments.es\/wp-content\/uploads\/2020\/07\/dossier-memphis-mini_page-0006-e1595003606364-768x820.jpg 768w, https:\/\/eveniments.es\/wp-content\/uploads\/2020\/07\/dossier-memphis-mini_page-0006-e1595003606364.jpg 937w\" sizes=\"auto, (max-width: 1024px) 100vw, 1024px\" \/><\/p>\n<p><iframe loading=\"lazy\" title=\"Memphis\" width=\"500\" height=\"375\" src=\"https:\/\/www.youtube.com\/embed\/nhw1iHq9vjE?feature=oembed\" frameborder=\"0\" allow=\"accelerometer; autoplay; clipboard-write; encrypted-media; gyroscope; picture-in-picture; web-share\" referrerpolicy=\"strict-origin-when-cross-origin\" allowfullscreen><\/iframe><\/p>\n","protected":false},"excerpt":{"rendered":"<div class=\"mh-excerpt\"><p>Espect\u00e1culo que nos propone un viaje aun m\u00edtico y original bar de Rock de los a\u00f1os 50 americanos,donde un camarero y m\u00fasico carism\u00e1tico,recibe cada noche <a class=\"mh-excerpt-more\" href=\"https:\/\/eveniments.es\/home\/servicios\/espectaculos-circo\/memphis\" title=\"Memphis\">[&#8230;]<\/a><\/p>\n<\/div>","protected":false},"author":1,"featured_media":0,"parent":698,"menu_order":0,"comment_status":"closed","ping_status":"closed","template":"template-full.php","meta":{"footnotes":""},"class_list":["post-1273","page","type-page","status-publish","hentry"],"_links":{"self":[{"href":"https:\/\/eveniments.es\/home\/wp-json\/wp\/v2\/pages\/1273","targetHints":{"allow":["GET"]}}],"collection":[{"href":"https:\/\/eveniments.es\/home\/wp-json\/wp\/v2\/pages"}],"about":[{"href":"https:\/\/eveniments.es\/home\/wp-json\/wp\/v2\/types\/page"}],"author":[{"embeddable":true,"href":"https:\/\/eveniments.es\/home\/wp-json\/wp\/v2\/users\/1"}],"replies":[{"embeddable":true,"href":"https:\/\/eveniments.es\/home\/wp-json\/wp\/v2\/comments?post=1273"}],"version-history":[{"count":2,"href":"https:\/\/eveniments.es\/home\/wp-json\/wp\/v2\/pages\/1273\/revisions"}],"predecessor-version":[{"id":3832,"href":"https:\/\/eveniments.es\/home\/wp-json\/wp\/v2\/pages\/1273\/revisions\/3832"}],"up":[{"embeddable":true,"href":"https:\/\/eveniments.es\/home\/wp-json\/wp\/v2\/pages\/698"}],"wp:attachment":[{"href":"https:\/\/eveniments.es\/home\/wp-json\/wp\/v2\/media?parent=1273"}],"curies":[{"name":"wp","href":"https:\/\/api.w.org\/{rel}","templated":true}]}}