{"id":1448,"date":"2020-02-18T12:44:09","date_gmt":"2020-02-18T12:44:09","guid":{"rendered":"http:\/\/eveniments.es\/?page_id=1448"},"modified":"2020-07-17T17:51:39","modified_gmt":"2020-07-17T17:51:39","slug":"engranatge","status":"publish","type":"page","link":"https:\/\/eveniments.es\/home\/servicios\/espectaculos-circo\/engranatge","title":{"rendered":"Engranatge"},"content":{"rendered":"<p>Un d\u00eda misterioso en un m\u00edstico taller,formulas indescifrables,extra\u00f1os instrumentos y tres personajes con su peculiar manera de enfrentarse a la rutina diaria.<\/p>\n<p>Un Malabarista habilidoso capaz de convertir sus malabares en parte de su trabajo,un Mago inprevisible que hace desaparecer objetos,capaz de convertirse en malabarista por un d\u00eda y un M\u00fasico dispuesto a amenizar el trabajo con instrumentos variados e invitar a sus compa\u00f1eros a ser parte de su concierto.<\/p>\n<p>Los tres tienen un objetivo com\u00fan : descifrar la m\u00e1s dif\u00edcil de las formulas y mostrar al p\u00fablico como funciona su peculiar e hipn\u00f3tica Engranaje.<\/p>\n<p><img loading=\"lazy\" decoding=\"async\" class=\"alignnone wp-image-3864 size-large\" src=\"https:\/\/eveniments.es\/wp-content\/uploads\/2020\/07\/dossier-engranatge-reducido_page-0001-e1595007993558-1024x914.jpg\" alt=\"\" width=\"1024\" height=\"914\" srcset=\"https:\/\/eveniments.es\/wp-content\/uploads\/2020\/07\/dossier-engranatge-reducido_page-0001-e1595007993558-1024x914.jpg 1024w, https:\/\/eveniments.es\/wp-content\/uploads\/2020\/07\/dossier-engranatge-reducido_page-0001-e1595007993558-300x268.jpg 300w, https:\/\/eveniments.es\/wp-content\/uploads\/2020\/07\/dossier-engranatge-reducido_page-0001-e1595007993558-768x686.jpg 768w, https:\/\/eveniments.es\/wp-content\/uploads\/2020\/07\/dossier-engranatge-reducido_page-0001-e1595007993558.jpg 1241w\" sizes=\"auto, (max-width: 1024px) 100vw, 1024px\" \/><img loading=\"lazy\" decoding=\"async\" class=\"alignnone wp-image-3865 size-large\" src=\"https:\/\/eveniments.es\/wp-content\/uploads\/2020\/07\/dossier-engranatge-reducido_page-0002-e1595008025804-1024x820.jpg\" alt=\"\" width=\"1024\" height=\"820\" srcset=\"https:\/\/eveniments.es\/wp-content\/uploads\/2020\/07\/dossier-engranatge-reducido_page-0002-e1595008025804-1024x820.jpg 1024w, https:\/\/eveniments.es\/wp-content\/uploads\/2020\/07\/dossier-engranatge-reducido_page-0002-e1595008025804-300x240.jpg 300w, https:\/\/eveniments.es\/wp-content\/uploads\/2020\/07\/dossier-engranatge-reducido_page-0002-e1595008025804-768x615.jpg 768w, https:\/\/eveniments.es\/wp-content\/uploads\/2020\/07\/dossier-engranatge-reducido_page-0002-e1595008025804.jpg 1137w\" sizes=\"auto, (max-width: 1024px) 100vw, 1024px\" \/><img loading=\"lazy\" decoding=\"async\" class=\"alignnone wp-image-3866\" src=\"https:\/\/eveniments.es\/wp-content\/uploads\/2020\/07\/dossier-engranatge-reducido_page-0003-e1595008053855-157x300.jpg\" alt=\"\" width=\"1024\" height=\"1951\" srcset=\"https:\/\/eveniments.es\/wp-content\/uploads\/2020\/07\/dossier-engranatge-reducido_page-0003-e1595008053855-157x300.jpg 157w, https:\/\/eveniments.es\/wp-content\/uploads\/2020\/07\/dossier-engranatge-reducido_page-0003-e1595008053855-537x1024.jpg 537w, https:\/\/eveniments.es\/wp-content\/uploads\/2020\/07\/dossier-engranatge-reducido_page-0003-e1595008053855.jpg 686w\" sizes=\"auto, (max-width: 1024px) 100vw, 1024px\" \/><img loading=\"lazy\" decoding=\"async\" class=\"alignnone wp-image-3867 size-large\" src=\"https:\/\/eveniments.es\/wp-content\/uploads\/2020\/07\/dossier-engranatge-reducido_page-0004-e1595008083613-1024x314.jpg\" alt=\"\" width=\"1024\" height=\"314\" srcset=\"https:\/\/eveniments.es\/wp-content\/uploads\/2020\/07\/dossier-engranatge-reducido_page-0004-e1595008083613-1024x314.jpg 1024w, https:\/\/eveniments.es\/wp-content\/uploads\/2020\/07\/dossier-engranatge-reducido_page-0004-e1595008083613-300x92.jpg 300w, https:\/\/eveniments.es\/wp-content\/uploads\/2020\/07\/dossier-engranatge-reducido_page-0004-e1595008083613-768x236.jpg 768w, https:\/\/eveniments.es\/wp-content\/uploads\/2020\/07\/dossier-engranatge-reducido_page-0004-e1595008083613.jpg 1170w\" sizes=\"auto, (max-width: 1024px) 100vw, 1024px\" \/><img loading=\"lazy\" decoding=\"async\" class=\"alignnone wp-image-3868\" src=\"https:\/\/eveniments.es\/wp-content\/uploads\/2020\/07\/dossier-engranatge-reducido_page-0005-e1595008113526-300x255.jpg\" alt=\"\" width=\"1024\" height=\"869\" srcset=\"https:\/\/eveniments.es\/wp-content\/uploads\/2020\/07\/dossier-engranatge-reducido_page-0005-e1595008113526-300x255.jpg 300w, https:\/\/eveniments.es\/wp-content\/uploads\/2020\/07\/dossier-engranatge-reducido_page-0005-e1595008113526.jpg 653w\" sizes=\"auto, (max-width: 1024px) 100vw, 1024px\" \/><img loading=\"lazy\" decoding=\"async\" class=\"alignnone wp-image-3870\" src=\"https:\/\/eveniments.es\/wp-content\/uploads\/2020\/07\/dossier-engranatge-reducido_page-0004-1-e1595008163635-300x182.jpg\" alt=\"\" width=\"1024\" height=\"620\" srcset=\"https:\/\/eveniments.es\/wp-content\/uploads\/2020\/07\/dossier-engranatge-reducido_page-0004-1-e1595008163635-300x182.jpg 300w, https:\/\/eveniments.es\/wp-content\/uploads\/2020\/07\/dossier-engranatge-reducido_page-0004-1-e1595008163635.jpg 525w\" sizes=\"auto, (max-width: 1024px) 100vw, 1024px\" \/><\/p>\n<p><iframe loading=\"lazy\" title=\"El Taller\" width=\"500\" height=\"281\" src=\"https:\/\/www.youtube.com\/embed\/oDdMF-EjDSs?feature=oembed\" frameborder=\"0\" allow=\"accelerometer; autoplay; clipboard-write; encrypted-media; gyroscope; picture-in-picture; web-share\" referrerpolicy=\"strict-origin-when-cross-origin\" allowfullscreen><\/iframe><\/p>\n","protected":false},"excerpt":{"rendered":"<div class=\"mh-excerpt\"><p>Un d\u00eda misterioso en un m\u00edstico taller,formulas indescifrables,extra\u00f1os instrumentos y tres personajes con su peculiar manera de enfrentarse a la rutina diaria. Un Malabarista habilidoso <a class=\"mh-excerpt-more\" href=\"https:\/\/eveniments.es\/home\/servicios\/espectaculos-circo\/engranatge\" title=\"Engranatge\">[&#8230;]<\/a><\/p>\n<\/div>","protected":false},"author":1,"featured_media":0,"parent":698,"menu_order":0,"comment_status":"closed","ping_status":"closed","template":"template-full.php","meta":{"footnotes":""},"class_list":["post-1448","page","type-page","status-publish","hentry"],"_links":{"self":[{"href":"https:\/\/eveniments.es\/home\/wp-json\/wp\/v2\/pages\/1448","targetHints":{"allow":["GET"]}}],"collection":[{"href":"https:\/\/eveniments.es\/home\/wp-json\/wp\/v2\/pages"}],"about":[{"href":"https:\/\/eveniments.es\/home\/wp-json\/wp\/v2\/types\/page"}],"author":[{"embeddable":true,"href":"https:\/\/eveniments.es\/home\/wp-json\/wp\/v2\/users\/1"}],"replies":[{"embeddable":true,"href":"https:\/\/eveniments.es\/home\/wp-json\/wp\/v2\/comments?post=1448"}],"version-history":[{"count":2,"href":"https:\/\/eveniments.es\/home\/wp-json\/wp\/v2\/pages\/1448\/revisions"}],"predecessor-version":[{"id":3871,"href":"https:\/\/eveniments.es\/home\/wp-json\/wp\/v2\/pages\/1448\/revisions\/3871"}],"up":[{"embeddable":true,"href":"https:\/\/eveniments.es\/home\/wp-json\/wp\/v2\/pages\/698"}],"wp:attachment":[{"href":"https:\/\/eveniments.es\/home\/wp-json\/wp\/v2\/media?parent=1448"}],"curies":[{"name":"wp","href":"https:\/\/api.w.org\/{rel}","templated":true}]}}