{"id":1458,"date":"2020-02-18T12:51:23","date_gmt":"2020-02-18T12:51:23","guid":{"rendered":"http:\/\/eveniments.es\/?page_id=1458"},"modified":"2020-07-17T15:41:21","modified_gmt":"2020-07-17T15:41:21","slug":"dancer-led","status":"publish","type":"page","link":"https:\/\/eveniments.es\/home\/servicios\/espectaculos-tecnologicos\/dancer-led","title":{"rendered":"Dancer Led"},"content":{"rendered":"<p>Espect\u00e1culo de baile que combina danza urbana con la vanguardia tecnol\u00f3gica lo que hace de este show un aut\u00e9ntico espect\u00e1culo. Recientemente han actuado en el programa GOT TALENT, obteniendo un gran \u00e9xito tanto por parte del jurado como p\u00fablico<\/p>\n<p>PROPUESTA:<br \/>\n\u2022 Coreograf\u00eda de 4 minutos 30 segundos sincronizada con la m\u00fasica<br \/>\n\u2022 2 Pases freestyle entre los invitados<br \/>\n\u2022 Multitud de efectos visuales con iluminaci\u00f3n en diversos colores<br \/>\n\u2022 5 bailarines en escena<br \/>\n\u2022 5 trajes de led sincronizados por ordenador<br \/>\n\u2022 Sistemas de transmisi\u00f3n de frecuencias<br \/>\n\u2022 1 T\u00e9cnico de espect\u00e1culo + 1persona de producci\u00f3n<br \/>\n\u2022 Cartuchos de confeti el\u00e9ctrico ( M\u00e1quinas lanzadoras + 8 cartuchos el\u00e9ctricos + instalaci\u00f3n)<\/p>\n<p><img loading=\"lazy\" decoding=\"async\" class=\"alignnone wp-image-3812\" src=\"https:\/\/eveniments.es\/wp-content\/uploads\/2020\/07\/Dancer-Led-1-300x200.jpg\" alt=\"\" width=\"1024\" height=\"682\" srcset=\"https:\/\/eveniments.es\/wp-content\/uploads\/2020\/07\/Dancer-Led-1-300x200.jpg 300w, https:\/\/eveniments.es\/wp-content\/uploads\/2020\/07\/Dancer-Led-1-768x512.jpg 768w, https:\/\/eveniments.es\/wp-content\/uploads\/2020\/07\/Dancer-Led-1.jpg 800w\" sizes=\"auto, (max-width: 1024px) 100vw, 1024px\" \/><img loading=\"lazy\" decoding=\"async\" class=\"alignnone wp-image-3814\" src=\"https:\/\/eveniments.es\/wp-content\/uploads\/2020\/07\/dancer-led-300x188.jpg\" alt=\"\" width=\"1024\" height=\"640\" srcset=\"https:\/\/eveniments.es\/wp-content\/uploads\/2020\/07\/dancer-led-300x188.jpg 300w, https:\/\/eveniments.es\/wp-content\/uploads\/2020\/07\/dancer-led-768x480.jpg 768w, https:\/\/eveniments.es\/wp-content\/uploads\/2020\/07\/dancer-led.jpg 800w\" sizes=\"auto, (max-width: 1024px) 100vw, 1024px\" \/><img loading=\"lazy\" decoding=\"async\" class=\"alignnone wp-image-3815\" src=\"https:\/\/eveniments.es\/wp-content\/uploads\/2020\/07\/dancer-led-1-1-300x188.jpg\" alt=\"\" width=\"1024\" height=\"640\" srcset=\"https:\/\/eveniments.es\/wp-content\/uploads\/2020\/07\/dancer-led-1-1-300x188.jpg 300w, https:\/\/eveniments.es\/wp-content\/uploads\/2020\/07\/dancer-led-1-1-768x480.jpg 768w, https:\/\/eveniments.es\/wp-content\/uploads\/2020\/07\/dancer-led-1-1.jpg 800w\" sizes=\"auto, (max-width: 1024px) 100vw, 1024px\" \/><img loading=\"lazy\" decoding=\"async\" class=\"alignnone wp-image-3816\" src=\"https:\/\/eveniments.es\/wp-content\/uploads\/2020\/07\/dancer-leds-300x200.jpg\" alt=\"\" width=\"1024\" height=\"682\" srcset=\"https:\/\/eveniments.es\/wp-content\/uploads\/2020\/07\/dancer-leds-300x200.jpg 300w, https:\/\/eveniments.es\/wp-content\/uploads\/2020\/07\/dancer-leds-768x512.jpg 768w, https:\/\/eveniments.es\/wp-content\/uploads\/2020\/07\/dancer-leds.jpg 800w\" sizes=\"auto, (max-width: 1024px) 100vw, 1024px\" \/><img loading=\"lazy\" decoding=\"async\" class=\"alignnone wp-image-3817\" src=\"https:\/\/eveniments.es\/wp-content\/uploads\/2020\/07\/Dancer-Leds-2-300x200.jpg\" alt=\"\" width=\"1024\" height=\"682\" srcset=\"https:\/\/eveniments.es\/wp-content\/uploads\/2020\/07\/Dancer-Leds-2-300x200.jpg 300w, https:\/\/eveniments.es\/wp-content\/uploads\/2020\/07\/Dancer-Leds-2-768x512.jpg 768w, https:\/\/eveniments.es\/wp-content\/uploads\/2020\/07\/Dancer-Leds-2.jpg 800w\" sizes=\"auto, (max-width: 1024px) 100vw, 1024px\" \/><\/p>\n","protected":false},"excerpt":{"rendered":"<div class=\"mh-excerpt\"><p>Espect\u00e1culo de baile que combina danza urbana con la vanguardia tecnol\u00f3gica lo que hace de este show un aut\u00e9ntico espect\u00e1culo. Recientemente han actuado en el <a class=\"mh-excerpt-more\" href=\"https:\/\/eveniments.es\/home\/servicios\/espectaculos-tecnologicos\/dancer-led\" title=\"Dancer Led\">[&#8230;]<\/a><\/p>\n<\/div>","protected":false},"author":1,"featured_media":0,"parent":814,"menu_order":0,"comment_status":"closed","ping_status":"closed","template":"template-full.php","meta":{"footnotes":""},"class_list":["post-1458","page","type-page","status-publish","hentry"],"_links":{"self":[{"href":"https:\/\/eveniments.es\/home\/wp-json\/wp\/v2\/pages\/1458","targetHints":{"allow":["GET"]}}],"collection":[{"href":"https:\/\/eveniments.es\/home\/wp-json\/wp\/v2\/pages"}],"about":[{"href":"https:\/\/eveniments.es\/home\/wp-json\/wp\/v2\/types\/page"}],"author":[{"embeddable":true,"href":"https:\/\/eveniments.es\/home\/wp-json\/wp\/v2\/users\/1"}],"replies":[{"embeddable":true,"href":"https:\/\/eveniments.es\/home\/wp-json\/wp\/v2\/comments?post=1458"}],"version-history":[{"count":2,"href":"https:\/\/eveniments.es\/home\/wp-json\/wp\/v2\/pages\/1458\/revisions"}],"predecessor-version":[{"id":3818,"href":"https:\/\/eveniments.es\/home\/wp-json\/wp\/v2\/pages\/1458\/revisions\/3818"}],"up":[{"embeddable":true,"href":"https:\/\/eveniments.es\/home\/wp-json\/wp\/v2\/pages\/814"}],"wp:attachment":[{"href":"https:\/\/eveniments.es\/home\/wp-json\/wp\/v2\/media?parent=1458"}],"curies":[{"name":"wp","href":"https:\/\/api.w.org\/{rel}","templated":true}]}}