{"id":1585,"date":"2020-02-19T22:10:02","date_gmt":"2020-02-19T22:10:02","guid":{"rendered":"http:\/\/eveniments.es\/?page_id=1585"},"modified":"2020-07-17T15:29:31","modified_gmt":"2020-07-17T15:29:31","slug":"futbol-acrobatico","status":"publish","type":"page","link":"https:\/\/eveniments.es\/home\/servicios\/futbol-acrobatico","title":{"rendered":"F\u00fatbol Acrob\u00e1tico"},"content":{"rendered":"<h6><span style=\"font-size: 14pt;\">Son campeones nacionales del concurso&nbsp;<strong>Freestyle XD<\/strong>&nbsp;que est\u00e1 patrocinado por la leyenda viva de las porter\u00edas&nbsp;<strong>Iker Casillas<\/strong>&nbsp; y actualmente se encuentran en el top 50 del ranking a nivel mundial de esta disciplina. Estos campeones han trabajado y actuado en todo el pa\u00eds con una amplia gama de marcas como son: Nike, Gillete, o Redbull, eventos corporativos, grandes espect\u00e1culos, lanzamientos y &nbsp;tambi\u00e9n en anuncios publicitarios.<\/span><\/h6>\n<h6><span style=\"font-size: 14pt;\">Realizan pases de diez minutos y se adaptan a cualquier tipo de evento (ya sean promociones, anuncios de Televisi\u00f3n, &nbsp;congresos, fiestas y muchos eventos m\u00e1s)<\/span><\/h6>\n<p><iframe loading=\"lazy\" title=\"F\u00fatbol acrob\u00e1tico\" width=\"500\" height=\"281\" src=\"https:\/\/www.youtube.com\/embed\/N8tcFZw3ADU?feature=oembed\" frameborder=\"0\" allow=\"accelerometer; autoplay; clipboard-write; encrypted-media; gyroscope; picture-in-picture; web-share\" referrerpolicy=\"strict-origin-when-cross-origin\" allowfullscreen><\/iframe><\/p>\n","protected":false},"excerpt":{"rendered":"<div class=\"mh-excerpt\"><p>Son campeones nacionales del concurso&nbsp;Freestyle XD&nbsp;que est\u00e1 patrocinado por la leyenda viva de las porter\u00edas&nbsp;Iker Casillas&nbsp; y actualmente se encuentran en el top 50 del <a class=\"mh-excerpt-more\" href=\"https:\/\/eveniments.es\/home\/servicios\/futbol-acrobatico\" title=\"F\u00fatbol Acrob\u00e1tico\">[&#8230;]<\/a><\/p>\n<\/div>","protected":false},"author":1,"featured_media":0,"parent":11,"menu_order":0,"comment_status":"closed","ping_status":"closed","template":"template-full.php","meta":{"footnotes":""},"class_list":["post-1585","page","type-page","status-publish","hentry"],"_links":{"self":[{"href":"https:\/\/eveniments.es\/home\/wp-json\/wp\/v2\/pages\/1585","targetHints":{"allow":["GET"]}}],"collection":[{"href":"https:\/\/eveniments.es\/home\/wp-json\/wp\/v2\/pages"}],"about":[{"href":"https:\/\/eveniments.es\/home\/wp-json\/wp\/v2\/types\/page"}],"author":[{"embeddable":true,"href":"https:\/\/eveniments.es\/home\/wp-json\/wp\/v2\/users\/1"}],"replies":[{"embeddable":true,"href":"https:\/\/eveniments.es\/home\/wp-json\/wp\/v2\/comments?post=1585"}],"version-history":[{"count":1,"href":"https:\/\/eveniments.es\/home\/wp-json\/wp\/v2\/pages\/1585\/revisions"}],"predecessor-version":[{"id":1586,"href":"https:\/\/eveniments.es\/home\/wp-json\/wp\/v2\/pages\/1585\/revisions\/1586"}],"up":[{"embeddable":true,"href":"https:\/\/eveniments.es\/home\/wp-json\/wp\/v2\/pages\/11"}],"wp:attachment":[{"href":"https:\/\/eveniments.es\/home\/wp-json\/wp\/v2\/media?parent=1585"}],"curies":[{"name":"wp","href":"https:\/\/api.w.org\/{rel}","templated":true}]}}