{"id":1592,"date":"2020-02-19T22:23:24","date_gmt":"2020-02-19T22:23:24","guid":{"rendered":"http:\/\/eveniments.es\/?page_id=1592"},"modified":"2020-07-21T11:13:21","modified_gmt":"2020-07-21T11:13:21","slug":"moon-light","status":"publish","type":"page","link":"https:\/\/eveniments.es\/home\/servicios\/performance\/moon-light","title":{"rendered":"Moon Light"},"content":{"rendered":"<p>La \u201c<b>Esfera Lunar<\/b>\u201d inicia el espect\u00e1culo dentro de una atm\u00f3sfera sorprendente. En su interior, aparece Selenia, la contorsionista blanca. Mediante un ritual de bienvenida, con danzas acrob\u00e1ticas y equilibrios, anuncia la llegada y el show de los juglares lunares. Estos personajes \u201cgigantes\u201d desaf\u00edan la gravedad con un numero coreografiado de acrobacias y equilibrios. Selenio reaparece (acr\u00f3bata en el suelo, fuera de la esfera lunar) presentando a su tripulaci\u00f3n la tecnolog\u00eda de los elemento de luz (bastones \u2013 mazas \u2013 bolas y cuerdas de luces).<\/p>\n<p><iframe loading=\"lazy\" title=\"Moon Light\" width=\"500\" height=\"281\" src=\"https:\/\/www.youtube.com\/embed\/73shd_x5wNU?feature=oembed\" frameborder=\"0\" allow=\"accelerometer; autoplay; clipboard-write; encrypted-media; gyroscope; picture-in-picture; web-share\" referrerpolicy=\"strict-origin-when-cross-origin\" allowfullscreen><\/iframe><\/p>\n<p>&nbsp;<\/p>\n","protected":false},"excerpt":{"rendered":"<div class=\"mh-excerpt\"><p>La \u201cEsfera Lunar\u201d inicia el espect\u00e1culo dentro de una atm\u00f3sfera sorprendente. En su interior, aparece Selenia, la contorsionista blanca. Mediante un ritual de bienvenida, con <a class=\"mh-excerpt-more\" href=\"https:\/\/eveniments.es\/home\/servicios\/performance\/moon-light\" title=\"Moon Light\">[&#8230;]<\/a><\/p>\n<\/div>","protected":false},"author":1,"featured_media":0,"parent":1438,"menu_order":0,"comment_status":"closed","ping_status":"closed","template":"template-full.php","meta":{"footnotes":""},"class_list":["post-1592","page","type-page","status-publish","hentry"],"_links":{"self":[{"href":"https:\/\/eveniments.es\/home\/wp-json\/wp\/v2\/pages\/1592","targetHints":{"allow":["GET"]}}],"collection":[{"href":"https:\/\/eveniments.es\/home\/wp-json\/wp\/v2\/pages"}],"about":[{"href":"https:\/\/eveniments.es\/home\/wp-json\/wp\/v2\/types\/page"}],"author":[{"embeddable":true,"href":"https:\/\/eveniments.es\/home\/wp-json\/wp\/v2\/users\/1"}],"replies":[{"embeddable":true,"href":"https:\/\/eveniments.es\/home\/wp-json\/wp\/v2\/comments?post=1592"}],"version-history":[{"count":1,"href":"https:\/\/eveniments.es\/home\/wp-json\/wp\/v2\/pages\/1592\/revisions"}],"predecessor-version":[{"id":1593,"href":"https:\/\/eveniments.es\/home\/wp-json\/wp\/v2\/pages\/1592\/revisions\/1593"}],"up":[{"embeddable":true,"href":"https:\/\/eveniments.es\/home\/wp-json\/wp\/v2\/pages\/1438"}],"wp:attachment":[{"href":"https:\/\/eveniments.es\/home\/wp-json\/wp\/v2\/media?parent=1592"}],"curies":[{"name":"wp","href":"https:\/\/api.w.org\/{rel}","templated":true}]}}