{"id":1609,"date":"2020-02-20T20:57:38","date_gmt":"2020-02-20T20:57:38","guid":{"rendered":"http:\/\/eveniments.es\/?page_id=1609"},"modified":"2020-07-21T10:59:33","modified_gmt":"2020-07-21T10:59:33","slug":"universe","status":"publish","type":"page","link":"https:\/\/eveniments.es\/home\/universe","title":{"rendered":"Universe"},"content":{"rendered":"<p>UNIVERSE es un pasacalles que nace con el objetivo de recordarnos que formamos parte del mismo.<br \/>\nUniverse nos invita a a levantar la mirada elevarla al cielo para no olvidar que es abundante e infinito utiliz\u00e1ndolo como met\u00e1fora en nuestra propia vida.<br \/>\nUniverse nos invita a reflexionar que somos seres de luz, que formamos parte de ese universo e infinito y si llenamos nuestra mente de pensamientos positivos y amor, la abundancia y plenitud la tendremos asegurada.<br \/>\nEl pasacalles Universe incluye diferentes elementos como nuestra querida LUNA, las ESTRELLAS que iluminan el cielo.<br \/>\nTambi\u00e9n cuenta con un cometa gigante de 7 metros que representa ese haz de luz que deja a su paso y 2 cometas peque\u00f1os.<br \/>\nSin lugar a dudas es un pasacalles a temporal, pero si que es cierto que en Navidad cobra un especial protagonismo a\u00f1adiendo a sus personajes habituales el Maestro de Ceremonias y Damas Estelares al espectacular \u00c1NGEL que baja de los cielos para llevar las calles de AMOR y anunciar el nacimiento de Jes\u00fas.<br \/>\nEste pasacalles con el ANGEL es id\u00f3neo para d\u00edas como EL ENCENDIDO DE LUCES DE NAVIDAD, CABALGATA DE REYES MAGOS, eventos de empresas navide\u00f1os como FAMILYS DAYS tematizados y como no en eventos de centros comerciales.<br \/>\nEl pasacalles Universe se ha realizado en diferentes ciudades como Alcal\u00e1 de Henares, Arganda del Rey, Logro\u00f1o, etc . Ha formado parte de la Re inauguraci\u00f3n del centro comercial (Barcelona), y en el evento multitudinario de Navidad de la ONCE.<\/p>\n<p>\u00bfQu\u00e9 incluye?: 14 artistas<br \/>\n\u2022 1 Luna<br \/>\n\u2022 1 Cometa de 7 metros<br \/>\n\u2022 2 estrellas<br \/>\n\u2022 2 Cometas<br \/>\n\u2022 2 Damas celestes en patines<br \/>\n\u2022 1 Angel en zancos con alas de 3 metros de largas<br \/>\n\u2022 1 Maestro de ceremonias llevando equipo de sonido<br \/>\n\u2022 1 Equipo de sonido<\/p>\n<p><img loading=\"lazy\" decoding=\"async\" class=\"alignnone wp-image-3165 size-large\" src=\"https:\/\/eveniments.es\/wp-content\/uploads\/2020\/06\/Universe-1024x691.jpg\" alt=\"\" width=\"1024\" height=\"691\" srcset=\"https:\/\/eveniments.es\/wp-content\/uploads\/2020\/06\/Universe-1024x691.jpg 1024w, https:\/\/eveniments.es\/wp-content\/uploads\/2020\/06\/Universe-300x202.jpg 300w, https:\/\/eveniments.es\/wp-content\/uploads\/2020\/06\/Universe-768x518.jpg 768w, https:\/\/eveniments.es\/wp-content\/uploads\/2020\/06\/Universe.jpg 1380w\" sizes=\"auto, (max-width: 1024px) 100vw, 1024px\" \/><img loading=\"lazy\" decoding=\"async\" class=\"alignnone wp-image-3162\" src=\"https:\/\/eveniments.es\/wp-content\/uploads\/2020\/06\/universe4-300x191.jpg\" alt=\"\" width=\"1024\" height=\"651\" srcset=\"https:\/\/eveniments.es\/wp-content\/uploads\/2020\/06\/universe4-300x191.jpg 300w, https:\/\/eveniments.es\/wp-content\/uploads\/2020\/06\/universe4.jpg 757w\" sizes=\"auto, (max-width: 1024px) 100vw, 1024px\" \/><img loading=\"lazy\" decoding=\"async\" class=\"alignnone wp-image-3163 size-large\" src=\"https:\/\/eveniments.es\/wp-content\/uploads\/2020\/06\/universe3-1024x576.jpg\" alt=\"\" width=\"1024\" height=\"576\" srcset=\"https:\/\/eveniments.es\/wp-content\/uploads\/2020\/06\/universe3-1024x576.jpg 1024w, https:\/\/eveniments.es\/wp-content\/uploads\/2020\/06\/universe3-300x169.jpg 300w, https:\/\/eveniments.es\/wp-content\/uploads\/2020\/06\/universe3-768x432.jpg 768w, https:\/\/eveniments.es\/wp-content\/uploads\/2020\/06\/universe3-1536x864.jpg 1536w, https:\/\/eveniments.es\/wp-content\/uploads\/2020\/06\/universe3-678x381.jpg 678w, https:\/\/eveniments.es\/wp-content\/uploads\/2020\/06\/universe3.jpg 1600w\" sizes=\"auto, (max-width: 1024px) 100vw, 1024px\" \/><\/p>\n<p><img loading=\"lazy\" decoding=\"async\" class=\"alignnone wp-image-3164 size-large\" src=\"https:\/\/eveniments.es\/wp-content\/uploads\/2020\/06\/universe2-1024x484.jpg\" alt=\"\" width=\"1024\" height=\"484\" srcset=\"https:\/\/eveniments.es\/wp-content\/uploads\/2020\/06\/universe2-1024x484.jpg 1024w, https:\/\/eveniments.es\/wp-content\/uploads\/2020\/06\/universe2-300x142.jpg 300w, https:\/\/eveniments.es\/wp-content\/uploads\/2020\/06\/universe2-768x363.jpg 768w, https:\/\/eveniments.es\/wp-content\/uploads\/2020\/06\/universe2-1536x726.jpg 1536w, https:\/\/eveniments.es\/wp-content\/uploads\/2020\/06\/universe2.jpg 1971w\" sizes=\"auto, (max-width: 1024px) 100vw, 1024px\" \/><\/p>\n<p><iframe loading=\"lazy\" title=\"Universe\" width=\"500\" height=\"281\" src=\"https:\/\/www.youtube.com\/embed\/aLu7TlS20FE?feature=oembed\" frameborder=\"0\" allow=\"accelerometer; autoplay; clipboard-write; encrypted-media; gyroscope; picture-in-picture; web-share\" referrerpolicy=\"strict-origin-when-cross-origin\" allowfullscreen><\/iframe><\/p>\n","protected":false},"excerpt":{"rendered":"<div class=\"mh-excerpt\"><p>UNIVERSE es un pasacalles que nace con el objetivo de recordarnos que formamos parte del mismo. Universe nos invita a a levantar la mirada elevarla <a class=\"mh-excerpt-more\" href=\"https:\/\/eveniments.es\/home\/universe\" title=\"Universe\">[&#8230;]<\/a><\/p>\n<\/div>","protected":false},"author":1,"featured_media":0,"parent":0,"menu_order":0,"comment_status":"closed","ping_status":"closed","template":"template-full.php","meta":{"footnotes":""},"class_list":["post-1609","page","type-page","status-publish","hentry"],"_links":{"self":[{"href":"https:\/\/eveniments.es\/home\/wp-json\/wp\/v2\/pages\/1609","targetHints":{"allow":["GET"]}}],"collection":[{"href":"https:\/\/eveniments.es\/home\/wp-json\/wp\/v2\/pages"}],"about":[{"href":"https:\/\/eveniments.es\/home\/wp-json\/wp\/v2\/types\/page"}],"author":[{"embeddable":true,"href":"https:\/\/eveniments.es\/home\/wp-json\/wp\/v2\/users\/1"}],"replies":[{"embeddable":true,"href":"https:\/\/eveniments.es\/home\/wp-json\/wp\/v2\/comments?post=1609"}],"version-history":[{"count":3,"href":"https:\/\/eveniments.es\/home\/wp-json\/wp\/v2\/pages\/1609\/revisions"}],"predecessor-version":[{"id":3166,"href":"https:\/\/eveniments.es\/home\/wp-json\/wp\/v2\/pages\/1609\/revisions\/3166"}],"wp:attachment":[{"href":"https:\/\/eveniments.es\/home\/wp-json\/wp\/v2\/media?parent=1609"}],"curies":[{"name":"wp","href":"https:\/\/api.w.org\/{rel}","templated":true}]}}