{"id":1615,"date":"2020-02-21T16:42:40","date_gmt":"2020-02-21T16:42:40","guid":{"rendered":"http:\/\/eveniments.es\/?page_id=1615"},"modified":"2020-02-26T12:27:32","modified_gmt":"2020-02-26T12:27:32","slug":"1615-2","status":"publish","type":"page","link":"https:\/\/eveniments.es\/home\/servicios\/espectaculos-musicales\/1615-2","title":{"rendered":"Music Hall"},"content":{"rendered":"<h6>Espect\u00e1culo musical que sorprender\u00e1 en todo momento. Todo lo que sucede ser\u00e1 superado con creces a lo esperado. Cuentan con una multitud de n\u00fameros musicales de todos los estilos, entremezclando impactantes acrobacias, especialistas en visuales, magia inesperada, y arriesgados n\u00fameros de fuego as\u00ed como el humor y dinamismo aportado por un extravagante presentador que nos har\u00e1 participes del mismo.<\/h6>\n<h6>Sum\u00e9rgete y d\u00e9jate llevar por la experiencia.<\/h6>\n<p><iframe loading=\"lazy\" title=\"Music Hall\" width=\"500\" height=\"281\" src=\"https:\/\/www.youtube.com\/embed\/OGuTBH-3S_A?feature=oembed\" frameborder=\"0\" allow=\"accelerometer; autoplay; clipboard-write; encrypted-media; gyroscope; picture-in-picture; web-share\" referrerpolicy=\"strict-origin-when-cross-origin\" allowfullscreen><\/iframe><\/p>\n","protected":false},"excerpt":{"rendered":"<div class=\"mh-excerpt\"><p>Espect\u00e1culo musical que sorprender\u00e1 en todo momento. Todo lo que sucede ser\u00e1 superado con creces a lo esperado. Cuentan con una multitud de n\u00fameros musicales <a class=\"mh-excerpt-more\" href=\"https:\/\/eveniments.es\/home\/servicios\/espectaculos-musicales\/1615-2\" title=\"Music Hall\">[&#8230;]<\/a><\/p>\n<\/div>","protected":false},"author":1,"featured_media":0,"parent":956,"menu_order":0,"comment_status":"closed","ping_status":"closed","template":"","meta":{"footnotes":""},"class_list":["post-1615","page","type-page","status-publish","hentry"],"_links":{"self":[{"href":"https:\/\/eveniments.es\/home\/wp-json\/wp\/v2\/pages\/1615","targetHints":{"allow":["GET"]}}],"collection":[{"href":"https:\/\/eveniments.es\/home\/wp-json\/wp\/v2\/pages"}],"about":[{"href":"https:\/\/eveniments.es\/home\/wp-json\/wp\/v2\/types\/page"}],"author":[{"embeddable":true,"href":"https:\/\/eveniments.es\/home\/wp-json\/wp\/v2\/users\/1"}],"replies":[{"embeddable":true,"href":"https:\/\/eveniments.es\/home\/wp-json\/wp\/v2\/comments?post=1615"}],"version-history":[{"count":2,"href":"https:\/\/eveniments.es\/home\/wp-json\/wp\/v2\/pages\/1615\/revisions"}],"predecessor-version":[{"id":1617,"href":"https:\/\/eveniments.es\/home\/wp-json\/wp\/v2\/pages\/1615\/revisions\/1617"}],"up":[{"embeddable":true,"href":"https:\/\/eveniments.es\/home\/wp-json\/wp\/v2\/pages\/956"}],"wp:attachment":[{"href":"https:\/\/eveniments.es\/home\/wp-json\/wp\/v2\/media?parent=1615"}],"curies":[{"name":"wp","href":"https:\/\/api.w.org\/{rel}","templated":true}]}}