{"id":1622,"date":"2020-02-21T17:25:20","date_gmt":"2020-02-21T17:25:20","guid":{"rendered":"http:\/\/eveniments.es\/?page_id=1622"},"modified":"2020-06-30T13:49:58","modified_gmt":"2020-06-30T13:49:58","slug":"a-todo-tren","status":"publish","type":"page","link":"https:\/\/eveniments.es\/home\/servicios\/espectaculos-musicales\/a-todo-tren","title":{"rendered":"A todo tren"},"content":{"rendered":"<h6><strong>A TODO TREN<\/strong>&nbsp;es el nuevo espect\u00e1culo musical que incorporamos a&nbsp;<strong>nuestra parrilla de musicales de cara a este pr\u00f3ximo 2018<\/strong>. Este musical nos permite disfrutar de una fant\u00e1stica selecci\u00f3n de temas y disciplinas art\u00edsticas, a trav\u00e9s de un original viaje en tren. Una ecl\u00e9ctica y explosiva coctelera musical donde lo fundamental es la diversi\u00f3n y entretenimiento del p\u00fablico.<\/h6>\n<h6>\u2028\u2028Tras unos meses de gran expectaci\u00f3n, el pasado mes de abril se estrenaba su nueva producci\u00f3n musical e iniciaba una gira espectacular por toda la Comunidad Valenciana.<\/h6>\n<h6>\u2028\u2028<strong>A TODO TREN el musical<\/strong>, nos introduce en una atm\u00f3sfera m\u00e1gica y nos conduce a bordo de un tren por un espectacular recorrido musical donde las tem\u00e1ticas y disciplinas art\u00edsticas se encadenan una tras otra para hacer del viaje un espect\u00e1culo maravilloso.<\/h6>\n<h6>\u2028\u2028Un espectacular elenco de actores, cantantes, bailarines y acr\u00f3batas personalizan la interpretaci\u00f3n de un m\u00e1gico espect\u00e1culo que incluye numerosas actuaciones, performances, cambios de vestuario y efectos especiales. La mejor dotaci\u00f3n de medios en cuanto a iluminaci\u00f3n y sonido, montaje y pantallas de led completan el equipamiento t\u00e9cnico con el que&nbsp;<strong>A TODO TREN el musical<\/strong>&nbsp;se convierte en uno de los mejores espect\u00e1culos musicales que pueden verse hoy en d\u00eda.<\/h6>\n<p><iframe loading=\"lazy\" title=\"A todo tren\" width=\"500\" height=\"281\" src=\"https:\/\/www.youtube.com\/embed\/mndcMQHqmdQ?feature=oembed\" frameborder=\"0\" allow=\"accelerometer; autoplay; clipboard-write; encrypted-media; gyroscope; picture-in-picture; web-share\" referrerpolicy=\"strict-origin-when-cross-origin\" allowfullscreen><\/iframe><\/p>\n","protected":false},"excerpt":{"rendered":"<div class=\"mh-excerpt\"><p>A TODO TREN&nbsp;es el nuevo espect\u00e1culo musical que incorporamos a&nbsp;nuestra parrilla de musicales de cara a este pr\u00f3ximo 2018. Este musical nos permite disfrutar de <a class=\"mh-excerpt-more\" href=\"https:\/\/eveniments.es\/home\/servicios\/espectaculos-musicales\/a-todo-tren\" title=\"A todo tren\">[&#8230;]<\/a><\/p>\n<\/div>","protected":false},"author":1,"featured_media":0,"parent":956,"menu_order":0,"comment_status":"closed","ping_status":"closed","template":"template-full.php","meta":{"footnotes":""},"class_list":["post-1622","page","type-page","status-publish","hentry"],"_links":{"self":[{"href":"https:\/\/eveniments.es\/home\/wp-json\/wp\/v2\/pages\/1622","targetHints":{"allow":["GET"]}}],"collection":[{"href":"https:\/\/eveniments.es\/home\/wp-json\/wp\/v2\/pages"}],"about":[{"href":"https:\/\/eveniments.es\/home\/wp-json\/wp\/v2\/types\/page"}],"author":[{"embeddable":true,"href":"https:\/\/eveniments.es\/home\/wp-json\/wp\/v2\/users\/1"}],"replies":[{"embeddable":true,"href":"https:\/\/eveniments.es\/home\/wp-json\/wp\/v2\/comments?post=1622"}],"version-history":[{"count":1,"href":"https:\/\/eveniments.es\/home\/wp-json\/wp\/v2\/pages\/1622\/revisions"}],"predecessor-version":[{"id":1623,"href":"https:\/\/eveniments.es\/home\/wp-json\/wp\/v2\/pages\/1622\/revisions\/1623"}],"up":[{"embeddable":true,"href":"https:\/\/eveniments.es\/home\/wp-json\/wp\/v2\/pages\/956"}],"wp:attachment":[{"href":"https:\/\/eveniments.es\/home\/wp-json\/wp\/v2\/media?parent=1622"}],"curies":[{"name":"wp","href":"https:\/\/api.w.org\/{rel}","templated":true}]}}