{"id":1626,"date":"2020-02-21T17:39:08","date_gmt":"2020-02-21T17:39:08","guid":{"rendered":"http:\/\/eveniments.es\/?page_id=1626"},"modified":"2020-02-26T12:27:32","modified_gmt":"2020-02-26T12:27:32","slug":"broadway-3","status":"publish","type":"page","link":"https:\/\/eveniments.es\/home\/servicios\/espectaculos-musicales\/broadway-3","title":{"rendered":"Broadway"},"content":{"rendered":"<h6>Brodway es un espect\u00e1culo capaz de levantar la pasi\u00f3n de todo el &nbsp;p\u00fablico. Est\u00e1 cargado de muchos colores, sensaciones y sentimientos, que har\u00e1n&nbsp;que nadie quede indiferente ante este asombroso gran espect\u00e1culo. En este espect\u00e1culo participan equilibristas, acr\u00f3batas, contorsionistas, cantantes y bailarines que hacen de&nbsp;BROADWAY en un sinf\u00edn de n\u00fameros musicales y art\u00edsticos para dar&nbsp;forma a una gran noche.<\/h6>\n<h6>El show debe continuar\u2026 BIENVENIDO A BROADWAY.<\/h6>\n<p><iframe loading=\"lazy\" title=\"Broadway Musical\" width=\"500\" height=\"375\" src=\"https:\/\/www.youtube.com\/embed\/VppH-P29U7o?feature=oembed\" frameborder=\"0\" allow=\"accelerometer; autoplay; clipboard-write; encrypted-media; gyroscope; picture-in-picture; web-share\" referrerpolicy=\"strict-origin-when-cross-origin\" allowfullscreen><\/iframe><\/p>\n","protected":false},"excerpt":{"rendered":"<div class=\"mh-excerpt\"><p>Brodway es un espect\u00e1culo capaz de levantar la pasi\u00f3n de todo el &nbsp;p\u00fablico. Est\u00e1 cargado de muchos colores, sensaciones y sentimientos, que har\u00e1n&nbsp;que nadie quede <a class=\"mh-excerpt-more\" href=\"https:\/\/eveniments.es\/home\/servicios\/espectaculos-musicales\/broadway-3\" title=\"Broadway\">[&#8230;]<\/a><\/p>\n<\/div>","protected":false},"author":1,"featured_media":0,"parent":956,"menu_order":0,"comment_status":"closed","ping_status":"closed","template":"","meta":{"footnotes":""},"class_list":["post-1626","page","type-page","status-publish","hentry"],"_links":{"self":[{"href":"https:\/\/eveniments.es\/home\/wp-json\/wp\/v2\/pages\/1626","targetHints":{"allow":["GET"]}}],"collection":[{"href":"https:\/\/eveniments.es\/home\/wp-json\/wp\/v2\/pages"}],"about":[{"href":"https:\/\/eveniments.es\/home\/wp-json\/wp\/v2\/types\/page"}],"author":[{"embeddable":true,"href":"https:\/\/eveniments.es\/home\/wp-json\/wp\/v2\/users\/1"}],"replies":[{"embeddable":true,"href":"https:\/\/eveniments.es\/home\/wp-json\/wp\/v2\/comments?post=1626"}],"version-history":[{"count":1,"href":"https:\/\/eveniments.es\/home\/wp-json\/wp\/v2\/pages\/1626\/revisions"}],"predecessor-version":[{"id":1627,"href":"https:\/\/eveniments.es\/home\/wp-json\/wp\/v2\/pages\/1626\/revisions\/1627"}],"up":[{"embeddable":true,"href":"https:\/\/eveniments.es\/home\/wp-json\/wp\/v2\/pages\/956"}],"wp:attachment":[{"href":"https:\/\/eveniments.es\/home\/wp-json\/wp\/v2\/media?parent=1626"}],"curies":[{"name":"wp","href":"https:\/\/api.w.org\/{rel}","templated":true}]}}