{"id":1640,"date":"2020-02-21T18:21:01","date_gmt":"2020-02-21T18:21:01","guid":{"rendered":"http:\/\/eveniments.es\/?page_id=1640"},"modified":"2020-06-30T13:45:07","modified_gmt":"2020-06-30T13:45:07","slug":"cocteleria-con-malabares","status":"publish","type":"page","link":"https:\/\/eveniments.es\/home\/servicios\/espectaculos-gastronomicos\/cocteleria-con-malabares","title":{"rendered":"Cocteler\u00eda con malabares"},"content":{"rendered":"<h5><strong>El arte de preparar c\u00f3cteles<\/strong><\/h5>\n<h6>La cocteler\u00eda puede parecer el arte de echar los ingredientes m\u00e1s coloridos en un vaso novedoso y adornarlo con frutas ex\u00f3ticas y otros complementos. La realidad, sin embargo, es bien distinta, ya que hay mucho m\u00e1s detr\u00e1s de la creaci\u00f3n de un \u2018c\u00f3ctel t\u00edpico\u2019, y si encima lleva como a\u00f1adido malabares del barman, ya si que se trata de un c\u00f3ctel maravilloso, perfecto.<\/h6>\n<h6><strong>Contamos con un coctelero capaz de realizar shows de malabares con botellas y cocteleras mientras sirve c\u00f3cteles y\/o copas<\/strong>. Especialista en elaboraci\u00f3n de gin-tonics.<\/h6>\n<h6>La relaci\u00f3n de este barman con el mundo de la cocteler\u00eda se remonta a principios de los 90\u2019s donde comenz\u00f3 a participar en competiciones a nivel nacional e internacional.<\/h6>\n<p>https:\/\/youtu.be\/Z8kEQLmODYk<\/p>\n","protected":false},"excerpt":{"rendered":"<div class=\"mh-excerpt\"><p>El arte de preparar c\u00f3cteles La cocteler\u00eda puede parecer el arte de echar los ingredientes m\u00e1s coloridos en un vaso novedoso y adornarlo con frutas <a class=\"mh-excerpt-more\" href=\"https:\/\/eveniments.es\/home\/servicios\/espectaculos-gastronomicos\/cocteleria-con-malabares\" title=\"Cocteler\u00eda con malabares\">[&#8230;]<\/a><\/p>\n<\/div>","protected":false},"author":1,"featured_media":0,"parent":1469,"menu_order":0,"comment_status":"closed","ping_status":"closed","template":"template-full.php","meta":{"footnotes":""},"class_list":["post-1640","page","type-page","status-publish","hentry"],"_links":{"self":[{"href":"https:\/\/eveniments.es\/home\/wp-json\/wp\/v2\/pages\/1640","targetHints":{"allow":["GET"]}}],"collection":[{"href":"https:\/\/eveniments.es\/home\/wp-json\/wp\/v2\/pages"}],"about":[{"href":"https:\/\/eveniments.es\/home\/wp-json\/wp\/v2\/types\/page"}],"author":[{"embeddable":true,"href":"https:\/\/eveniments.es\/home\/wp-json\/wp\/v2\/users\/1"}],"replies":[{"embeddable":true,"href":"https:\/\/eveniments.es\/home\/wp-json\/wp\/v2\/comments?post=1640"}],"version-history":[{"count":1,"href":"https:\/\/eveniments.es\/home\/wp-json\/wp\/v2\/pages\/1640\/revisions"}],"predecessor-version":[{"id":1641,"href":"https:\/\/eveniments.es\/home\/wp-json\/wp\/v2\/pages\/1640\/revisions\/1641"}],"up":[{"embeddable":true,"href":"https:\/\/eveniments.es\/home\/wp-json\/wp\/v2\/pages\/1469"}],"wp:attachment":[{"href":"https:\/\/eveniments.es\/home\/wp-json\/wp\/v2\/media?parent=1640"}],"curies":[{"name":"wp","href":"https:\/\/api.w.org\/{rel}","templated":true}]}}