{"id":1654,"date":"2020-02-21T20:14:59","date_gmt":"2020-02-21T20:14:59","guid":{"rendered":"http:\/\/eveniments.es\/?page_id=1654"},"modified":"2020-06-30T13:46:23","modified_gmt":"2020-06-30T13:46:23","slug":"adarmalik","status":"publish","type":"page","link":"https:\/\/eveniments.es\/home\/servicios\/performance\/adarmalik","title":{"rendered":"Adarmalik"},"content":{"rendered":"<h6>Es una obra divertida que impacta por su interpretaci\u00f3n bestial y salvaje. En el proceso de creaci\u00f3n, trabajamos bajo una \u00f3ptica donde se fusiona la abstracci\u00f3n musical, los seres mitol\u00f3gicos, la fuerza inhumana, la energ\u00eda y la dominaci\u00f3n atroz de \u201cAdarmalik\u201d que manda lo que se ha de hacer y lo que no.<\/h6>\n<h6>Las siervas de<strong><em>&nbsp;\u201cAdarmalik\u201d<\/em><\/strong>&nbsp;sometidas a \u00e9sta, seducen con bellos movimientos, sus cuerpos esculturales y la flexibilidad sobrenatural que contrastan con gestos deformes, amorfos e irreverentes. Es un enfrentamiento entre la belleza y la deformidad.<\/h6>\n<p>https:\/\/youtu.be\/kKERvmHO184<\/p>\n","protected":false},"excerpt":{"rendered":"<div class=\"mh-excerpt\"><p>Es una obra divertida que impacta por su interpretaci\u00f3n bestial y salvaje. En el proceso de creaci\u00f3n, trabajamos bajo una \u00f3ptica donde se fusiona la <a class=\"mh-excerpt-more\" href=\"https:\/\/eveniments.es\/home\/servicios\/performance\/adarmalik\" title=\"Adarmalik\">[&#8230;]<\/a><\/p>\n<\/div>","protected":false},"author":1,"featured_media":0,"parent":1438,"menu_order":0,"comment_status":"closed","ping_status":"closed","template":"template-full.php","meta":{"footnotes":""},"class_list":["post-1654","page","type-page","status-publish","hentry"],"_links":{"self":[{"href":"https:\/\/eveniments.es\/home\/wp-json\/wp\/v2\/pages\/1654","targetHints":{"allow":["GET"]}}],"collection":[{"href":"https:\/\/eveniments.es\/home\/wp-json\/wp\/v2\/pages"}],"about":[{"href":"https:\/\/eveniments.es\/home\/wp-json\/wp\/v2\/types\/page"}],"author":[{"embeddable":true,"href":"https:\/\/eveniments.es\/home\/wp-json\/wp\/v2\/users\/1"}],"replies":[{"embeddable":true,"href":"https:\/\/eveniments.es\/home\/wp-json\/wp\/v2\/comments?post=1654"}],"version-history":[{"count":2,"href":"https:\/\/eveniments.es\/home\/wp-json\/wp\/v2\/pages\/1654\/revisions"}],"predecessor-version":[{"id":3274,"href":"https:\/\/eveniments.es\/home\/wp-json\/wp\/v2\/pages\/1654\/revisions\/3274"}],"up":[{"embeddable":true,"href":"https:\/\/eveniments.es\/home\/wp-json\/wp\/v2\/pages\/1438"}],"wp:attachment":[{"href":"https:\/\/eveniments.es\/home\/wp-json\/wp\/v2\/media?parent=1654"}],"curies":[{"name":"wp","href":"https:\/\/api.w.org\/{rel}","templated":true}]}}