{"id":1657,"date":"2020-02-21T20:22:29","date_gmt":"2020-02-21T20:22:29","guid":{"rendered":"http:\/\/eveniments.es\/?page_id=1657"},"modified":"2020-06-30T13:46:29","modified_gmt":"2020-06-30T13:46:29","slug":"alofire-espectaculo-de-fuego","status":"publish","type":"page","link":"https:\/\/eveniments.es\/home\/servicios\/performance\/alofire-espectaculo-de-fuego","title":{"rendered":"Alofire (espect\u00e1culo de fuego)"},"content":{"rendered":"<h6>Espect\u00e1culo de fuego que se puede realizar tanto en interior como exterior. La actuaci\u00f3n es una mezcla entre arte circense \u00fanico, danza del fuego coreografiada y una dosis de adrenalina por las llamas iluminando la noche.<\/h6>\n<h6>Es un espect\u00e1culo muy llamativo por las formas de bailar el fuego por parte de sus danzarinas, ya que interact\u00faan en todo momento con \u00e9l haci\u00e9ndolo bailar con su cuerpo y creando formas muy visuales y originales. Utilizan desde el fuego con antorchas hasta fuegos artificiales al ritmo que marca su cuerpo. Creando fabulosas formas en la noche con una coreograf\u00eda muy lograda.<\/h6>\n<h6>Estas danzarinas&nbsp;destacan por el vestuario que utilizan jugando con color y la forma. Utilizan un color oscuro para que destaque el dibujo de&nbsp;las llamas que brillan especialmente cuando le da la luz del fuego.<\/h6>\n<p>https:\/\/youtu.be\/GSgm7stFkts<\/p>\n","protected":false},"excerpt":{"rendered":"<div class=\"mh-excerpt\"><p>Espect\u00e1culo de fuego que se puede realizar tanto en interior como exterior. La actuaci\u00f3n es una mezcla entre arte circense \u00fanico, danza del fuego coreografiada <a class=\"mh-excerpt-more\" href=\"https:\/\/eveniments.es\/home\/servicios\/performance\/alofire-espectaculo-de-fuego\" title=\"Alofire (espect\u00e1culo de fuego)\">[&#8230;]<\/a><\/p>\n<\/div>","protected":false},"author":1,"featured_media":0,"parent":1438,"menu_order":0,"comment_status":"closed","ping_status":"closed","template":"template-full.php","meta":{"footnotes":""},"class_list":["post-1657","page","type-page","status-publish","hentry"],"_links":{"self":[{"href":"https:\/\/eveniments.es\/home\/wp-json\/wp\/v2\/pages\/1657","targetHints":{"allow":["GET"]}}],"collection":[{"href":"https:\/\/eveniments.es\/home\/wp-json\/wp\/v2\/pages"}],"about":[{"href":"https:\/\/eveniments.es\/home\/wp-json\/wp\/v2\/types\/page"}],"author":[{"embeddable":true,"href":"https:\/\/eveniments.es\/home\/wp-json\/wp\/v2\/users\/1"}],"replies":[{"embeddable":true,"href":"https:\/\/eveniments.es\/home\/wp-json\/wp\/v2\/comments?post=1657"}],"version-history":[{"count":2,"href":"https:\/\/eveniments.es\/home\/wp-json\/wp\/v2\/pages\/1657\/revisions"}],"predecessor-version":[{"id":1659,"href":"https:\/\/eveniments.es\/home\/wp-json\/wp\/v2\/pages\/1657\/revisions\/1659"}],"up":[{"embeddable":true,"href":"https:\/\/eveniments.es\/home\/wp-json\/wp\/v2\/pages\/1438"}],"wp:attachment":[{"href":"https:\/\/eveniments.es\/home\/wp-json\/wp\/v2\/media?parent=1657"}],"curies":[{"name":"wp","href":"https:\/\/api.w.org\/{rel}","templated":true}]}}