{"id":1698,"date":"2020-02-25T13:51:50","date_gmt":"2020-02-25T13:51:50","guid":{"rendered":"http:\/\/eveniments.es\/?page_id=1698"},"modified":"2020-06-30T13:57:31","modified_gmt":"2020-06-30T13:57:31","slug":"circus-vintage","status":"publish","type":"page","link":"https:\/\/eveniments.es\/home\/circus-vintage","title":{"rendered":"Circus Vintage"},"content":{"rendered":"<p style=\"text-align: left;\">El circo hace que regresemos a nuestra ni\u00f1ez, nos causa un sin fin de \u201cEMOCIONES POSITIVAS\u201dmuy dispares. Ademas nos hace ver show tras show que \u201cQUERER ES PODER\u201d y no hay l\u00edmites si uno no quiere, solo est\u00e1n en nuestra mente.Solo hay una cosa que hace que un sue\u00f1o sea imposible de hacer y es el miedo al fracaso\u201d<br \/>\nPor ello el circo es la met\u00e1fora perfecta de mostrar al mundo que no hay nada imposible.CIRCUS VINTAGE ha nacido para crear emociones positivas que se impregnen en el cerebro de los invitados para que no solo disfruten de un gran espect\u00e1culo, se lleven bellos mensajes como:<br \/>\nSi somos capaces de creer en lo imposible, conseguiremos que se haga realidad.<br \/>\nT\u00fa tienes la fuerza, el talento y los recursos necesarios para hacer realidad cuanto deseas en tu vida.<br \/>\nLe proponemos vivir una experiencia \u00fanica con grandes y cercanos artistas circenses de diferentes disciplinas con un denominador com\u00fan LA PASI\u00d3N POR SU TRABAJO.<br \/>\nPasen y vean el espect\u00e1culo va. Comenzar\u2026..<\/p>\n<p>&#8211; 1 Maestro de Ceremonias<br \/>\n&#8211; 1 Miss Carrusel<br \/>\n&#8211; 1 Mujer Barbuda<br \/>\n&#8211; 1 pierrot gigante<br \/>\n&#8211; 1 gigante (Zancudo)<br \/>\n&#8211; 1 acr\u00f3bata<br \/>\n&#8211; 1 Mago<br \/>\n&#8211; 1 Gitana Zingara<br \/>\n&#8211; 1 Forzudo<br \/>\n&#8211; 1 Malabarista<br \/>\n&#8211; 1 Equilibrista en bola o similar &#8211; 1 Zeppelin con Conductor<br \/>\n&#8211; &#8211; 1 coche antiguo<br \/>\n&#8211; 1 Equipo de sonido de 1x500w \u2022 GRAN ZEPPELIN A\u00c9REO<\/p>\n<p><img loading=\"lazy\" decoding=\"async\" class=\"alignnone wp-image-2676 size-large\" src=\"https:\/\/eveniments.es\/wp-content\/uploads\/2020\/06\/Circus-vintage1-1024x768.jpg\" alt=\"\" width=\"1024\" height=\"768\" srcset=\"https:\/\/eveniments.es\/wp-content\/uploads\/2020\/06\/Circus-vintage1-1024x768.jpg 1024w, https:\/\/eveniments.es\/wp-content\/uploads\/2020\/06\/Circus-vintage1-300x225.jpg 300w, https:\/\/eveniments.es\/wp-content\/uploads\/2020\/06\/Circus-vintage1-768x576.jpg 768w, https:\/\/eveniments.es\/wp-content\/uploads\/2020\/06\/Circus-vintage1-678x509.jpg 678w, https:\/\/eveniments.es\/wp-content\/uploads\/2020\/06\/Circus-vintage1-326x245.jpg 326w, https:\/\/eveniments.es\/wp-content\/uploads\/2020\/06\/Circus-vintage1-80x60.jpg 80w, https:\/\/eveniments.es\/wp-content\/uploads\/2020\/06\/Circus-vintage1.jpg 1348w\" sizes=\"auto, (max-width: 1024px) 100vw, 1024px\" \/><img loading=\"lazy\" decoding=\"async\" class=\"alignnone wp-image-2677 size-large\" src=\"https:\/\/eveniments.es\/wp-content\/uploads\/2020\/06\/Circus-vintage-1024x683.jpg\" alt=\"\" width=\"1024\" height=\"683\" srcset=\"https:\/\/eveniments.es\/wp-content\/uploads\/2020\/06\/Circus-vintage-1024x683.jpg 1024w, https:\/\/eveniments.es\/wp-content\/uploads\/2020\/06\/Circus-vintage-300x200.jpg 300w, https:\/\/eveniments.es\/wp-content\/uploads\/2020\/06\/Circus-vintage-768x512.jpg 768w, https:\/\/eveniments.es\/wp-content\/uploads\/2020\/06\/Circus-vintage-1536x1024.jpg 1536w, https:\/\/eveniments.es\/wp-content\/uploads\/2020\/06\/Circus-vintage.jpg 1963w\" sizes=\"auto, (max-width: 1024px) 100vw, 1024px\" \/><\/p>\n<p><iframe loading=\"lazy\" title=\"Circus Vintage\" width=\"500\" height=\"281\" src=\"https:\/\/www.youtube.com\/embed\/2HWMu1fKLS8?feature=oembed\" frameborder=\"0\" allow=\"accelerometer; autoplay; clipboard-write; encrypted-media; gyroscope; picture-in-picture; web-share\" referrerpolicy=\"strict-origin-when-cross-origin\" allowfullscreen><\/iframe><\/p>\n<h5>&nbsp;<\/h5>\n<p>&nbsp;<\/p>\n<p>&nbsp;<\/p>\n","protected":false},"excerpt":{"rendered":"<div class=\"mh-excerpt\"><p>El circo hace que regresemos a nuestra ni\u00f1ez, nos causa un sin fin de \u201cEMOCIONES POSITIVAS\u201dmuy dispares. Ademas nos hace ver show tras show que <a class=\"mh-excerpt-more\" href=\"https:\/\/eveniments.es\/home\/circus-vintage\" title=\"Circus Vintage\">[&#8230;]<\/a><\/p>\n<\/div>","protected":false},"author":1,"featured_media":0,"parent":0,"menu_order":0,"comment_status":"closed","ping_status":"closed","template":"template-full.php","meta":{"footnotes":""},"class_list":["post-1698","page","type-page","status-publish","hentry"],"_links":{"self":[{"href":"https:\/\/eveniments.es\/home\/wp-json\/wp\/v2\/pages\/1698","targetHints":{"allow":["GET"]}}],"collection":[{"href":"https:\/\/eveniments.es\/home\/wp-json\/wp\/v2\/pages"}],"about":[{"href":"https:\/\/eveniments.es\/home\/wp-json\/wp\/v2\/types\/page"}],"author":[{"embeddable":true,"href":"https:\/\/eveniments.es\/home\/wp-json\/wp\/v2\/users\/1"}],"replies":[{"embeddable":true,"href":"https:\/\/eveniments.es\/home\/wp-json\/wp\/v2\/comments?post=1698"}],"version-history":[{"count":8,"href":"https:\/\/eveniments.es\/home\/wp-json\/wp\/v2\/pages\/1698\/revisions"}],"predecessor-version":[{"id":2678,"href":"https:\/\/eveniments.es\/home\/wp-json\/wp\/v2\/pages\/1698\/revisions\/2678"}],"wp:attachment":[{"href":"https:\/\/eveniments.es\/home\/wp-json\/wp\/v2\/media?parent=1698"}],"curies":[{"name":"wp","href":"https:\/\/api.w.org\/{rel}","templated":true}]}}