{"id":1709,"date":"2020-02-25T14:00:30","date_gmt":"2020-02-25T14:00:30","guid":{"rendered":"http:\/\/eveniments.es\/?page_id=1709"},"modified":"2020-06-30T14:10:04","modified_gmt":"2020-06-30T14:10:04","slug":"masquerade","status":"publish","type":"page","link":"https:\/\/eveniments.es\/home\/servicios\/performance\/masquerade","title":{"rendered":"Masquerade"},"content":{"rendered":"<p>MASQUERADE<br \/>\nTem\u00e1tica inspirada en el carnaval mas importante de Europa, el carnaval veneciano, conocido por su elegancia y su antig\u00fcedad. Movimientos lentos y elegantes caracterizan a esta tem\u00e1tica, digna de nobles y arist\u00f3cratas. Nuestros actores convertir\u00e1n el lugar en un escenario teatral transport\u00e1ndonos a las elegantes fiestas del siglo XVII. Para ello contaremos con dos damas barrocas, dos caballeros venecianos, una bailarina de ballet, bailar\u00edn barroco, arlequ\u00edn malabarista, los cuales Llevar\u00e1n vestuarios inspirados en trajes del barroco veneciano, como si estuvieran reci\u00e9n salidos de un cuadro de Canaletto. La bailarina, de toque rom\u00e1ntico, ir\u00e1 abriendo el recorrido con sus delicados movimientos y un candelabro. Ser\u00eda interesante que las damas y los caballeros repartieran antifaces venecianos o barrocos y rosas naturales para que los invitados puedan revivir esta fiesta de las m\u00e1scaras.<br \/>\n\u00bfQUE INCLUYE?<br \/>\n\u2022 6 personajes<br \/>\n\u2022 1 persona llevando carro de sonido<br \/>\n\u2022 1 carro de sonido 1 x 500w<\/p>\n<p><img loading=\"lazy\" decoding=\"async\" class=\"alignnone wp-image-2660\" src=\"https:\/\/eveniments.es\/wp-content\/uploads\/2020\/06\/Masquerade9.jpg\" alt=\"\" width=\"1024\" height=\"684\" srcset=\"https:\/\/eveniments.es\/wp-content\/uploads\/2020\/06\/Masquerade9.jpg 938w, https:\/\/eveniments.es\/wp-content\/uploads\/2020\/06\/Masquerade9-300x201.jpg 300w, https:\/\/eveniments.es\/wp-content\/uploads\/2020\/06\/Masquerade9-768x513.jpg 768w\" sizes=\"auto, (max-width: 1024px) 100vw, 1024px\" \/><img loading=\"lazy\" decoding=\"async\" class=\"alignnone wp-image-2661\" src=\"https:\/\/eveniments.es\/wp-content\/uploads\/2020\/06\/Masquerade8.jpg\" alt=\"\" width=\"1024\" height=\"683\" srcset=\"https:\/\/eveniments.es\/wp-content\/uploads\/2020\/06\/Masquerade8.jpg 940w, https:\/\/eveniments.es\/wp-content\/uploads\/2020\/06\/Masquerade8-300x200.jpg 300w, https:\/\/eveniments.es\/wp-content\/uploads\/2020\/06\/Masquerade8-768x512.jpg 768w\" sizes=\"auto, (max-width: 1024px) 100vw, 1024px\" \/><img loading=\"lazy\" decoding=\"async\" class=\"alignnone wp-image-2662\" src=\"https:\/\/eveniments.es\/wp-content\/uploads\/2020\/06\/Masquerade7.jpg\" alt=\"\" width=\"1024\" height=\"685\" srcset=\"https:\/\/eveniments.es\/wp-content\/uploads\/2020\/06\/Masquerade7.jpg 942w, https:\/\/eveniments.es\/wp-content\/uploads\/2020\/06\/Masquerade7-300x201.jpg 300w, https:\/\/eveniments.es\/wp-content\/uploads\/2020\/06\/Masquerade7-768x514.jpg 768w\" sizes=\"auto, (max-width: 1024px) 100vw, 1024px\" \/><img loading=\"lazy\" decoding=\"async\" class=\"alignnone wp-image-2663\" src=\"https:\/\/eveniments.es\/wp-content\/uploads\/2020\/06\/Masquerade6-300x190.jpg\" alt=\"\" width=\"1024\" height=\"647\" srcset=\"https:\/\/eveniments.es\/wp-content\/uploads\/2020\/06\/Masquerade6-300x190.jpg 300w, https:\/\/eveniments.es\/wp-content\/uploads\/2020\/06\/Masquerade6.jpg 674w\" sizes=\"auto, (max-width: 1024px) 100vw, 1024px\" \/><img loading=\"lazy\" decoding=\"async\" class=\"alignnone wp-image-2664\" src=\"https:\/\/eveniments.es\/wp-content\/uploads\/2020\/06\/Masquerade5-300x193.jpg\" alt=\"\" width=\"1024\" height=\"659\" srcset=\"https:\/\/eveniments.es\/wp-content\/uploads\/2020\/06\/Masquerade5-300x193.jpg 300w, https:\/\/eveniments.es\/wp-content\/uploads\/2020\/06\/Masquerade5.jpg 609w\" sizes=\"auto, (max-width: 1024px) 100vw, 1024px\" \/><img loading=\"lazy\" decoding=\"async\" class=\"alignnone wp-image-2665\" src=\"https:\/\/eveniments.es\/wp-content\/uploads\/2020\/06\/Masquerade4-300x198.jpg\" alt=\"\" width=\"1024\" height=\"676\" srcset=\"https:\/\/eveniments.es\/wp-content\/uploads\/2020\/06\/Masquerade4-300x198.jpg 300w, https:\/\/eveniments.es\/wp-content\/uploads\/2020\/06\/Masquerade4.jpg 673w\" sizes=\"auto, (max-width: 1024px) 100vw, 1024px\" \/><img loading=\"lazy\" decoding=\"async\" class=\"alignnone wp-image-2666\" src=\"https:\/\/eveniments.es\/wp-content\/uploads\/2020\/06\/Masquerade3-300x182.jpg\" alt=\"\" width=\"1024\" height=\"622\" srcset=\"https:\/\/eveniments.es\/wp-content\/uploads\/2020\/06\/Masquerade3-300x182.jpg 300w, https:\/\/eveniments.es\/wp-content\/uploads\/2020\/06\/Masquerade3.jpg 652w\" sizes=\"auto, (max-width: 1024px) 100vw, 1024px\" \/><img loading=\"lazy\" decoding=\"async\" class=\"alignnone wp-image-2667\" src=\"https:\/\/eveniments.es\/wp-content\/uploads\/2020\/06\/Masquerade2-300x200.jpg\" alt=\"\" width=\"1024\" height=\"684\" srcset=\"https:\/\/eveniments.es\/wp-content\/uploads\/2020\/06\/Masquerade2-300x200.jpg 300w, https:\/\/eveniments.es\/wp-content\/uploads\/2020\/06\/Masquerade2.jpg 761w\" sizes=\"auto, (max-width: 1024px) 100vw, 1024px\" \/><img loading=\"lazy\" decoding=\"async\" class=\"alignnone wp-image-2668\" src=\"https:\/\/eveniments.es\/wp-content\/uploads\/2020\/06\/Masquerade-300x201.jpg\" alt=\"\" width=\"1024\" height=\"685\" srcset=\"https:\/\/eveniments.es\/wp-content\/uploads\/2020\/06\/Masquerade-300x201.jpg 300w, https:\/\/eveniments.es\/wp-content\/uploads\/2020\/06\/Masquerade-768x514.jpg 768w, https:\/\/eveniments.es\/wp-content\/uploads\/2020\/06\/Masquerade.jpg 773w\" sizes=\"auto, (max-width: 1024px) 100vw, 1024px\" \/><\/p>\n","protected":false},"excerpt":{"rendered":"<div class=\"mh-excerpt\"><p>MASQUERADE Tem\u00e1tica inspirada en el carnaval mas importante de Europa, el carnaval veneciano, conocido por su elegancia y su antig\u00fcedad. Movimientos lentos y elegantes caracterizan <a class=\"mh-excerpt-more\" href=\"https:\/\/eveniments.es\/home\/servicios\/performance\/masquerade\" title=\"Masquerade\">[&#8230;]<\/a><\/p>\n<\/div>","protected":false},"author":1,"featured_media":0,"parent":1438,"menu_order":0,"comment_status":"closed","ping_status":"closed","template":"template-full.php","meta":{"footnotes":""},"class_list":["post-1709","page","type-page","status-publish","hentry"],"_links":{"self":[{"href":"https:\/\/eveniments.es\/home\/wp-json\/wp\/v2\/pages\/1709","targetHints":{"allow":["GET"]}}],"collection":[{"href":"https:\/\/eveniments.es\/home\/wp-json\/wp\/v2\/pages"}],"about":[{"href":"https:\/\/eveniments.es\/home\/wp-json\/wp\/v2\/types\/page"}],"author":[{"embeddable":true,"href":"https:\/\/eveniments.es\/home\/wp-json\/wp\/v2\/users\/1"}],"replies":[{"embeddable":true,"href":"https:\/\/eveniments.es\/home\/wp-json\/wp\/v2\/comments?post=1709"}],"version-history":[{"count":5,"href":"https:\/\/eveniments.es\/home\/wp-json\/wp\/v2\/pages\/1709\/revisions"}],"predecessor-version":[{"id":3159,"href":"https:\/\/eveniments.es\/home\/wp-json\/wp\/v2\/pages\/1709\/revisions\/3159"}],"up":[{"embeddable":true,"href":"https:\/\/eveniments.es\/home\/wp-json\/wp\/v2\/pages\/1438"}],"wp:attachment":[{"href":"https:\/\/eveniments.es\/home\/wp-json\/wp\/v2\/media?parent=1709"}],"curies":[{"name":"wp","href":"https:\/\/api.w.org\/{rel}","templated":true}]}}