{"id":2121,"date":"2020-06-01T19:03:18","date_gmt":"2020-06-01T19:03:18","guid":{"rendered":"http:\/\/eveniments.es\/?page_id=2121"},"modified":"2020-06-30T13:32:56","modified_gmt":"2020-06-30T13:32:56","slug":"ferias-y-eventos","status":"publish","type":"page","link":"https:\/\/eveniments.es\/home\/ferias-y-eventos","title":{"rendered":"Ferias y eventos"},"content":{"rendered":"<p>Desde Eveniments ofrecemos todos los productos que requiere el mercado ferial para realizar eventos o espacios de representaci\u00f3n. Proponemos stands de dise\u00f1o y modulares, carpas,haimas, casetas, escenarios, iluminaci\u00f3n, tarimas, moquetas y cualquier elemento necesario.<\/p>\n<p>Facilitamos y gestionamos los servicios complementarios que requiere cualquier evento o feria. Desde azafatas, imagen corporativa, seguridad,limpieza,dinamizaci\u00f3n,espect\u00e1culos,publicidad,impresi\u00f3n,pagina web o blog&nbsp; y todo el abanico de necesidades para su evento.<\/p>\n<p>[pdf-embedder url=\u00bbhttp:\/\/eveniments.es\/wp-content\/uploads\/2020\/06\/Eveniments-ferias-Copiar.pdf\u00bb title=\u00bbEveniments ferias-Copiar\u00bb]<\/p>\n<p><a href=\"http:\/\/eveniments.es\/wp-content\/uploads\/2020\/06\/Eveniments-ferias-Copiar.pdf\">Descargar PDF<\/a><\/p>\n\n\n<figure class=\"wp-block-gallery columns-0 is-cropped wp-block-gallery-1 is-layout-flex wp-block-gallery-is-layout-flex\"><\/figure>\n","protected":false},"excerpt":{"rendered":"<div class=\"mh-excerpt\"><p>Desde Eveniments ofrecemos todos los productos que requiere el mercado ferial para realizar eventos o espacios de representaci\u00f3n. Proponemos stands de dise\u00f1o y modulares, carpas,haimas, <a class=\"mh-excerpt-more\" href=\"https:\/\/eveniments.es\/home\/ferias-y-eventos\" title=\"Ferias y eventos\">[&#8230;]<\/a><\/p>\n<\/div>","protected":false},"author":1,"featured_media":0,"parent":0,"menu_order":0,"comment_status":"closed","ping_status":"closed","template":"template-full.php","meta":{"footnotes":""},"class_list":["post-2121","page","type-page","status-publish","hentry"],"_links":{"self":[{"href":"https:\/\/eveniments.es\/home\/wp-json\/wp\/v2\/pages\/2121","targetHints":{"allow":["GET"]}}],"collection":[{"href":"https:\/\/eveniments.es\/home\/wp-json\/wp\/v2\/pages"}],"about":[{"href":"https:\/\/eveniments.es\/home\/wp-json\/wp\/v2\/types\/page"}],"author":[{"embeddable":true,"href":"https:\/\/eveniments.es\/home\/wp-json\/wp\/v2\/users\/1"}],"replies":[{"embeddable":true,"href":"https:\/\/eveniments.es\/home\/wp-json\/wp\/v2\/comments?post=2121"}],"version-history":[{"count":3,"href":"https:\/\/eveniments.es\/home\/wp-json\/wp\/v2\/pages\/2121\/revisions"}],"predecessor-version":[{"id":2126,"href":"https:\/\/eveniments.es\/home\/wp-json\/wp\/v2\/pages\/2121\/revisions\/2126"}],"wp:attachment":[{"href":"https:\/\/eveniments.es\/home\/wp-json\/wp\/v2\/media?parent=2121"}],"curies":[{"name":"wp","href":"https:\/\/api.w.org\/{rel}","templated":true}]}}