{"id":2176,"date":"2020-06-19T06:01:23","date_gmt":"2020-06-19T06:01:23","guid":{"rendered":"https:\/\/eveniments.es\/?page_id=2176"},"modified":"2020-06-30T16:01:57","modified_gmt":"2020-06-30T16:01:57","slug":"voluminaires","status":"publish","type":"page","link":"https:\/\/eveniments.es\/home\/voluminaires","title":{"rendered":"Voluminaires"},"content":{"rendered":"<p>Un baile de formas y seres irreales repletos de imaginaci\u00f3n, que se transforman en luces y sombras, en sorpresa e im\u00e1genes, sonidos de extra\u00f1as sensaciones y animales de incre\u00edble destreza. Un viaje a trav\u00e9s del tiempo donde se exhibir\u00e1n los freaks del futuro. Juegan con las formas de estos seres irreales en el que cada uno tiene su peculiaridad y tambi\u00e9n con los colores, &nbsp;unos utilizando un \u00fanico color y otros mezclando algunos colores. Varios de ellos alcanzan aproximadamente los tres meros de altura.<\/p>\n<p><img loading=\"lazy\" decoding=\"async\" class=\"alignnone wp-image-3182\" src=\"https:\/\/eveniments.es\/wp-content\/uploads\/2020\/06\/Voluminaires-300x269.jpg\" alt=\"\" width=\"1024\" height=\"920\" srcset=\"https:\/\/eveniments.es\/wp-content\/uploads\/2020\/06\/Voluminaires-300x269.jpg 300w, https:\/\/eveniments.es\/wp-content\/uploads\/2020\/06\/Voluminaires.jpg 688w\" sizes=\"auto, (max-width: 1024px) 100vw, 1024px\" \/><\/p>\n<p><iframe loading=\"lazy\" title=\"Voluminaires\" width=\"500\" height=\"281\" src=\"https:\/\/www.youtube.com\/embed\/kLtEDft2dhQ?feature=oembed\" frameborder=\"0\" allow=\"accelerometer; autoplay; clipboard-write; encrypted-media; gyroscope; picture-in-picture; web-share\" referrerpolicy=\"strict-origin-when-cross-origin\" allowfullscreen><\/iframe><\/p>\n<p>&nbsp;<\/p>\n","protected":false},"excerpt":{"rendered":"<div class=\"mh-excerpt\"><p>Un baile de formas y seres irreales repletos de imaginaci\u00f3n, que se transforman en luces y sombras, en sorpresa e im\u00e1genes, sonidos de extra\u00f1as sensaciones <a class=\"mh-excerpt-more\" href=\"https:\/\/eveniments.es\/home\/voluminaires\" title=\"Voluminaires\">[&#8230;]<\/a><\/p>\n<\/div>","protected":false},"author":1,"featured_media":0,"parent":0,"menu_order":0,"comment_status":"closed","ping_status":"closed","template":"template-full.php","meta":{"footnotes":""},"class_list":["post-2176","page","type-page","status-publish","hentry"],"_links":{"self":[{"href":"https:\/\/eveniments.es\/home\/wp-json\/wp\/v2\/pages\/2176","targetHints":{"allow":["GET"]}}],"collection":[{"href":"https:\/\/eveniments.es\/home\/wp-json\/wp\/v2\/pages"}],"about":[{"href":"https:\/\/eveniments.es\/home\/wp-json\/wp\/v2\/types\/page"}],"author":[{"embeddable":true,"href":"https:\/\/eveniments.es\/home\/wp-json\/wp\/v2\/users\/1"}],"replies":[{"embeddable":true,"href":"https:\/\/eveniments.es\/home\/wp-json\/wp\/v2\/comments?post=2176"}],"version-history":[{"count":2,"href":"https:\/\/eveniments.es\/home\/wp-json\/wp\/v2\/pages\/2176\/revisions"}],"predecessor-version":[{"id":3183,"href":"https:\/\/eveniments.es\/home\/wp-json\/wp\/v2\/pages\/2176\/revisions\/3183"}],"wp:attachment":[{"href":"https:\/\/eveniments.es\/home\/wp-json\/wp\/v2\/media?parent=2176"}],"curies":[{"name":"wp","href":"https:\/\/api.w.org\/{rel}","templated":true}]}}