{"id":2182,"date":"2020-06-19T06:12:02","date_gmt":"2020-06-19T06:12:02","guid":{"rendered":"https:\/\/eveniments.es\/?page_id=2182"},"modified":"2020-06-30T13:52:09","modified_gmt":"2020-06-30T13:52:09","slug":"vegetas","status":"publish","type":"page","link":"https:\/\/eveniments.es\/home\/vegetas","title":{"rendered":"Vegetas"},"content":{"rendered":"<p class=\"p1\"><span class=\"s1\">Animaci\u00f3n&nbsp; que representan la vegetaci\u00f3n. Su vestuario est\u00e1 tan logrado que se<span class=\"Apple-converted-space\">&nbsp;&nbsp;<\/span>camuflan perfectamente en cualquier espacio que haya estos elementos.Se adaptan a la necesidad del cliente pero podemos proponer lo siguiente:<\/span><\/p>\n<ul class=\"ul1\">\n<li class=\"li3\"><span class=\"s1\">Antes de empezar la cena mientras llegan los invitados como factor sorpresa pueden en recepci\u00f3n para<span class=\"Apple-converted-space\">&nbsp;&nbsp;<\/span>recibirlos<\/span><\/li>\n<li class=\"li4\"><span class=\"s1\">Durante la cena o entrega de premios pueden interactuar haciendo pases<span class=\"Apple-converted-space\">&nbsp;&nbsp;<\/span>de unos 20 min aprox. para no cargar mucho y aprovechar y todo aquel que<span class=\"Apple-converted-space\">&nbsp;&nbsp;<\/span>quiera puede realizarse fotos con los personajes.<\/span><\/li>\n<\/ul>\n<p><strong>INCLUYE:<\/strong><\/p>\n<ul>\n<li>4 personajes<\/li>\n<\/ul>\n<p><img loading=\"lazy\" decoding=\"async\" class=\"alignnone wp-image-2183 size-full\" src=\"https:\/\/eveniments.es\/wp-content\/uploads\/2020\/06\/Vegetas-1.jpg\" alt=\"\" width=\"800\" height=\"534\" srcset=\"https:\/\/eveniments.es\/wp-content\/uploads\/2020\/06\/Vegetas-1.jpg 800w, https:\/\/eveniments.es\/wp-content\/uploads\/2020\/06\/Vegetas-1-300x200.jpg 300w, https:\/\/eveniments.es\/wp-content\/uploads\/2020\/06\/Vegetas-1-768x513.jpg 768w\" sizes=\"auto, (max-width: 800px) 100vw, 800px\" \/><img loading=\"lazy\" decoding=\"async\" class=\"alignnone wp-image-2184 size-full\" src=\"https:\/\/eveniments.es\/wp-content\/uploads\/2020\/06\/Vegetas-2.jpg\" alt=\"\" width=\"800\" height=\"533\" srcset=\"https:\/\/eveniments.es\/wp-content\/uploads\/2020\/06\/Vegetas-2.jpg 800w, https:\/\/eveniments.es\/wp-content\/uploads\/2020\/06\/Vegetas-2-300x200.jpg 300w, https:\/\/eveniments.es\/wp-content\/uploads\/2020\/06\/Vegetas-2-768x512.jpg 768w\" sizes=\"auto, (max-width: 800px) 100vw, 800px\" \/><img loading=\"lazy\" decoding=\"async\" class=\"alignnone wp-image-2185 size-full\" src=\"https:\/\/eveniments.es\/wp-content\/uploads\/2020\/06\/Vegetas-3.jpg\" alt=\"\" width=\"800\" height=\"532\" srcset=\"https:\/\/eveniments.es\/wp-content\/uploads\/2020\/06\/Vegetas-3.jpg 800w, https:\/\/eveniments.es\/wp-content\/uploads\/2020\/06\/Vegetas-3-300x200.jpg 300w, https:\/\/eveniments.es\/wp-content\/uploads\/2020\/06\/Vegetas-3-768x511.jpg 768w\" sizes=\"auto, (max-width: 800px) 100vw, 800px\" \/><\/p>\n","protected":false},"excerpt":{"rendered":"<div class=\"mh-excerpt\"><p>Animaci\u00f3n&nbsp; que representan la vegetaci\u00f3n. Su vestuario est\u00e1 tan logrado que se&nbsp;&nbsp;camuflan perfectamente en cualquier espacio que haya estos elementos.Se adaptan a la necesidad del <a class=\"mh-excerpt-more\" href=\"https:\/\/eveniments.es\/home\/vegetas\" title=\"Vegetas\">[&#8230;]<\/a><\/p>\n<\/div>","protected":false},"author":1,"featured_media":0,"parent":0,"menu_order":0,"comment_status":"closed","ping_status":"closed","template":"template-full.php","meta":{"footnotes":""},"class_list":["post-2182","page","type-page","status-publish","hentry"],"_links":{"self":[{"href":"https:\/\/eveniments.es\/home\/wp-json\/wp\/v2\/pages\/2182","targetHints":{"allow":["GET"]}}],"collection":[{"href":"https:\/\/eveniments.es\/home\/wp-json\/wp\/v2\/pages"}],"about":[{"href":"https:\/\/eveniments.es\/home\/wp-json\/wp\/v2\/types\/page"}],"author":[{"embeddable":true,"href":"https:\/\/eveniments.es\/home\/wp-json\/wp\/v2\/users\/1"}],"replies":[{"embeddable":true,"href":"https:\/\/eveniments.es\/home\/wp-json\/wp\/v2\/comments?post=2182"}],"version-history":[{"count":1,"href":"https:\/\/eveniments.es\/home\/wp-json\/wp\/v2\/pages\/2182\/revisions"}],"predecessor-version":[{"id":2186,"href":"https:\/\/eveniments.es\/home\/wp-json\/wp\/v2\/pages\/2182\/revisions\/2186"}],"wp:attachment":[{"href":"https:\/\/eveniments.es\/home\/wp-json\/wp\/v2\/media?parent=2182"}],"curies":[{"name":"wp","href":"https:\/\/api.w.org\/{rel}","templated":true}]}}