{"id":2188,"date":"2020-06-19T06:18:34","date_gmt":"2020-06-19T06:18:34","guid":{"rendered":"https:\/\/eveniments.es\/?page_id=2188"},"modified":"2020-06-30T13:51:38","modified_gmt":"2020-06-30T13:51:38","slug":"tuberias","status":"publish","type":"page","link":"https:\/\/eveniments.es\/home\/tuberias","title":{"rendered":"Tuber\u00edas"},"content":{"rendered":"<p>Como un espect\u00e1culo apocal\u00edptico, Eveniments&nbsp;encuentra en&nbsp;<em>\u201cTuber\u00edas\u201d<\/em>&nbsp;una narrativa visual que sorprende al descubrir el potencial de simples cacharros met\u00e1licos.<\/p>\n<p>M\u00fasica en vivo, una escenograf\u00eda met\u00e1lica a modo de esqueleto de metal, y personajes con caracter\u00edsticas de viaje, nos invitan a sumergirnos a este subterr\u00e1neo mundo donde pareciera que los sue\u00f1os nos invaden.<\/p>\n<p>Con un ritmo alegre, el juego de los actores en escena permiten que la trama llegue a un buen desenlace, pues este espect\u00e1culo tiene un importante gui\u00f3n donde menciona la importancia del agua.<\/p>\n<p>Con la posibilidad de desarrollar el espect\u00e1culo fijo o en movimiento,&nbsp;<em>\u201ctuber\u00edas\u201d<\/em>, transmite su mensaje transparente y claro, como el l\u00edquido preciado que quieren ense\u00f1arnos a cuidar. \u00bfAceptas?<\/p>\n<p><img loading=\"lazy\" decoding=\"async\" class=\"alignnone wp-image-2190 size-full\" src=\"https:\/\/eveniments.es\/wp-content\/uploads\/2020\/06\/tuberias-zancudos.jpg\" alt=\"\" width=\"800\" height=\"533\" srcset=\"https:\/\/eveniments.es\/wp-content\/uploads\/2020\/06\/tuberias-zancudos.jpg 800w, https:\/\/eveniments.es\/wp-content\/uploads\/2020\/06\/tuberias-zancudos-300x200.jpg 300w, https:\/\/eveniments.es\/wp-content\/uploads\/2020\/06\/tuberias-zancudos-768x512.jpg 768w\" sizes=\"auto, (max-width: 800px) 100vw, 800px\" \/><\/p>\n<p><img loading=\"lazy\" decoding=\"async\" class=\"alignnone wp-image-2189 size-full\" src=\"https:\/\/eveniments.es\/wp-content\/uploads\/2020\/06\/tuberias-zancos.jpg\" alt=\"\" width=\"800\" height=\"533\" srcset=\"https:\/\/eveniments.es\/wp-content\/uploads\/2020\/06\/tuberias-zancos.jpg 800w, https:\/\/eveniments.es\/wp-content\/uploads\/2020\/06\/tuberias-zancos-300x200.jpg 300w, https:\/\/eveniments.es\/wp-content\/uploads\/2020\/06\/tuberias-zancos-768x512.jpg 768w\" sizes=\"auto, (max-width: 800px) 100vw, 800px\" \/><img loading=\"lazy\" decoding=\"async\" class=\"alignnone wp-image-2191 size-full\" src=\"https:\/\/eveniments.es\/wp-content\/uploads\/2020\/06\/zancos-tuberias.jpg\" alt=\"\" width=\"800\" height=\"533\" srcset=\"https:\/\/eveniments.es\/wp-content\/uploads\/2020\/06\/zancos-tuberias.jpg 800w, https:\/\/eveniments.es\/wp-content\/uploads\/2020\/06\/zancos-tuberias-300x200.jpg 300w, https:\/\/eveniments.es\/wp-content\/uploads\/2020\/06\/zancos-tuberias-768x512.jpg 768w\" sizes=\"auto, (max-width: 800px) 100vw, 800px\" \/><\/p>\n","protected":false},"excerpt":{"rendered":"<div class=\"mh-excerpt\"><p>Como un espect\u00e1culo apocal\u00edptico, Eveniments&nbsp;encuentra en&nbsp;\u201cTuber\u00edas\u201d&nbsp;una narrativa visual que sorprende al descubrir el potencial de simples cacharros met\u00e1licos. M\u00fasica en vivo, una escenograf\u00eda met\u00e1lica a <a class=\"mh-excerpt-more\" href=\"https:\/\/eveniments.es\/home\/tuberias\" title=\"Tuber\u00edas\">[&#8230;]<\/a><\/p>\n<\/div>","protected":false},"author":1,"featured_media":0,"parent":0,"menu_order":0,"comment_status":"closed","ping_status":"closed","template":"template-full.php","meta":{"footnotes":""},"class_list":["post-2188","page","type-page","status-publish","hentry"],"_links":{"self":[{"href":"https:\/\/eveniments.es\/home\/wp-json\/wp\/v2\/pages\/2188","targetHints":{"allow":["GET"]}}],"collection":[{"href":"https:\/\/eveniments.es\/home\/wp-json\/wp\/v2\/pages"}],"about":[{"href":"https:\/\/eveniments.es\/home\/wp-json\/wp\/v2\/types\/page"}],"author":[{"embeddable":true,"href":"https:\/\/eveniments.es\/home\/wp-json\/wp\/v2\/users\/1"}],"replies":[{"embeddable":true,"href":"https:\/\/eveniments.es\/home\/wp-json\/wp\/v2\/comments?post=2188"}],"version-history":[{"count":1,"href":"https:\/\/eveniments.es\/home\/wp-json\/wp\/v2\/pages\/2188\/revisions"}],"predecessor-version":[{"id":2192,"href":"https:\/\/eveniments.es\/home\/wp-json\/wp\/v2\/pages\/2188\/revisions\/2192"}],"wp:attachment":[{"href":"https:\/\/eveniments.es\/home\/wp-json\/wp\/v2\/media?parent=2188"}],"curies":[{"name":"wp","href":"https:\/\/api.w.org\/{rel}","templated":true}]}}