{"id":2203,"date":"2020-06-19T09:03:23","date_gmt":"2020-06-19T09:03:23","guid":{"rendered":"https:\/\/eveniments.es\/?page_id=2203"},"modified":"2020-06-30T13:51:00","modified_gmt":"2020-06-30T13:51:00","slug":"the-world-of-tomorrow","status":"publish","type":"page","link":"https:\/\/eveniments.es\/home\/the-world-of-tomorrow","title":{"rendered":"The World of Tomorrow"},"content":{"rendered":"<p>A trav\u00e9s de&nbsp;<strong>TIME MACHINE<\/strong>&nbsp;(La m\u00e1quina del Tiempo) un grupo de<strong>&nbsp;SERES CIBERN\u00c9TICOS<\/strong>&nbsp;provenientes de otra galaxia vienen a explorar nuestro mundo en busca de respuestas que les ayuden a sentir emociones y sentimientos. Estos seres probar\u00e1n de primera mano todo lo que hacen los seres humanos en la Tierra hasta dar con la clave.<\/p>\n<p>Entre los personajes encontraremos al&nbsp;<strong>AVE GU\u00cdA<\/strong>&nbsp;(marioneta a\u00e9rea) encargada de abrir paso a la comitiva, sobrevolando las cabezas de los asistentes, en el planeta Tierra. Tripulando al resto del equipo estar\u00e1 el&nbsp;<strong>MASTER ROBOT<\/strong>, due\u00f1o y se\u00f1or del planeta del que provienen y encargado del \u00e9xito de la misi\u00f3n.<\/p>\n<p>Junto a \u00e9l encontramos a sus dos fieles ayudantes, dos hermosas&nbsp;<strong>BAILARINAS CIBERN\u00c9TICAS<\/strong>&nbsp; de proporciones perfectas. Ellas probar\u00e1n las emociones del amor, para ello entre otras cosas seducir\u00e1n a los humanos.<\/p>\n<p>\u00bfSer\u00e1n capaces de seducirles imitando la sensualidad de las mujeres de la Tierra?<\/p>\n<p>Con su experimento analizar\u00e1n el comportamiento y morfolog\u00eda de la raza humana.<\/p>\n<p><strong>VESTUARIO:<\/strong><\/p>\n<p>Los colores protagonistas son el blanco puro y plateado. Como elementos principales encontramos los cristales de espejo, la pedrer\u00eda plateada, cadenas de strass brillante y pantallas de metacrilato cromadas. Todo ello unido crea un aspecto vanguardista, elegante y sexy.<\/p>\n<p><strong>ARTISTAS:<\/strong><\/p>\n<ul>\n<li>Master Robot<\/li>\n<li>Dos bailarinas cibern\u00e9ticas<\/li>\n<li>Marioneta a\u00e9rea retroiluminada<\/li>\n<li>Time Machine<\/li>\n<li>Carro de sonido<\/li>\n<\/ul>\n<p><strong>ARTISTAS ADICIONALES<\/strong><\/p>\n<p>6 a 8 percusionistas cibern\u00e9ticos con vestuarios y bater\u00edas led.<\/p>\n<p><strong>PASES HABITUALES<\/strong><\/p>\n<p>Se realizan apariciones interactivas adaptadas a cada evento en la que sumergimos al espectador dentro de la tem\u00e1tica, inundando sus cinco sentidos con la espectacular puesta en escena.<\/p>\n<p><strong>Estos son los pases habituales:<\/strong><\/p>\n<ul>\n<li>Recepci\u00f3n invitados<\/li>\n<li>Pasacalle interactivo<\/li>\n<li>Pasacalle interactivo con Leds<\/li>\n<\/ul>\n<p><img loading=\"lazy\" decoding=\"async\" class=\"alignnone wp-image-2723 size-full\" src=\"https:\/\/eveniments.es\/wp-content\/uploads\/2020\/06\/the-world2.jpg\" alt=\"\" width=\"1125\" height=\"781\" srcset=\"https:\/\/eveniments.es\/wp-content\/uploads\/2020\/06\/the-world2.jpg 1125w, https:\/\/eveniments.es\/wp-content\/uploads\/2020\/06\/the-world2-300x208.jpg 300w, https:\/\/eveniments.es\/wp-content\/uploads\/2020\/06\/the-world2-1024x711.jpg 1024w, https:\/\/eveniments.es\/wp-content\/uploads\/2020\/06\/the-world2-768x533.jpg 768w\" sizes=\"auto, (max-width: 1125px) 100vw, 1125px\" \/><\/p>\n<p><img loading=\"lazy\" decoding=\"async\" class=\"alignnone wp-image-2722\" src=\"https:\/\/eveniments.es\/wp-content\/uploads\/2020\/06\/the-worls3-300x197.jpg\" alt=\"\" width=\"1025\" height=\"674\" srcset=\"https:\/\/eveniments.es\/wp-content\/uploads\/2020\/06\/the-worls3-300x197.jpg 300w, https:\/\/eveniments.es\/wp-content\/uploads\/2020\/06\/the-worls3-768x505.jpg 768w, https:\/\/eveniments.es\/wp-content\/uploads\/2020\/06\/the-worls3.jpg 872w\" sizes=\"auto, (max-width: 1025px) 100vw, 1025px\" \/><img loading=\"lazy\" decoding=\"async\" class=\"alignnone wp-image-2724\" src=\"https:\/\/eveniments.es\/wp-content\/uploads\/2020\/06\/the-world1-300x205.jpg\" alt=\"\" width=\"1025\" height=\"701\" srcset=\"https:\/\/eveniments.es\/wp-content\/uploads\/2020\/06\/the-world1-300x205.jpg 300w, https:\/\/eveniments.es\/wp-content\/uploads\/2020\/06\/the-world1-1024x700.jpg 1024w, https:\/\/eveniments.es\/wp-content\/uploads\/2020\/06\/the-world1-768x525.jpg 768w, https:\/\/eveniments.es\/wp-content\/uploads\/2020\/06\/the-world1.jpg 1154w\" sizes=\"auto, (max-width: 1025px) 100vw, 1025px\" \/><\/p>\n<p><iframe loading=\"lazy\" title=\"Time Machine\" width=\"500\" height=\"281\" src=\"https:\/\/www.youtube.com\/embed\/8sb__bcStWQ?feature=oembed\" frameborder=\"0\" allow=\"accelerometer; autoplay; clipboard-write; encrypted-media; gyroscope; picture-in-picture; web-share\" referrerpolicy=\"strict-origin-when-cross-origin\" allowfullscreen><\/iframe><\/p>\n<p>&nbsp;<\/p>\n","protected":false},"excerpt":{"rendered":"<div class=\"mh-excerpt\"><p>A trav\u00e9s de&nbsp;TIME MACHINE&nbsp;(La m\u00e1quina del Tiempo) un grupo de&nbsp;SERES CIBERN\u00c9TICOS&nbsp;provenientes de otra galaxia vienen a explorar nuestro mundo en busca de respuestas que les <a class=\"mh-excerpt-more\" href=\"https:\/\/eveniments.es\/home\/the-world-of-tomorrow\" title=\"The World of Tomorrow\">[&#8230;]<\/a><\/p>\n<\/div>","protected":false},"author":1,"featured_media":0,"parent":0,"menu_order":0,"comment_status":"closed","ping_status":"closed","template":"template-full.php","meta":{"footnotes":""},"class_list":["post-2203","page","type-page","status-publish","hentry"],"_links":{"self":[{"href":"https:\/\/eveniments.es\/home\/wp-json\/wp\/v2\/pages\/2203","targetHints":{"allow":["GET"]}}],"collection":[{"href":"https:\/\/eveniments.es\/home\/wp-json\/wp\/v2\/pages"}],"about":[{"href":"https:\/\/eveniments.es\/home\/wp-json\/wp\/v2\/types\/page"}],"author":[{"embeddable":true,"href":"https:\/\/eveniments.es\/home\/wp-json\/wp\/v2\/users\/1"}],"replies":[{"embeddable":true,"href":"https:\/\/eveniments.es\/home\/wp-json\/wp\/v2\/comments?post=2203"}],"version-history":[{"count":2,"href":"https:\/\/eveniments.es\/home\/wp-json\/wp\/v2\/pages\/2203\/revisions"}],"predecessor-version":[{"id":2726,"href":"https:\/\/eveniments.es\/home\/wp-json\/wp\/v2\/pages\/2203\/revisions\/2726"}],"wp:attachment":[{"href":"https:\/\/eveniments.es\/home\/wp-json\/wp\/v2\/media?parent=2203"}],"curies":[{"name":"wp","href":"https:\/\/api.w.org\/{rel}","templated":true}]}}