{"id":2206,"date":"2020-06-19T09:16:07","date_gmt":"2020-06-19T09:16:07","guid":{"rendered":"https:\/\/eveniments.es\/?page_id=2206"},"modified":"2020-06-30T13:50:45","modified_gmt":"2020-06-30T13:50:45","slug":"star-lights-mariposas","status":"publish","type":"page","link":"https:\/\/eveniments.es\/home\/star-lights-mariposas","title":{"rendered":"Star Lights (Mariposas)"},"content":{"rendered":"<p>Un espect\u00e1culo&nbsp; pasacalles que nos transporta a un mundo fant\u00e1stico con seres de un imaginario deslumbrante. Grupo de cuatro mariposas y cuatro estrellas que con sus coreograf\u00edas hacen volar la imaginaci\u00f3n hacia un mundo m\u00e1gico y lleno de luz.<\/p>\n<p>Star light, un espect\u00e1culo contempor\u00e1neo y visual que cautiva y nos hace so\u00f1ar despiertos.<\/p>\n<p>Ideal para pasacalles y bienvenidas de eventos.<\/p>\n<p><img loading=\"lazy\" decoding=\"async\" class=\"alignnone wp-image-2207 size-full\" src=\"https:\/\/eveniments.es\/wp-content\/uploads\/2020\/06\/MARIPOSAS-2.jpg\" alt=\"\" width=\"552\" height=\"366\" srcset=\"https:\/\/eveniments.es\/wp-content\/uploads\/2020\/06\/MARIPOSAS-2.jpg 552w, https:\/\/eveniments.es\/wp-content\/uploads\/2020\/06\/MARIPOSAS-2-300x199.jpg 300w\" sizes=\"auto, (max-width: 552px) 100vw, 552px\" \/><\/p>\n<p><img loading=\"lazy\" decoding=\"async\" class=\"alignnone wp-image-2209 size-full\" src=\"https:\/\/eveniments.es\/wp-content\/uploads\/2020\/06\/MARIPOSAS-4.jpg\" alt=\"\" width=\"552\" height=\"366\" srcset=\"https:\/\/eveniments.es\/wp-content\/uploads\/2020\/06\/MARIPOSAS-4.jpg 552w, https:\/\/eveniments.es\/wp-content\/uploads\/2020\/06\/MARIPOSAS-4-300x199.jpg 300w\" sizes=\"auto, (max-width: 552px) 100vw, 552px\" \/><\/p>\n<p><img loading=\"lazy\" decoding=\"async\" class=\"alignnone wp-image-2208 size-full\" src=\"https:\/\/eveniments.es\/wp-content\/uploads\/2020\/06\/MARIPOSAS-3.jpg\" alt=\"\" width=\"552\" height=\"366\" srcset=\"https:\/\/eveniments.es\/wp-content\/uploads\/2020\/06\/MARIPOSAS-3.jpg 552w, https:\/\/eveniments.es\/wp-content\/uploads\/2020\/06\/MARIPOSAS-3-300x199.jpg 300w\" sizes=\"auto, (max-width: 552px) 100vw, 552px\" \/><\/p>\n<p>&nbsp;<\/p>\n","protected":false},"excerpt":{"rendered":"<div class=\"mh-excerpt\"><p>Un espect\u00e1culo&nbsp; pasacalles que nos transporta a un mundo fant\u00e1stico con seres de un imaginario deslumbrante. Grupo de cuatro mariposas y cuatro estrellas que con <a class=\"mh-excerpt-more\" href=\"https:\/\/eveniments.es\/home\/star-lights-mariposas\" title=\"Star Lights (Mariposas)\">[&#8230;]<\/a><\/p>\n<\/div>","protected":false},"author":1,"featured_media":0,"parent":0,"menu_order":0,"comment_status":"closed","ping_status":"closed","template":"template-full.php","meta":{"footnotes":""},"class_list":["post-2206","page","type-page","status-publish","hentry"],"_links":{"self":[{"href":"https:\/\/eveniments.es\/home\/wp-json\/wp\/v2\/pages\/2206","targetHints":{"allow":["GET"]}}],"collection":[{"href":"https:\/\/eveniments.es\/home\/wp-json\/wp\/v2\/pages"}],"about":[{"href":"https:\/\/eveniments.es\/home\/wp-json\/wp\/v2\/types\/page"}],"author":[{"embeddable":true,"href":"https:\/\/eveniments.es\/home\/wp-json\/wp\/v2\/users\/1"}],"replies":[{"embeddable":true,"href":"https:\/\/eveniments.es\/home\/wp-json\/wp\/v2\/comments?post=2206"}],"version-history":[{"count":1,"href":"https:\/\/eveniments.es\/home\/wp-json\/wp\/v2\/pages\/2206\/revisions"}],"predecessor-version":[{"id":2210,"href":"https:\/\/eveniments.es\/home\/wp-json\/wp\/v2\/pages\/2206\/revisions\/2210"}],"wp:attachment":[{"href":"https:\/\/eveniments.es\/home\/wp-json\/wp\/v2\/media?parent=2206"}],"curies":[{"name":"wp","href":"https:\/\/api.w.org\/{rel}","templated":true}]}}