{"id":2212,"date":"2020-06-19T09:26:13","date_gmt":"2020-06-19T09:26:13","guid":{"rendered":"https:\/\/eveniments.es\/?page_id=2212"},"modified":"2020-06-30T17:56:28","modified_gmt":"2020-06-30T17:56:28","slug":"sacrificio-tribal","status":"publish","type":"page","link":"https:\/\/eveniments.es\/home\/sacrificio-tribal","title":{"rendered":"Sacrificio Tribal"},"content":{"rendered":"<p>Espect\u00e1culo colorido de tem\u00e1tica tribal. Una coreograf\u00eda llena de fuerza, energ\u00eda y ritmo que simular\u00e1 la preparaci\u00f3n de la muerte de la prisionera a manos de una tribu africana.<\/p>\n<p><img loading=\"lazy\" decoding=\"async\" class=\"alignnone wp-image-2213\" src=\"https:\/\/eveniments.es\/wp-content\/uploads\/2020\/06\/1-60x90-CUERNOS-ok_721-1024x682-1.jpg\" alt=\"\" width=\"1024\" height=\"751\" srcset=\"https:\/\/eveniments.es\/wp-content\/uploads\/2020\/06\/1-60x90-CUERNOS-ok_721-1024x682-1.jpg 740w, https:\/\/eveniments.es\/wp-content\/uploads\/2020\/06\/1-60x90-CUERNOS-ok_721-1024x682-1-300x220.jpg 300w, https:\/\/eveniments.es\/wp-content\/uploads\/2020\/06\/1-60x90-CUERNOS-ok_721-1024x682-1-80x60.jpg 80w\" sizes=\"auto, (max-width: 1024px) 100vw, 1024px\" \/><img loading=\"lazy\" decoding=\"async\" class=\"alignnone wp-image-2214\" src=\"https:\/\/eveniments.es\/wp-content\/uploads\/2020\/06\/sacrificio-cuernos-2_72-595x396-1.jpg\" alt=\"\" width=\"1024\" height=\"752\" srcset=\"https:\/\/eveniments.es\/wp-content\/uploads\/2020\/06\/sacrificio-cuernos-2_72-595x396-1.jpg 539w, https:\/\/eveniments.es\/wp-content\/uploads\/2020\/06\/sacrificio-cuernos-2_72-595x396-1-300x220.jpg 300w, https:\/\/eveniments.es\/wp-content\/uploads\/2020\/06\/sacrificio-cuernos-2_72-595x396-1-80x60.jpg 80w\" sizes=\"auto, (max-width: 1024px) 100vw, 1024px\" \/><\/p>\n","protected":false},"excerpt":{"rendered":"<div class=\"mh-excerpt\"><p>Espect\u00e1culo colorido de tem\u00e1tica tribal. Una coreograf\u00eda llena de fuerza, energ\u00eda y ritmo que simular\u00e1 la preparaci\u00f3n de la muerte de la prisionera a manos <a class=\"mh-excerpt-more\" href=\"https:\/\/eveniments.es\/home\/sacrificio-tribal\" title=\"Sacrificio Tribal\">[&#8230;]<\/a><\/p>\n<\/div>","protected":false},"author":1,"featured_media":0,"parent":0,"menu_order":0,"comment_status":"closed","ping_status":"closed","template":"template-full.php","meta":{"footnotes":""},"class_list":["post-2212","page","type-page","status-publish","hentry"],"_links":{"self":[{"href":"https:\/\/eveniments.es\/home\/wp-json\/wp\/v2\/pages\/2212","targetHints":{"allow":["GET"]}}],"collection":[{"href":"https:\/\/eveniments.es\/home\/wp-json\/wp\/v2\/pages"}],"about":[{"href":"https:\/\/eveniments.es\/home\/wp-json\/wp\/v2\/types\/page"}],"author":[{"embeddable":true,"href":"https:\/\/eveniments.es\/home\/wp-json\/wp\/v2\/users\/1"}],"replies":[{"embeddable":true,"href":"https:\/\/eveniments.es\/home\/wp-json\/wp\/v2\/comments?post=2212"}],"version-history":[{"count":3,"href":"https:\/\/eveniments.es\/home\/wp-json\/wp\/v2\/pages\/2212\/revisions"}],"predecessor-version":[{"id":3281,"href":"https:\/\/eveniments.es\/home\/wp-json\/wp\/v2\/pages\/2212\/revisions\/3281"}],"wp:attachment":[{"href":"https:\/\/eveniments.es\/home\/wp-json\/wp\/v2\/media?parent=2212"}],"curies":[{"name":"wp","href":"https:\/\/api.w.org\/{rel}","templated":true}]}}