{"id":2217,"date":"2020-06-19T10:21:58","date_gmt":"2020-06-19T10:21:58","guid":{"rendered":"https:\/\/eveniments.es\/?page_id=2217"},"modified":"2020-06-30T16:26:33","modified_gmt":"2020-06-30T16:26:33","slug":"retrocirco","status":"publish","type":"page","link":"https:\/\/eveniments.es\/home\/retrocirco","title":{"rendered":"Retrocirco"},"content":{"rendered":"<p><strong>Arte y fotograf\u00eda de \u00e9poca en los dorados a\u00f1os 20<\/strong><\/p>\n<p><strong>Retrocirco<\/strong>&nbsp;es un espect\u00e1culo Itinerante, basado en la fotograf\u00eda de los a\u00f1os 20, un espect\u00e1culo muy visual y en el que se han cuidado todos los todos los detalles, vestuario, maquillaje, escenograf\u00eda movil\u2026<\/p>\n<p>El p\u00fablico acompa\u00f1ar\u00e1 a nuestro &nbsp;gran retratista, y &nbsp;a toda su troup; en este inusual paseo seguro saldr\u00e1 en algunas de sus fotograf\u00edas, y montar\u00e1 en alguno de sus fantasiosos veh\u00edculos.<\/p>\n<p>Nos encontramos con un espect\u00e1culo interactivo y cercano, en el que el p\u00fablico ser\u00e1 parte activa del mismo. Retrocirco es recomendado para calles o paseos peatonales, en el que el p\u00fablico pueda tener un contacto directo con los actores.<\/p>\n<p><img loading=\"lazy\" decoding=\"async\" class=\"alignnone wp-image-3190 size-large\" src=\"https:\/\/eveniments.es\/wp-content\/uploads\/2020\/06\/retrocirco-1-1024x586.jpg\" alt=\"\" width=\"1024\" height=\"586\" srcset=\"https:\/\/eveniments.es\/wp-content\/uploads\/2020\/06\/retrocirco-1-1024x586.jpg 1024w, https:\/\/eveniments.es\/wp-content\/uploads\/2020\/06\/retrocirco-1-300x172.jpg 300w, https:\/\/eveniments.es\/wp-content\/uploads\/2020\/06\/retrocirco-1-768x440.jpg 768w, https:\/\/eveniments.es\/wp-content\/uploads\/2020\/06\/retrocirco-1.jpg 1100w\" sizes=\"auto, (max-width: 1024px) 100vw, 1024px\" \/><\/p>\n<p><iframe loading=\"lazy\" title=\"Retrocirco\" width=\"500\" height=\"281\" src=\"https:\/\/www.youtube.com\/embed\/aS5kbVG9YS4?feature=oembed\" frameborder=\"0\" allow=\"accelerometer; autoplay; clipboard-write; encrypted-media; gyroscope; picture-in-picture; web-share\" referrerpolicy=\"strict-origin-when-cross-origin\" allowfullscreen><\/iframe><\/p>\n","protected":false},"excerpt":{"rendered":"<div class=\"mh-excerpt\"><p>Arte y fotograf\u00eda de \u00e9poca en los dorados a\u00f1os 20 Retrocirco&nbsp;es un espect\u00e1culo Itinerante, basado en la fotograf\u00eda de los a\u00f1os 20, un espect\u00e1culo muy <a class=\"mh-excerpt-more\" href=\"https:\/\/eveniments.es\/home\/retrocirco\" title=\"Retrocirco\">[&#8230;]<\/a><\/p>\n<\/div>","protected":false},"author":1,"featured_media":0,"parent":0,"menu_order":0,"comment_status":"closed","ping_status":"closed","template":"template-full.php","meta":{"footnotes":""},"class_list":["post-2217","page","type-page","status-publish","hentry"],"_links":{"self":[{"href":"https:\/\/eveniments.es\/home\/wp-json\/wp\/v2\/pages\/2217","targetHints":{"allow":["GET"]}}],"collection":[{"href":"https:\/\/eveniments.es\/home\/wp-json\/wp\/v2\/pages"}],"about":[{"href":"https:\/\/eveniments.es\/home\/wp-json\/wp\/v2\/types\/page"}],"author":[{"embeddable":true,"href":"https:\/\/eveniments.es\/home\/wp-json\/wp\/v2\/users\/1"}],"replies":[{"embeddable":true,"href":"https:\/\/eveniments.es\/home\/wp-json\/wp\/v2\/comments?post=2217"}],"version-history":[{"count":3,"href":"https:\/\/eveniments.es\/home\/wp-json\/wp\/v2\/pages\/2217\/revisions"}],"predecessor-version":[{"id":3192,"href":"https:\/\/eveniments.es\/home\/wp-json\/wp\/v2\/pages\/2217\/revisions\/3192"}],"wp:attachment":[{"href":"https:\/\/eveniments.es\/home\/wp-json\/wp\/v2\/media?parent=2217"}],"curies":[{"name":"wp","href":"https:\/\/api.w.org\/{rel}","templated":true}]}}