{"id":2225,"date":"2020-06-20T06:23:00","date_gmt":"2020-06-20T06:23:00","guid":{"rendered":"https:\/\/eveniments.es\/?page_id=2225"},"modified":"2020-06-30T13:41:09","modified_gmt":"2020-06-30T13:41:09","slug":"plan-de-vuelo","status":"publish","type":"page","link":"https:\/\/eveniments.es\/home\/plan-de-vuelo","title":{"rendered":"Plan de Vuelo"},"content":{"rendered":"<p>Este pasacalles de altos vuelos est\u00e1 formado por unos aviones hinchables llenos de color &nbsp;y muy divertidos que \u2018sobrevolar\u00e1n\u2019 por las distintas&nbsp;calles de la ciudad. Realizar\u00e1n un espect\u00e1culo sorprendente y con un \u00fanico fin que ser\u00e1 divertir al p\u00fablico.<\/p>\n<p><img loading=\"lazy\" decoding=\"async\" class=\"alignnone wp-image-2226 size-full\" src=\"https:\/\/eveniments.es\/wp-content\/uploads\/2020\/06\/Aereos-plan-de-vuelo.jpg\" alt=\"\" width=\"818\" height=\"600\" srcset=\"https:\/\/eveniments.es\/wp-content\/uploads\/2020\/06\/Aereos-plan-de-vuelo.jpg 818w, https:\/\/eveniments.es\/wp-content\/uploads\/2020\/06\/Aereos-plan-de-vuelo-300x220.jpg 300w, https:\/\/eveniments.es\/wp-content\/uploads\/2020\/06\/Aereos-plan-de-vuelo-768x563.jpg 768w, https:\/\/eveniments.es\/wp-content\/uploads\/2020\/06\/Aereos-plan-de-vuelo-80x60.jpg 80w\" sizes=\"auto, (max-width: 818px) 100vw, 818px\" \/><\/p>\n","protected":false},"excerpt":{"rendered":"<div class=\"mh-excerpt\"><p>Este pasacalles de altos vuelos est\u00e1 formado por unos aviones hinchables llenos de color &nbsp;y muy divertidos que \u2018sobrevolar\u00e1n\u2019 por las distintas&nbsp;calles de la ciudad. <a class=\"mh-excerpt-more\" href=\"https:\/\/eveniments.es\/home\/plan-de-vuelo\" title=\"Plan de Vuelo\">[&#8230;]<\/a><\/p>\n<\/div>","protected":false},"author":1,"featured_media":0,"parent":0,"menu_order":0,"comment_status":"closed","ping_status":"closed","template":"template-full.php","meta":{"footnotes":""},"class_list":["post-2225","page","type-page","status-publish","hentry"],"_links":{"self":[{"href":"https:\/\/eveniments.es\/home\/wp-json\/wp\/v2\/pages\/2225","targetHints":{"allow":["GET"]}}],"collection":[{"href":"https:\/\/eveniments.es\/home\/wp-json\/wp\/v2\/pages"}],"about":[{"href":"https:\/\/eveniments.es\/home\/wp-json\/wp\/v2\/types\/page"}],"author":[{"embeddable":true,"href":"https:\/\/eveniments.es\/home\/wp-json\/wp\/v2\/users\/1"}],"replies":[{"embeddable":true,"href":"https:\/\/eveniments.es\/home\/wp-json\/wp\/v2\/comments?post=2225"}],"version-history":[{"count":1,"href":"https:\/\/eveniments.es\/home\/wp-json\/wp\/v2\/pages\/2225\/revisions"}],"predecessor-version":[{"id":2227,"href":"https:\/\/eveniments.es\/home\/wp-json\/wp\/v2\/pages\/2225\/revisions\/2227"}],"wp:attachment":[{"href":"https:\/\/eveniments.es\/home\/wp-json\/wp\/v2\/media?parent=2225"}],"curies":[{"name":"wp","href":"https:\/\/api.w.org\/{rel}","templated":true}]}}