{"id":2229,"date":"2020-06-20T06:31:09","date_gmt":"2020-06-20T06:31:09","guid":{"rendered":"https:\/\/eveniments.es\/?page_id=2229"},"modified":"2020-06-30T15:59:19","modified_gmt":"2020-06-30T15:59:19","slug":"patruyasos","status":"publish","type":"page","link":"https:\/\/eveniments.es\/home\/patruyasos","title":{"rendered":"Patruyasos"},"content":{"rendered":"<p>Personajes exc\u00e9ntricos crear\u00e1n mundos de fantas\u00eda, risas, sorpresa, ternura y fuerza. Puro juego a trav\u00e9s de un lenguaje sencillo, transparente y directo. Se adentrar\u00e1n en un mundo desordenado que encontrar\u00e1 sentido a trav\u00e9s de juegos de malabares y magia c\u00f3mica.<\/p>\n<p>Patruyasos nos ofrece diversi\u00f3n asegurada, sorpresa, ternura, etc.<\/p>\n<p><img loading=\"lazy\" decoding=\"async\" class=\"alignnone wp-image-2230\" src=\"https:\/\/eveniments.es\/wp-content\/uploads\/2020\/06\/Patruyasos.jpg\" alt=\"\" width=\"1024\" height=\"751\" srcset=\"https:\/\/eveniments.es\/wp-content\/uploads\/2020\/06\/Patruyasos.jpg 840w, https:\/\/eveniments.es\/wp-content\/uploads\/2020\/06\/Patruyasos-300x220.jpg 300w, https:\/\/eveniments.es\/wp-content\/uploads\/2020\/06\/Patruyasos-768x563.jpg 768w, https:\/\/eveniments.es\/wp-content\/uploads\/2020\/06\/Patruyasos-80x60.jpg 80w\" sizes=\"auto, (max-width: 1024px) 100vw, 1024px\" \/><\/p>\n","protected":false},"excerpt":{"rendered":"<div class=\"mh-excerpt\"><p>Personajes exc\u00e9ntricos crear\u00e1n mundos de fantas\u00eda, risas, sorpresa, ternura y fuerza. Puro juego a trav\u00e9s de un lenguaje sencillo, transparente y directo. Se adentrar\u00e1n en <a class=\"mh-excerpt-more\" href=\"https:\/\/eveniments.es\/home\/patruyasos\" title=\"Patruyasos\">[&#8230;]<\/a><\/p>\n<\/div>","protected":false},"author":1,"featured_media":0,"parent":0,"menu_order":0,"comment_status":"closed","ping_status":"closed","template":"template-full.php","meta":{"footnotes":""},"class_list":["post-2229","page","type-page","status-publish","hentry"],"_links":{"self":[{"href":"https:\/\/eveniments.es\/home\/wp-json\/wp\/v2\/pages\/2229","targetHints":{"allow":["GET"]}}],"collection":[{"href":"https:\/\/eveniments.es\/home\/wp-json\/wp\/v2\/pages"}],"about":[{"href":"https:\/\/eveniments.es\/home\/wp-json\/wp\/v2\/types\/page"}],"author":[{"embeddable":true,"href":"https:\/\/eveniments.es\/home\/wp-json\/wp\/v2\/users\/1"}],"replies":[{"embeddable":true,"href":"https:\/\/eveniments.es\/home\/wp-json\/wp\/v2\/comments?post=2229"}],"version-history":[{"count":3,"href":"https:\/\/eveniments.es\/home\/wp-json\/wp\/v2\/pages\/2229\/revisions"}],"predecessor-version":[{"id":3181,"href":"https:\/\/eveniments.es\/home\/wp-json\/wp\/v2\/pages\/2229\/revisions\/3181"}],"wp:attachment":[{"href":"https:\/\/eveniments.es\/home\/wp-json\/wp\/v2\/media?parent=2229"}],"curies":[{"name":"wp","href":"https:\/\/api.w.org\/{rel}","templated":true}]}}