{"id":2265,"date":"2020-06-20T09:30:33","date_gmt":"2020-06-20T09:30:33","guid":{"rendered":"https:\/\/eveniments.es\/?page_id=2265"},"modified":"2020-06-30T17:30:24","modified_gmt":"2020-06-30T17:30:24","slug":"gaviotas","status":"publish","type":"page","link":"https:\/\/eveniments.es\/home\/gaviotas","title":{"rendered":"Gaviotas"},"content":{"rendered":"\n<p>Cinco gaviotas iluminadas decoran el cielo, pueden alcanzar los 30 metros de altura, son controladas por pilotos.<\/p>\n<p>Es impresionante verlas sobrevolando al publico. Un pasacalles m\u00e1gico y elegante que tiene luz dentro de las aves para lucirse bien por la noche<\/p>\n<p>Los portadores de estas aves van vestidos de pilotos de \u00e9poca.<\/p>\n<p>Estas aves tienen dimensi\u00f3n de 7 metros y alcanza una altura de 30 metros. Acompa\u00f1ado de un buggie con m\u00fasica ambiental (Pasacalles sin M\u00fasica en islas).<\/p>\n<p><strong>DIMENSIONES:&nbsp;&nbsp;<\/strong>7 Metros<\/p>\n<p><strong>Incluye:<\/strong><\/p>\n<ul>\n<li>5 Gaviotas de helio<\/li>\n<li>5 Personajes<\/li>\n<li>1 Buggie con m\u00fasica ambiental<\/li>\n<\/ul>\n<div id=\"wp_rp_first\" class=\"wp_rp_wrap  wp_rp_vertical_m\">\n<div class=\"wp_rp_content\"><img loading=\"lazy\" decoding=\"async\" class=\"alignnone wp-image-3253\" src=\"https:\/\/eveniments.es\/wp-content\/uploads\/2020\/06\/gaviotas-1-200x300.jpg\" alt=\"\" width=\"1024\" height=\"1533\" srcset=\"https:\/\/eveniments.es\/wp-content\/uploads\/2020\/06\/gaviotas-1-200x300.jpg 200w, https:\/\/eveniments.es\/wp-content\/uploads\/2020\/06\/gaviotas-1.jpg 481w\" sizes=\"auto, (max-width: 1024px) 100vw, 1024px\" \/><img loading=\"lazy\" decoding=\"async\" class=\"alignnone wp-image-2266\" src=\"https:\/\/eveniments.es\/wp-content\/uploads\/2020\/06\/Gaviotas.jpg\" alt=\"\" width=\"1024\" height=\"696\" srcset=\"https:\/\/eveniments.es\/wp-content\/uploads\/2020\/06\/Gaviotas.jpg 944w, https:\/\/eveniments.es\/wp-content\/uploads\/2020\/06\/Gaviotas-300x204.jpg 300w, https:\/\/eveniments.es\/wp-content\/uploads\/2020\/06\/Gaviotas-768x522.jpg 768w\" sizes=\"auto, (max-width: 1024px) 100vw, 1024px\" \/><\/div>\n<\/div>\n","protected":false},"excerpt":{"rendered":"<div class=\"mh-excerpt\"><\/div>","protected":false},"author":1,"featured_media":0,"parent":0,"menu_order":0,"comment_status":"closed","ping_status":"closed","template":"template-full.php","meta":{"footnotes":""},"class_list":["post-2265","page","type-page","status-publish","hentry"],"_links":{"self":[{"href":"https:\/\/eveniments.es\/home\/wp-json\/wp\/v2\/pages\/2265","targetHints":{"allow":["GET"]}}],"collection":[{"href":"https:\/\/eveniments.es\/home\/wp-json\/wp\/v2\/pages"}],"about":[{"href":"https:\/\/eveniments.es\/home\/wp-json\/wp\/v2\/types\/page"}],"author":[{"embeddable":true,"href":"https:\/\/eveniments.es\/home\/wp-json\/wp\/v2\/users\/1"}],"replies":[{"embeddable":true,"href":"https:\/\/eveniments.es\/home\/wp-json\/wp\/v2\/comments?post=2265"}],"version-history":[{"count":3,"href":"https:\/\/eveniments.es\/home\/wp-json\/wp\/v2\/pages\/2265\/revisions"}],"predecessor-version":[{"id":3255,"href":"https:\/\/eveniments.es\/home\/wp-json\/wp\/v2\/pages\/2265\/revisions\/3255"}],"wp:attachment":[{"href":"https:\/\/eveniments.es\/home\/wp-json\/wp\/v2\/media?parent=2265"}],"curies":[{"name":"wp","href":"https:\/\/api.w.org\/{rel}","templated":true}]}}