{"id":2278,"date":"2020-06-20T09:55:44","date_gmt":"2020-06-20T09:55:44","guid":{"rendered":"https:\/\/eveniments.es\/?page_id=2278"},"modified":"2020-06-30T13:26:55","modified_gmt":"2020-06-30T13:26:55","slug":"caballos-orgullosos","status":"publish","type":"page","link":"https:\/\/eveniments.es\/home\/caballos-orgullosos","title":{"rendered":"Caballos orgullosos"},"content":{"rendered":"\n<p>Una invitaci\u00f3n para so\u00f1ar.&nbsp;<strong>Espect\u00e1culo de caballos<\/strong>&nbsp;de gran tama\u00f1o hechos con materiales&nbsp;<strong>hinchables<\/strong>&nbsp;y puestos en escena por&nbsp;<strong>titiriteros<\/strong>&nbsp;con elegantes trajes.<\/p>\n<p>Una manada de caballos de color blanco, s\u00edmbolos de la paz, la pureza y el esp\u00edritu se pasear\u00e1n orgullosos y junto con el humo.<\/p>\n<p>Las luces nocturnas y la m\u00fasica crear\u00e1n una atm\u00f3sfera fant\u00e1stica de ensue\u00f1o.<\/p>\n<p>Nuestros caballos har\u00e1n una coreograf\u00eda a la llegada al punto principal guiada por el domador.<\/p>\n<p><strong>INCLUYE :<\/strong><\/p>\n<ul>\n<li>1 Domador<\/li>\n<li>6 caballos<\/li>\n<li>1 persona llevando el carro de sonido<\/li>\n<li>1 carro de sonido<\/li>\n<\/ul>\n<p><strong>OPCIONAL :<\/strong><\/p>\n<ul>\n<li>Hasta 6 caballos m\u00e1s<\/li>\n<li>Hasta 4000w de sonido<\/li>\n<\/ul>\n<p><iframe loading=\"lazy\" title=\"Caballos orgullosos\" width=\"500\" height=\"281\" src=\"https:\/\/www.youtube.com\/embed\/A6L3_14uhrE?feature=oembed\" frameborder=\"0\" allow=\"accelerometer; autoplay; clipboard-write; encrypted-media; gyroscope; picture-in-picture; web-share\" referrerpolicy=\"strict-origin-when-cross-origin\" allowfullscreen><\/iframe><\/p>\n<p><iframe loading=\"lazy\" title=\"Caballos orgullosos presenta\" width=\"500\" height=\"281\" src=\"https:\/\/www.youtube.com\/embed\/RtoaL_RFTN0?feature=oembed\" frameborder=\"0\" allow=\"accelerometer; autoplay; clipboard-write; encrypted-media; gyroscope; picture-in-picture; web-share\" referrerpolicy=\"strict-origin-when-cross-origin\" allowfullscreen><\/iframe><\/p>\n","protected":false},"excerpt":{"rendered":"<div class=\"mh-excerpt\"><\/div>","protected":false},"author":1,"featured_media":0,"parent":0,"menu_order":0,"comment_status":"closed","ping_status":"closed","template":"template-full.php","meta":{"footnotes":""},"class_list":["post-2278","page","type-page","status-publish","hentry"],"_links":{"self":[{"href":"https:\/\/eveniments.es\/home\/wp-json\/wp\/v2\/pages\/2278","targetHints":{"allow":["GET"]}}],"collection":[{"href":"https:\/\/eveniments.es\/home\/wp-json\/wp\/v2\/pages"}],"about":[{"href":"https:\/\/eveniments.es\/home\/wp-json\/wp\/v2\/types\/page"}],"author":[{"embeddable":true,"href":"https:\/\/eveniments.es\/home\/wp-json\/wp\/v2\/users\/1"}],"replies":[{"embeddable":true,"href":"https:\/\/eveniments.es\/home\/wp-json\/wp\/v2\/comments?post=2278"}],"version-history":[{"count":1,"href":"https:\/\/eveniments.es\/home\/wp-json\/wp\/v2\/pages\/2278\/revisions"}],"predecessor-version":[{"id":2279,"href":"https:\/\/eveniments.es\/home\/wp-json\/wp\/v2\/pages\/2278\/revisions\/2279"}],"wp:attachment":[{"href":"https:\/\/eveniments.es\/home\/wp-json\/wp\/v2\/media?parent=2278"}],"curies":[{"name":"wp","href":"https:\/\/api.w.org\/{rel}","templated":true}]}}