{"id":2284,"date":"2020-06-20T10:36:04","date_gmt":"2020-06-20T10:36:04","guid":{"rendered":"https:\/\/eveniments.es\/?page_id=2284"},"modified":"2020-06-30T13:40:13","modified_gmt":"2020-06-30T13:40:13","slug":"orofas","status":"publish","type":"page","link":"https:\/\/eveniments.es\/home\/orofas","title":{"rendered":"Orofas"},"content":{"rendered":"\n<p>Un espect\u00e1culo hipn\u00f3tico y elegante que recrea la figura de la \u00abjirafa\u00bb,donde el color oro cobra importancia destacada en todos los complementos.<\/p>\n<p>Ataviadas de impresionantes faldas platillo, nuestras bailarinas transmitir\u00e1n toda la energ\u00eda y entusiasmo de su tribu. Tras \u00e9stas, una veintena de bailarinas transformadas en fuertes y \u00e1giles jirafas cierran esta magn\u00edfica cabalgata.<\/p>\n<p><iframe loading=\"lazy\" title=\"Orofas\" width=\"500\" height=\"281\" src=\"https:\/\/www.youtube.com\/embed\/Es_szFTS1Kw?feature=oembed\" frameborder=\"0\" allow=\"accelerometer; autoplay; clipboard-write; encrypted-media; gyroscope; picture-in-picture; web-share\" referrerpolicy=\"strict-origin-when-cross-origin\" allowfullscreen><\/iframe><\/p>\n","protected":false},"excerpt":{"rendered":"<div class=\"mh-excerpt\"><\/div>","protected":false},"author":1,"featured_media":0,"parent":0,"menu_order":0,"comment_status":"closed","ping_status":"closed","template":"template-full.php","meta":{"footnotes":""},"class_list":["post-2284","page","type-page","status-publish","hentry"],"_links":{"self":[{"href":"https:\/\/eveniments.es\/home\/wp-json\/wp\/v2\/pages\/2284","targetHints":{"allow":["GET"]}}],"collection":[{"href":"https:\/\/eveniments.es\/home\/wp-json\/wp\/v2\/pages"}],"about":[{"href":"https:\/\/eveniments.es\/home\/wp-json\/wp\/v2\/types\/page"}],"author":[{"embeddable":true,"href":"https:\/\/eveniments.es\/home\/wp-json\/wp\/v2\/users\/1"}],"replies":[{"embeddable":true,"href":"https:\/\/eveniments.es\/home\/wp-json\/wp\/v2\/comments?post=2284"}],"version-history":[{"count":1,"href":"https:\/\/eveniments.es\/home\/wp-json\/wp\/v2\/pages\/2284\/revisions"}],"predecessor-version":[{"id":2285,"href":"https:\/\/eveniments.es\/home\/wp-json\/wp\/v2\/pages\/2284\/revisions\/2285"}],"wp:attachment":[{"href":"https:\/\/eveniments.es\/home\/wp-json\/wp\/v2\/media?parent=2284"}],"curies":[{"name":"wp","href":"https:\/\/api.w.org\/{rel}","templated":true}]}}