{"id":2291,"date":"2020-06-20T10:46:39","date_gmt":"2020-06-20T10:46:39","guid":{"rendered":"https:\/\/eveniments.es\/?page_id=2291"},"modified":"2020-06-30T17:31:41","modified_gmt":"2020-06-30T17:31:41","slug":"oceanos-sonados","status":"publish","type":"page","link":"https:\/\/eveniments.es\/home\/oceanos-sonados","title":{"rendered":"Oc\u00e9anos so\u00f1ados"},"content":{"rendered":"\n<p>Pasacalle&nbsp;que agrupa numerosos seres marinos que no paran de nadar y danzar entre los espectadores, &nbsp;convirtiendo las calles que recorren en un aut\u00e9ntico oc\u00e9ano. Las pompas de jab\u00f3n simulan las burbujas y llenan el espacio invitando al p\u00fablico a capturarlas con sus manos.<\/p>\n<p>Una aventura visual, fresca y divertida.<\/p>\n<p><img loading=\"lazy\" decoding=\"async\" class=\"alignnone wp-image-2292\" src=\"https:\/\/eveniments.es\/wp-content\/uploads\/2020\/06\/Ballena.jpg\" alt=\"\" width=\"1024\" height=\"620\" srcset=\"https:\/\/eveniments.es\/wp-content\/uploads\/2020\/06\/Ballena.jpg 879w, https:\/\/eveniments.es\/wp-content\/uploads\/2020\/06\/Ballena-300x182.jpg 300w, https:\/\/eveniments.es\/wp-content\/uploads\/2020\/06\/Ballena-768x465.jpg 768w\" sizes=\"auto, (max-width: 1024px) 100vw, 1024px\" \/><\/p>\n","protected":false},"excerpt":{"rendered":"<div class=\"mh-excerpt\"><\/div>","protected":false},"author":1,"featured_media":0,"parent":0,"menu_order":0,"comment_status":"closed","ping_status":"closed","template":"template-full.php","meta":{"footnotes":""},"class_list":["post-2291","page","type-page","status-publish","hentry"],"_links":{"self":[{"href":"https:\/\/eveniments.es\/home\/wp-json\/wp\/v2\/pages\/2291","targetHints":{"allow":["GET"]}}],"collection":[{"href":"https:\/\/eveniments.es\/home\/wp-json\/wp\/v2\/pages"}],"about":[{"href":"https:\/\/eveniments.es\/home\/wp-json\/wp\/v2\/types\/page"}],"author":[{"embeddable":true,"href":"https:\/\/eveniments.es\/home\/wp-json\/wp\/v2\/users\/1"}],"replies":[{"embeddable":true,"href":"https:\/\/eveniments.es\/home\/wp-json\/wp\/v2\/comments?post=2291"}],"version-history":[{"count":3,"href":"https:\/\/eveniments.es\/home\/wp-json\/wp\/v2\/pages\/2291\/revisions"}],"predecessor-version":[{"id":3257,"href":"https:\/\/eveniments.es\/home\/wp-json\/wp\/v2\/pages\/2291\/revisions\/3257"}],"wp:attachment":[{"href":"https:\/\/eveniments.es\/home\/wp-json\/wp\/v2\/media?parent=2291"}],"curies":[{"name":"wp","href":"https:\/\/api.w.org\/{rel}","templated":true}]}}