{"id":2298,"date":"2020-06-20T10:56:16","date_gmt":"2020-06-20T10:56:16","guid":{"rendered":"https:\/\/eveniments.es\/?page_id=2298"},"modified":"2020-06-30T14:31:37","modified_gmt":"2020-06-30T14:31:37","slug":"moonlight-jugglers","status":"publish","type":"page","link":"https:\/\/eveniments.es\/home\/moonlight-jugglers","title":{"rendered":"Moonlight Jugglers"},"content":{"rendered":"\n<p>El color blanco se vuelve sin\u00f3nimo de vida, de totalidad y de protagonismo en el espect\u00e1culo<em>&nbsp;\u201cMoonlight juggleers\u201d<\/em>&nbsp;donde juglares fant\u00e1sticos narran con bailes y acrobacias y recorrido de fiesta y algarab\u00eda.<\/p>\n<p>La \u00fanica constante de este espect\u00e1culo es su inmaculado color blanco, que inundar\u00e1 las calles o las plazas, o el espacio de tu evento de un color con muchas posibilidades.<\/p>\n<p>En Eveniments&nbsp;lo hemos seleccionado como un espect\u00e1culo maravillosamente lleno de color. S\u00ed, y es porque el blanco jam\u00e1s hab\u00eda tenido tantas tonalidades. Con<strong>&nbsp;Moonlight jugglers<\/strong>&nbsp;podr\u00e1s descubrir todas sus posibilidades.<\/p>\n<p>Todo un juego de luces y emociones se desarrollan a partir de nuestros blancos personajes, que ti\u00f1en con sus acrobacias el efecto sorpresa.<\/p>\n<p><img loading=\"lazy\" decoding=\"async\" class=\"alignnone wp-image-2299\" src=\"https:\/\/eveniments.es\/wp-content\/uploads\/2020\/06\/Moonlight-jugglers.jpg\" alt=\"\" width=\"1024\" height=\"682\" srcset=\"https:\/\/eveniments.es\/wp-content\/uploads\/2020\/06\/Moonlight-jugglers.jpg 800w, https:\/\/eveniments.es\/wp-content\/uploads\/2020\/06\/Moonlight-jugglers-300x200.jpg 300w, https:\/\/eveniments.es\/wp-content\/uploads\/2020\/06\/Moonlight-jugglers-768x512.jpg 768w\" sizes=\"auto, (max-width: 1024px) 100vw, 1024px\" \/><img loading=\"lazy\" decoding=\"async\" class=\"alignnone wp-image-2300\" src=\"https:\/\/eveniments.es\/wp-content\/uploads\/2020\/06\/Moonlight-jugglers-1.jpg\" alt=\"\" width=\"1024\" height=\"682\" srcset=\"https:\/\/eveniments.es\/wp-content\/uploads\/2020\/06\/Moonlight-jugglers-1.jpg 800w, https:\/\/eveniments.es\/wp-content\/uploads\/2020\/06\/Moonlight-jugglers-1-300x200.jpg 300w, https:\/\/eveniments.es\/wp-content\/uploads\/2020\/06\/Moonlight-jugglers-1-768x512.jpg 768w\" sizes=\"auto, (max-width: 1024px) 100vw, 1024px\" \/><img loading=\"lazy\" decoding=\"async\" class=\"alignnone wp-image-2301\" src=\"https:\/\/eveniments.es\/wp-content\/uploads\/2020\/06\/Moonlight-jugglers-2.jpg\" alt=\"\" width=\"1024\" height=\"682\" srcset=\"https:\/\/eveniments.es\/wp-content\/uploads\/2020\/06\/Moonlight-jugglers-2.jpg 800w, https:\/\/eveniments.es\/wp-content\/uploads\/2020\/06\/Moonlight-jugglers-2-300x200.jpg 300w, https:\/\/eveniments.es\/wp-content\/uploads\/2020\/06\/Moonlight-jugglers-2-768x512.jpg 768w\" sizes=\"auto, (max-width: 1024px) 100vw, 1024px\" \/><\/p>\n","protected":false},"excerpt":{"rendered":"<div class=\"mh-excerpt\"><\/div>","protected":false},"author":1,"featured_media":0,"parent":0,"menu_order":0,"comment_status":"closed","ping_status":"closed","template":"template-full.php","meta":{"footnotes":""},"class_list":["post-2298","page","type-page","status-publish","hentry"],"_links":{"self":[{"href":"https:\/\/eveniments.es\/home\/wp-json\/wp\/v2\/pages\/2298","targetHints":{"allow":["GET"]}}],"collection":[{"href":"https:\/\/eveniments.es\/home\/wp-json\/wp\/v2\/pages"}],"about":[{"href":"https:\/\/eveniments.es\/home\/wp-json\/wp\/v2\/types\/page"}],"author":[{"embeddable":true,"href":"https:\/\/eveniments.es\/home\/wp-json\/wp\/v2\/users\/1"}],"replies":[{"embeddable":true,"href":"https:\/\/eveniments.es\/home\/wp-json\/wp\/v2\/comments?post=2298"}],"version-history":[{"count":3,"href":"https:\/\/eveniments.es\/home\/wp-json\/wp\/v2\/pages\/2298\/revisions"}],"predecessor-version":[{"id":3174,"href":"https:\/\/eveniments.es\/home\/wp-json\/wp\/v2\/pages\/2298\/revisions\/3174"}],"wp:attachment":[{"href":"https:\/\/eveniments.es\/home\/wp-json\/wp\/v2\/media?parent=2298"}],"curies":[{"name":"wp","href":"https:\/\/api.w.org\/{rel}","templated":true}]}}