{"id":2304,"date":"2020-06-20T11:00:42","date_gmt":"2020-06-20T11:00:42","guid":{"rendered":"https:\/\/eveniments.es\/?page_id=2304"},"modified":"2020-06-30T15:56:11","modified_gmt":"2020-06-30T15:56:11","slug":"mediterraneus","status":"publish","type":"page","link":"https:\/\/eveniments.es\/home\/mediterraneus","title":{"rendered":"Mediterraneus"},"content":{"rendered":"\n<p>Un espect\u00e1culo teatral circense de una belleza y calidad inigualable. Con su cuidado gui\u00f3n, destacan la importancia de los tesoros con los que contamos en este mundo y quiz\u00e1 no le damos la importancia que merecen.<\/p>\n<p>Sus personajes, como cuatro alargados dibujos, desatan la imaginaci\u00f3n de los espectadores al ver su movilidad larga, como si volaran m\u00e1s que caminaran.<\/p>\n<p>Inspirados en el maravilloso arte surrealista, los vestuarios y caracterizaciones de los personajes de Mediterraneus, nos invitaba un viaje donde la fantas\u00eda es nuestro lienzo.<\/p>\n<p><strong>Eveniments<\/strong>&nbsp;impulsa as\u00ed, los espect\u00e1culos de calidad, que demuestran que el arte, el teatro y el circo pueden fusionarse a la perfecci\u00f3n para impactar y transmitir mejor un mensaje. Todo un espect\u00e1culo para chicos y grandes, donde el juego integra a todo el p\u00fablico para que juntos cuenten una historia.<\/p>\n<p>Un viaje fant\u00e1stico en formato cuento.<\/p>\n<p class=\"p1\"><span class=\"s1\">Cuatro personajes fant\u00e1sticos provenientes de otro mar se despiertan en el espacio esc\u00e9nico dispuestos a descifrar, con la ayuda de un antiguo papiro, atributos y tesoros propios de la tierra y sus habitantes.<\/span><\/p>\n<p class=\"p1\"><span class=\"s1\">Inician su aventura itinerante descubriendo a su alrededor el lugar y a los espectadores, invit\u00e1ndolos a participar de din\u00e1micas teatrales absurdos como la Prova del Grumete y Alarma S.O.S, resultando un espect\u00e1culo din\u00e1mico, participativo y sorprendente\u201d<\/span><\/p>\n<p><strong>INCLUYE:<\/strong><\/p>\n<ul>\n<li>4 Personajes marinos<\/li>\n<li>1 persona llevando el carro de sonido<\/li>\n<li>1 carro de sonido<\/li>\n<\/ul>\n<p><iframe loading=\"lazy\" title=\"Mediterraneum\" width=\"500\" height=\"281\" src=\"https:\/\/www.youtube.com\/embed\/tR0vnw4OtAw?feature=oembed\" frameborder=\"0\" allow=\"accelerometer; autoplay; clipboard-write; encrypted-media; gyroscope; picture-in-picture; web-share\" referrerpolicy=\"strict-origin-when-cross-origin\" allowfullscreen><\/iframe><\/p>\n<p><img loading=\"lazy\" decoding=\"async\" class=\"alignnone wp-image-2309\" src=\"https:\/\/eveniments.es\/wp-content\/uploads\/2020\/06\/mediterraneum-1-copia.jpg\" alt=\"\" width=\"1024\" height=\"640\" srcset=\"https:\/\/eveniments.es\/wp-content\/uploads\/2020\/06\/mediterraneum-1-copia.jpg 800w, https:\/\/eveniments.es\/wp-content\/uploads\/2020\/06\/mediterraneum-1-copia-300x188.jpg 300w, https:\/\/eveniments.es\/wp-content\/uploads\/2020\/06\/mediterraneum-1-copia-768x480.jpg 768w\" sizes=\"auto, (max-width: 1024px) 100vw, 1024px\" \/><img loading=\"lazy\" decoding=\"async\" class=\"alignnone wp-image-2310\" src=\"https:\/\/eveniments.es\/wp-content\/uploads\/2020\/06\/mediterraneum-2-copia.jpg\" alt=\"\" width=\"1024\" height=\"640\" srcset=\"https:\/\/eveniments.es\/wp-content\/uploads\/2020\/06\/mediterraneum-2-copia.jpg 800w, https:\/\/eveniments.es\/wp-content\/uploads\/2020\/06\/mediterraneum-2-copia-300x188.jpg 300w, https:\/\/eveniments.es\/wp-content\/uploads\/2020\/06\/mediterraneum-2-copia-768x480.jpg 768w\" sizes=\"auto, (max-width: 1024px) 100vw, 1024px\" \/><img loading=\"lazy\" decoding=\"async\" class=\"alignnone wp-image-2311\" src=\"https:\/\/eveniments.es\/wp-content\/uploads\/2020\/06\/mediterraneum-3-copia.jpg\" alt=\"\" width=\"1024\" height=\"640\" srcset=\"https:\/\/eveniments.es\/wp-content\/uploads\/2020\/06\/mediterraneum-3-copia.jpg 800w, https:\/\/eveniments.es\/wp-content\/uploads\/2020\/06\/mediterraneum-3-copia-300x188.jpg 300w, https:\/\/eveniments.es\/wp-content\/uploads\/2020\/06\/mediterraneum-3-copia-768x480.jpg 768w\" sizes=\"auto, (max-width: 1024px) 100vw, 1024px\" \/><\/p>\n<p><img loading=\"lazy\" decoding=\"async\" class=\"alignnone wp-image-2305\" src=\"https:\/\/eveniments.es\/wp-content\/uploads\/2020\/06\/mediterraneus.jpg\" alt=\"\" width=\"1024\" height=\"682\" srcset=\"https:\/\/eveniments.es\/wp-content\/uploads\/2020\/06\/mediterraneus.jpg 800w, https:\/\/eveniments.es\/wp-content\/uploads\/2020\/06\/mediterraneus-300x200.jpg 300w, https:\/\/eveniments.es\/wp-content\/uploads\/2020\/06\/mediterraneus-768x512.jpg 768w\" sizes=\"auto, (max-width: 1024px) 100vw, 1024px\" \/><\/p>\n","protected":false},"excerpt":{"rendered":"<div class=\"mh-excerpt\"><\/div>","protected":false},"author":1,"featured_media":0,"parent":0,"menu_order":0,"comment_status":"closed","ping_status":"closed","template":"template-full.php","meta":{"footnotes":""},"class_list":["post-2304","page","type-page","status-publish","hentry"],"_links":{"self":[{"href":"https:\/\/eveniments.es\/home\/wp-json\/wp\/v2\/pages\/2304","targetHints":{"allow":["GET"]}}],"collection":[{"href":"https:\/\/eveniments.es\/home\/wp-json\/wp\/v2\/pages"}],"about":[{"href":"https:\/\/eveniments.es\/home\/wp-json\/wp\/v2\/types\/page"}],"author":[{"embeddable":true,"href":"https:\/\/eveniments.es\/home\/wp-json\/wp\/v2\/users\/1"}],"replies":[{"embeddable":true,"href":"https:\/\/eveniments.es\/home\/wp-json\/wp\/v2\/comments?post=2304"}],"version-history":[{"count":4,"href":"https:\/\/eveniments.es\/home\/wp-json\/wp\/v2\/pages\/2304\/revisions"}],"predecessor-version":[{"id":3179,"href":"https:\/\/eveniments.es\/home\/wp-json\/wp\/v2\/pages\/2304\/revisions\/3179"}],"wp:attachment":[{"href":"https:\/\/eveniments.es\/home\/wp-json\/wp\/v2\/media?parent=2304"}],"curies":[{"name":"wp","href":"https:\/\/api.w.org\/{rel}","templated":true}]}}