{"id":2313,"date":"2020-06-20T11:12:41","date_gmt":"2020-06-20T11:12:41","guid":{"rendered":"https:\/\/eveniments.es\/?page_id=2313"},"modified":"2020-06-30T16:54:42","modified_gmt":"2020-06-30T16:54:42","slug":"mediterraneo","status":"publish","type":"page","link":"https:\/\/eveniments.es\/home\/mediterraneo","title":{"rendered":"Mediterraneo"},"content":{"rendered":"\n<p>En la obra participa la marioneta&nbsp; gigante m\u00f3vil<strong>&nbsp;Salvador<\/strong>&nbsp;de m\u00e1s de 9 metros de altura y tambi\u00e9n&nbsp;<strong>Caballo Real<\/strong>&nbsp;de 6 metros de altura. Cuando este&nbsp; se eleva sobre los cuartos traseros, la escultura&nbsp;<strong>Gigante Salvador<\/strong>&nbsp;nos adentra en la historia, y los&nbsp; v\u00ednculos entre&nbsp; la antigua ciudad de<strong>&nbsp;Akra Leuka<\/strong>&nbsp; (Alicante) y el&nbsp;<strong>Mediterr\u00e1neo<\/strong>.<\/p>\n<p>Las diferentes escenas de la obra se van encadenando ligando diferentes disciplinas art\u00edsticas como un d\u00fao de&nbsp; acrobacias en tela,&nbsp; danza r\u00edtmica con abanicos de fuego, teatro f\u00edsico. Adem\u00e1s de m\u00fasica de viol\u00edn en directo, junto a la voz de Salvador que nos adentra en&nbsp; cada uno de los pasajes.<\/p>\n<p><img loading=\"lazy\" decoding=\"async\" class=\"alignnone wp-image-2314\" src=\"https:\/\/eveniments.es\/wp-content\/uploads\/2020\/06\/Mediterraneo2.jpg\" alt=\"\" width=\"1024\" height=\"682\" srcset=\"https:\/\/eveniments.es\/wp-content\/uploads\/2020\/06\/Mediterraneo2.jpg 800w, https:\/\/eveniments.es\/wp-content\/uploads\/2020\/06\/Mediterraneo2-300x200.jpg 300w, https:\/\/eveniments.es\/wp-content\/uploads\/2020\/06\/Mediterraneo2-768x512.jpg 768w\" sizes=\"auto, (max-width: 1024px) 100vw, 1024px\" \/><img loading=\"lazy\" decoding=\"async\" class=\"alignnone wp-image-2315\" src=\"https:\/\/eveniments.es\/wp-content\/uploads\/2020\/06\/Mediterraneo3.jpg\" alt=\"\" width=\"1024\" height=\"682\" srcset=\"https:\/\/eveniments.es\/wp-content\/uploads\/2020\/06\/Mediterraneo3.jpg 803w, https:\/\/eveniments.es\/wp-content\/uploads\/2020\/06\/Mediterraneo3-300x200.jpg 300w, https:\/\/eveniments.es\/wp-content\/uploads\/2020\/06\/Mediterraneo3-768x512.jpg 768w\" sizes=\"auto, (max-width: 1024px) 100vw, 1024px\" \/><\/p>\n","protected":false},"excerpt":{"rendered":"<div class=\"mh-excerpt\"><\/div>","protected":false},"author":1,"featured_media":0,"parent":0,"menu_order":0,"comment_status":"closed","ping_status":"closed","template":"template-full.php","meta":{"footnotes":""},"class_list":["post-2313","page","type-page","status-publish","hentry"],"_links":{"self":[{"href":"https:\/\/eveniments.es\/home\/wp-json\/wp\/v2\/pages\/2313","targetHints":{"allow":["GET"]}}],"collection":[{"href":"https:\/\/eveniments.es\/home\/wp-json\/wp\/v2\/pages"}],"about":[{"href":"https:\/\/eveniments.es\/home\/wp-json\/wp\/v2\/types\/page"}],"author":[{"embeddable":true,"href":"https:\/\/eveniments.es\/home\/wp-json\/wp\/v2\/users\/1"}],"replies":[{"embeddable":true,"href":"https:\/\/eveniments.es\/home\/wp-json\/wp\/v2\/comments?post=2313"}],"version-history":[{"count":3,"href":"https:\/\/eveniments.es\/home\/wp-json\/wp\/v2\/pages\/2313\/revisions"}],"predecessor-version":[{"id":3215,"href":"https:\/\/eveniments.es\/home\/wp-json\/wp\/v2\/pages\/2313\/revisions\/3215"}],"wp:attachment":[{"href":"https:\/\/eveniments.es\/home\/wp-json\/wp\/v2\/media?parent=2313"}],"curies":[{"name":"wp","href":"https:\/\/api.w.org\/{rel}","templated":true}]}}