{"id":2318,"date":"2020-06-20T11:17:46","date_gmt":"2020-06-20T11:17:46","guid":{"rendered":"https:\/\/eveniments.es\/?page_id=2318"},"modified":"2020-06-30T17:27:19","modified_gmt":"2020-06-30T17:27:19","slug":"marine-animals","status":"publish","type":"page","link":"https:\/\/eveniments.es\/home\/marine-animals","title":{"rendered":"Marine Animals"},"content":{"rendered":"\n<p>Unos peculiares y divertidos animalitos del mar se escapan de su h\u00e1bitat natural para dar un paseo por la ciudad. Estos pasean tranquilamente por las calles ante la mirada at\u00f3nita de todos los habitantes . Su actitud es muy festiva y alegre. Estos animalitos no llegan solos, van acompa\u00f1ados por una tribu de erizos que con sus bailes y cabriolas sorprenden al p\u00fablico expectante.<\/p>\n<p><img loading=\"lazy\" decoding=\"async\" class=\"alignnone wp-image-2319\" src=\"https:\/\/eveniments.es\/wp-content\/uploads\/2020\/06\/erizo-1.jpg\" alt=\"\" width=\"1024\" height=\"681\" srcset=\"https:\/\/eveniments.es\/wp-content\/uploads\/2020\/06\/erizo-1.jpg 801w, https:\/\/eveniments.es\/wp-content\/uploads\/2020\/06\/erizo-1-300x200.jpg 300w, https:\/\/eveniments.es\/wp-content\/uploads\/2020\/06\/erizo-1-768x511.jpg 768w\" sizes=\"auto, (max-width: 1024px) 100vw, 1024px\" \/><img loading=\"lazy\" decoding=\"async\" class=\"alignnone wp-image-2320\" src=\"https:\/\/eveniments.es\/wp-content\/uploads\/2020\/06\/Oceanos.jpg\" alt=\"\" width=\"1024\" height=\"682\" srcset=\"https:\/\/eveniments.es\/wp-content\/uploads\/2020\/06\/Oceanos.jpg 800w, https:\/\/eveniments.es\/wp-content\/uploads\/2020\/06\/Oceanos-300x200.jpg 300w, https:\/\/eveniments.es\/wp-content\/uploads\/2020\/06\/Oceanos-768x512.jpg 768w\" sizes=\"auto, (max-width: 1024px) 100vw, 1024px\" \/><img loading=\"lazy\" decoding=\"async\" class=\"alignnone wp-image-2321\" src=\"https:\/\/eveniments.es\/wp-content\/uploads\/2020\/06\/oceanos2.jpg\" alt=\"\" width=\"1024\" height=\"682\" srcset=\"https:\/\/eveniments.es\/wp-content\/uploads\/2020\/06\/oceanos2.jpg 800w, https:\/\/eveniments.es\/wp-content\/uploads\/2020\/06\/oceanos2-300x200.jpg 300w, https:\/\/eveniments.es\/wp-content\/uploads\/2020\/06\/oceanos2-768x512.jpg 768w\" sizes=\"auto, (max-width: 1024px) 100vw, 1024px\" \/><\/p>\n","protected":false},"excerpt":{"rendered":"<div class=\"mh-excerpt\"><\/div>","protected":false},"author":1,"featured_media":0,"parent":0,"menu_order":0,"comment_status":"closed","ping_status":"closed","template":"template-full.php","meta":{"footnotes":""},"class_list":["post-2318","page","type-page","status-publish","hentry"],"_links":{"self":[{"href":"https:\/\/eveniments.es\/home\/wp-json\/wp\/v2\/pages\/2318","targetHints":{"allow":["GET"]}}],"collection":[{"href":"https:\/\/eveniments.es\/home\/wp-json\/wp\/v2\/pages"}],"about":[{"href":"https:\/\/eveniments.es\/home\/wp-json\/wp\/v2\/types\/page"}],"author":[{"embeddable":true,"href":"https:\/\/eveniments.es\/home\/wp-json\/wp\/v2\/users\/1"}],"replies":[{"embeddable":true,"href":"https:\/\/eveniments.es\/home\/wp-json\/wp\/v2\/comments?post=2318"}],"version-history":[{"count":3,"href":"https:\/\/eveniments.es\/home\/wp-json\/wp\/v2\/pages\/2318\/revisions"}],"predecessor-version":[{"id":3251,"href":"https:\/\/eveniments.es\/home\/wp-json\/wp\/v2\/pages\/2318\/revisions\/3251"}],"wp:attachment":[{"href":"https:\/\/eveniments.es\/home\/wp-json\/wp\/v2\/media?parent=2318"}],"curies":[{"name":"wp","href":"https:\/\/api.w.org\/{rel}","templated":true}]}}