{"id":2333,"date":"2020-06-20T11:34:22","date_gmt":"2020-06-20T11:34:22","guid":{"rendered":"https:\/\/eveniments.es\/?page_id=2333"},"modified":"2020-06-30T13:30:39","modified_gmt":"2020-06-30T13:30:39","slug":"dragones-del-viento","status":"publish","type":"page","link":"https:\/\/eveniments.es\/home\/dragones-del-viento","title":{"rendered":"Dragones del Viento"},"content":{"rendered":"\n<p>Pasacalles inspirado en la Mitolog\u00eda de los Dragones.<\/p>\n<p>Enormes Dragones hinchables articulados de 5m. de alto son los encargados de dirigir este espect\u00e1culo, que crea una alegor\u00eda a las fuerzas de la naturaleza, acompa\u00f1ados de Zancudos y Equilibristas una sensaci\u00f3n muy llamativa, repleta de color y buenas energ\u00edas que sorprender\u00e1n muy gratamente al p\u00fablico.<\/p>\n<p><iframe loading=\"lazy\" title=\"Dragones del Viento\" width=\"500\" height=\"375\" src=\"https:\/\/www.youtube.com\/embed\/1N5_VfKMDec?feature=oembed\" frameborder=\"0\" allow=\"accelerometer; autoplay; clipboard-write; encrypted-media; gyroscope; picture-in-picture; web-share\" referrerpolicy=\"strict-origin-when-cross-origin\" allowfullscreen><\/iframe><\/p>\n<p><img loading=\"lazy\" decoding=\"async\" class=\"alignnone wp-image-2334 size-full\" src=\"https:\/\/eveniments.es\/wp-content\/uploads\/2020\/06\/LOS-DRAGONES-AL-VIENTO.jpg\" alt=\"\" width=\"800\" height=\"500\" srcset=\"https:\/\/eveniments.es\/wp-content\/uploads\/2020\/06\/LOS-DRAGONES-AL-VIENTO.jpg 800w, https:\/\/eveniments.es\/wp-content\/uploads\/2020\/06\/LOS-DRAGONES-AL-VIENTO-300x188.jpg 300w, https:\/\/eveniments.es\/wp-content\/uploads\/2020\/06\/LOS-DRAGONES-AL-VIENTO-768x480.jpg 768w\" sizes=\"auto, (max-width: 800px) 100vw, 800px\" \/><\/p>\n","protected":false},"excerpt":{"rendered":"<div class=\"mh-excerpt\"><\/div>","protected":false},"author":1,"featured_media":0,"parent":0,"menu_order":0,"comment_status":"closed","ping_status":"closed","template":"template-full.php","meta":{"footnotes":""},"class_list":["post-2333","page","type-page","status-publish","hentry"],"_links":{"self":[{"href":"https:\/\/eveniments.es\/home\/wp-json\/wp\/v2\/pages\/2333","targetHints":{"allow":["GET"]}}],"collection":[{"href":"https:\/\/eveniments.es\/home\/wp-json\/wp\/v2\/pages"}],"about":[{"href":"https:\/\/eveniments.es\/home\/wp-json\/wp\/v2\/types\/page"}],"author":[{"embeddable":true,"href":"https:\/\/eveniments.es\/home\/wp-json\/wp\/v2\/users\/1"}],"replies":[{"embeddable":true,"href":"https:\/\/eveniments.es\/home\/wp-json\/wp\/v2\/comments?post=2333"}],"version-history":[{"count":2,"href":"https:\/\/eveniments.es\/home\/wp-json\/wp\/v2\/pages\/2333\/revisions"}],"predecessor-version":[{"id":2348,"href":"https:\/\/eveniments.es\/home\/wp-json\/wp\/v2\/pages\/2333\/revisions\/2348"}],"wp:attachment":[{"href":"https:\/\/eveniments.es\/home\/wp-json\/wp\/v2\/media?parent=2333"}],"curies":[{"name":"wp","href":"https:\/\/api.w.org\/{rel}","templated":true}]}}