{"id":2338,"date":"2020-06-20T11:40:10","date_gmt":"2020-06-20T11:40:10","guid":{"rendered":"https:\/\/eveniments.es\/?page_id=2338"},"modified":"2020-06-30T14:06:05","modified_gmt":"2020-06-30T14:06:05","slug":"la-vie-en-rouge","status":"publish","type":"page","link":"https:\/\/eveniments.es\/home\/la-vie-en-rouge","title":{"rendered":"La Vie en Rouge"},"content":{"rendered":"\n<p>Performance muy completa, elegante y original. En la actualidad es la mas demandada a nivel nacional para este verano en eventos de empresa, privados y en eventos en&nbsp;<b>Beach clubs y hoteles.<\/b><\/p>\n<p class=\"p1\">Su personaje m\u00e1s destacado es la&nbsp;<b>DIOSA ROJA SOBRE ZANCOS.&nbsp;<\/b>En la&nbsp;<span class=\"Apple-converted-space\">&nbsp;&nbsp;<\/span>misma l\u00ednea est\u00e9tica de la Dama Roja pero con un vestuario m\u00e1s espectacular. Para darle mas altura va subida en zancos de 1 metro de altura. Lleva un enorme fald\u00f3n, con miri\u00f1aque, cargado de rosas rojas de diferentes tama\u00f1os.<\/p>\n<p class=\"p1\">Lleva unas enormes alas cargadas de mariposas y flores para dotarlo de mayor protagonismo. La l\u00ednea rom\u00e1ntica de este personaje no dejar\u00e1 indiferente a nadie.<\/p>\n<p class=\"p1\">Su tocado lo forman&nbsp;<b>rosas rojas<\/b>&nbsp;para dotarlo de mayor protagonismo. La l\u00ednea rom\u00e1ntica de este personaje no dejar\u00e1 indiferente a nadie.<\/p>\n<p class=\"p1\">Por su parte las bailarinas son las encargadas de ir abriendo paso al resto de performances con una gran sutileza. Dependiendo del evento ir\u00e1n con Puntas de Ballet o tacones con plataforma negros o rojos.<\/p>\n<p class=\"p1\">Hay que destacar que todos los personajes de este espect\u00e1culo llevar\u00e1n&nbsp;<b>luces led<\/b>&nbsp;de color c\u00e1lido, en cada uno de los trajes, cuando el espect\u00e1culo se realice de noche; creando as\u00ed un ambiente&nbsp;<b>m\u00e1gico y rom\u00e1ntico.&nbsp;<\/b><\/p>\n<p class=\"p1\"><b>PERSONAJES \u00abLA VIE EN ROUGE\u00bb<\/b><\/p>\n<ul>\n<li>Maestro de ceremonias.<\/li>\n<li>Diosa Rouge zancos.<\/li>\n<li>Dama Rouge plataformas.<\/li>\n<li>2 Zancudos<\/li>\n<li>2 Bailarinas Ballet<\/li>\n<\/ul>\n<p><b>Extra:&nbsp;<\/b>Globo Helio Rojo con acr\u00f3bata<\/p>\n<p><img loading=\"lazy\" decoding=\"async\" class=\"alignnone wp-image-2679\" src=\"https:\/\/eveniments.es\/wp-content\/uploads\/2020\/06\/la-vie-en-rouge-8-198x300.jpg\" alt=\"\" width=\"1024\" height=\"1550\" srcset=\"https:\/\/eveniments.es\/wp-content\/uploads\/2020\/06\/la-vie-en-rouge-8-198x300.jpg 198w, https:\/\/eveniments.es\/wp-content\/uploads\/2020\/06\/la-vie-en-rouge-8.jpg 493w\" sizes=\"auto, (max-width: 1024px) 100vw, 1024px\" \/><img loading=\"lazy\" decoding=\"async\" class=\"alignnone wp-image-2680\" src=\"https:\/\/eveniments.es\/wp-content\/uploads\/2020\/06\/la-vie-en-rouge7.jpg\" alt=\"\" width=\"1024\" height=\"748\" srcset=\"https:\/\/eveniments.es\/wp-content\/uploads\/2020\/06\/la-vie-en-rouge7.jpg 800w, https:\/\/eveniments.es\/wp-content\/uploads\/2020\/06\/la-vie-en-rouge7-300x219.jpg 300w, https:\/\/eveniments.es\/wp-content\/uploads\/2020\/06\/la-vie-en-rouge7-768x561.jpg 768w\" sizes=\"auto, (max-width: 1024px) 100vw, 1024px\" \/><img loading=\"lazy\" decoding=\"async\" class=\"alignnone wp-image-2681\" src=\"https:\/\/eveniments.es\/wp-content\/uploads\/2020\/06\/la-vie-en-rouge6-292x300.jpg\" alt=\"\" width=\"1024\" height=\"1053\" srcset=\"https:\/\/eveniments.es\/wp-content\/uploads\/2020\/06\/la-vie-en-rouge6-292x300.jpg 292w, https:\/\/eveniments.es\/wp-content\/uploads\/2020\/06\/la-vie-en-rouge6.jpg 566w\" sizes=\"auto, (max-width: 1024px) 100vw, 1024px\" \/><img loading=\"lazy\" decoding=\"async\" class=\"alignnone wp-image-2682\" src=\"https:\/\/eveniments.es\/wp-content\/uploads\/2020\/06\/la-vie-en-rouge5-300x200.jpg\" alt=\"\" width=\"1024\" height=\"683\" srcset=\"https:\/\/eveniments.es\/wp-content\/uploads\/2020\/06\/la-vie-en-rouge5-300x200.jpg 300w, https:\/\/eveniments.es\/wp-content\/uploads\/2020\/06\/la-vie-en-rouge5-768x512.jpg 768w, https:\/\/eveniments.es\/wp-content\/uploads\/2020\/06\/la-vie-en-rouge5.jpg 793w\" sizes=\"auto, (max-width: 1024px) 100vw, 1024px\" \/><img loading=\"lazy\" decoding=\"async\" class=\"alignnone wp-image-2683\" src=\"https:\/\/eveniments.es\/wp-content\/uploads\/2020\/06\/la-vie-en-rouge4-300x204.jpg\" alt=\"\" width=\"1024\" height=\"696\" srcset=\"https:\/\/eveniments.es\/wp-content\/uploads\/2020\/06\/la-vie-en-rouge4-300x204.jpg 300w, https:\/\/eveniments.es\/wp-content\/uploads\/2020\/06\/la-vie-en-rouge4.jpg 706w\" sizes=\"auto, (max-width: 1024px) 100vw, 1024px\" \/><img loading=\"lazy\" decoding=\"async\" class=\"alignnone wp-image-2684\" src=\"https:\/\/eveniments.es\/wp-content\/uploads\/2020\/06\/la-vieen-rouge3-300x201.jpg\" alt=\"\" width=\"1024\" height=\"688\" srcset=\"https:\/\/eveniments.es\/wp-content\/uploads\/2020\/06\/la-vieen-rouge3-300x201.jpg 300w, https:\/\/eveniments.es\/wp-content\/uploads\/2020\/06\/la-vieen-rouge3.jpg 755w\" sizes=\"auto, (max-width: 1024px) 100vw, 1024px\" \/><a href=\"https:\/\/eveniments.es\/wp-content\/uploads\/2020\/06\/la-vie-en-rouge2.jpg\"><img loading=\"lazy\" decoding=\"async\" class=\"alignnone wp-image-2685\" src=\"https:\/\/eveniments.es\/wp-content\/uploads\/2020\/06\/la-vie-en-rouge2-300x203.jpg\" alt=\"\" width=\"1024\" height=\"693\" srcset=\"https:\/\/eveniments.es\/wp-content\/uploads\/2020\/06\/la-vie-en-rouge2-300x203.jpg 300w, https:\/\/eveniments.es\/wp-content\/uploads\/2020\/06\/la-vie-en-rouge2.jpg 731w\" sizes=\"auto, (max-width: 1024px) 100vw, 1024px\" \/><\/a><img loading=\"lazy\" decoding=\"async\" class=\"alignnone wp-image-2686\" src=\"https:\/\/eveniments.es\/wp-content\/uploads\/2020\/06\/la-vie-en-rouge-1-300x225.jpg\" alt=\"\" width=\"1024\" height=\"767\" srcset=\"https:\/\/eveniments.es\/wp-content\/uploads\/2020\/06\/la-vie-en-rouge-1-300x225.jpg 300w, https:\/\/eveniments.es\/wp-content\/uploads\/2020\/06\/la-vie-en-rouge-1-326x245.jpg 326w, https:\/\/eveniments.es\/wp-content\/uploads\/2020\/06\/la-vie-en-rouge-1-80x60.jpg 80w, https:\/\/eveniments.es\/wp-content\/uploads\/2020\/06\/la-vie-en-rouge-1.jpg 669w\" sizes=\"auto, (max-width: 1024px) 100vw, 1024px\" \/><\/p>\n<p><iframe loading=\"lazy\" title=\"Tem\u00e1tica La vie en Rouge\" width=\"500\" height=\"375\" src=\"https:\/\/www.youtube.com\/embed\/0kR3uFejxTk?feature=oembed\" frameborder=\"0\" allow=\"accelerometer; autoplay; clipboard-write; encrypted-media; gyroscope; picture-in-picture; web-share\" referrerpolicy=\"strict-origin-when-cross-origin\" allowfullscreen><\/iframe><\/p>\n","protected":false},"excerpt":{"rendered":"<div class=\"mh-excerpt\"><\/div>","protected":false},"author":1,"featured_media":0,"parent":0,"menu_order":0,"comment_status":"closed","ping_status":"closed","template":"template-full.php","meta":{"footnotes":""},"class_list":["post-2338","page","type-page","status-publish","hentry"],"_links":{"self":[{"href":"https:\/\/eveniments.es\/home\/wp-json\/wp\/v2\/pages\/2338","targetHints":{"allow":["GET"]}}],"collection":[{"href":"https:\/\/eveniments.es\/home\/wp-json\/wp\/v2\/pages"}],"about":[{"href":"https:\/\/eveniments.es\/home\/wp-json\/wp\/v2\/types\/page"}],"author":[{"embeddable":true,"href":"https:\/\/eveniments.es\/home\/wp-json\/wp\/v2\/users\/1"}],"replies":[{"embeddable":true,"href":"https:\/\/eveniments.es\/home\/wp-json\/wp\/v2\/comments?post=2338"}],"version-history":[{"count":5,"href":"https:\/\/eveniments.es\/home\/wp-json\/wp\/v2\/pages\/2338\/revisions"}],"predecessor-version":[{"id":3156,"href":"https:\/\/eveniments.es\/home\/wp-json\/wp\/v2\/pages\/2338\/revisions\/3156"}],"wp:attachment":[{"href":"https:\/\/eveniments.es\/home\/wp-json\/wp\/v2\/media?parent=2338"}],"curies":[{"name":"wp","href":"https:\/\/api.w.org\/{rel}","templated":true}]}}