{"id":2349,"date":"2020-06-20T11:49:26","date_gmt":"2020-06-20T11:49:26","guid":{"rendered":"https:\/\/eveniments.es\/?page_id=2349"},"modified":"2020-06-30T13:36:58","modified_gmt":"2020-06-30T13:36:58","slug":"kromacolors","status":"publish","type":"page","link":"https:\/\/eveniments.es\/home\/kromacolors","title":{"rendered":"Kromacolors"},"content":{"rendered":"\n<p>Espect\u00e1culo itinerante de calle con batucada en directo, compuesto por 5 zancudos percusionistas. Sus coreograf\u00edas y ritmos har\u00e1n mover el esqueleto al p\u00fablico hasta el final. Energ\u00eda y color en estado puro.<\/p>\n<p><img loading=\"lazy\" decoding=\"async\" class=\"alignnone wp-image-2350 size-full\" src=\"https:\/\/eveniments.es\/wp-content\/uploads\/2020\/06\/kROMACOLORS.jpg\" alt=\"\" width=\"510\" height=\"374\" srcset=\"https:\/\/eveniments.es\/wp-content\/uploads\/2020\/06\/kROMACOLORS.jpg 510w, https:\/\/eveniments.es\/wp-content\/uploads\/2020\/06\/kROMACOLORS-300x220.jpg 300w, https:\/\/eveniments.es\/wp-content\/uploads\/2020\/06\/kROMACOLORS-80x60.jpg 80w\" sizes=\"auto, (max-width: 510px) 100vw, 510px\" \/><\/p>\n","protected":false},"excerpt":{"rendered":"<div class=\"mh-excerpt\"><\/div>","protected":false},"author":1,"featured_media":0,"parent":0,"menu_order":0,"comment_status":"closed","ping_status":"closed","template":"template-full.php","meta":{"footnotes":""},"class_list":["post-2349","page","type-page","status-publish","hentry"],"_links":{"self":[{"href":"https:\/\/eveniments.es\/home\/wp-json\/wp\/v2\/pages\/2349","targetHints":{"allow":["GET"]}}],"collection":[{"href":"https:\/\/eveniments.es\/home\/wp-json\/wp\/v2\/pages"}],"about":[{"href":"https:\/\/eveniments.es\/home\/wp-json\/wp\/v2\/types\/page"}],"author":[{"embeddable":true,"href":"https:\/\/eveniments.es\/home\/wp-json\/wp\/v2\/users\/1"}],"replies":[{"embeddable":true,"href":"https:\/\/eveniments.es\/home\/wp-json\/wp\/v2\/comments?post=2349"}],"version-history":[{"count":1,"href":"https:\/\/eveniments.es\/home\/wp-json\/wp\/v2\/pages\/2349\/revisions"}],"predecessor-version":[{"id":2351,"href":"https:\/\/eveniments.es\/home\/wp-json\/wp\/v2\/pages\/2349\/revisions\/2351"}],"wp:attachment":[{"href":"https:\/\/eveniments.es\/home\/wp-json\/wp\/v2\/media?parent=2349"}],"curies":[{"name":"wp","href":"https:\/\/api.w.org\/{rel}","templated":true}]}}