{"id":2353,"date":"2020-06-20T11:55:12","date_gmt":"2020-06-20T11:55:12","guid":{"rendered":"https:\/\/eveniments.es\/?page_id=2353"},"modified":"2020-06-30T13:36:38","modified_gmt":"2020-06-30T13:36:38","slug":"imperial","status":"publish","type":"page","link":"https:\/\/eveniments.es\/home\/imperial","title":{"rendered":"Imperial"},"content":{"rendered":"\n<div class=\"fusion-text\">\n<p>Espect\u00e1culo itinerante donde la escultura m\u00f3vil gigante va montado un jinete que la gu\u00eda, se eleva hasta m\u00e1s de 6 metros de altura, est\u00e1 dotada de movimiento mediante control remoto, abate sus alas, mueve sus garras, cola y cabeza para acentuar su realismo.<\/p>\n<p>El \u00c1guila esta escoltada por un grupo de valerosas interpretes guerreras que realizan una coreograf\u00eda art\u00edstica con abanicos de fuego al ritmo de una m\u00fasica de fuerte personalidad \u00e9pica. Todo ello crea una atm\u00f3sfera especial y sorprendente que traslada al espectador a un mundo fant\u00e1stico y m\u00e1gico a la vez.<\/p>\n<img loading=\"lazy\" decoding=\"async\" class=\"alignnone wp-image-2354\" src=\"https:\/\/eveniments.es\/wp-content\/uploads\/2020\/06\/imperial.jpg\" alt=\"\" width=\"656\" height=\"481\" srcset=\"https:\/\/eveniments.es\/wp-content\/uploads\/2020\/06\/imperial.jpg 840w, https:\/\/eveniments.es\/wp-content\/uploads\/2020\/06\/imperial-300x220.jpg 300w, https:\/\/eveniments.es\/wp-content\/uploads\/2020\/06\/imperial-768x563.jpg 768w, https:\/\/eveniments.es\/wp-content\/uploads\/2020\/06\/imperial-80x60.jpg 80w\" sizes=\"auto, (max-width: 656px) 100vw, 656px\" \/><img loading=\"lazy\" decoding=\"async\" class=\"alignnone wp-image-2355\" src=\"https:\/\/eveniments.es\/wp-content\/uploads\/2020\/06\/pasacalles_0010_imperial-1.jpg\" alt=\"\" width=\"840\" height=\"481\" srcset=\"https:\/\/eveniments.es\/wp-content\/uploads\/2020\/06\/pasacalles_0010_imperial-1.jpg 1100w, https:\/\/eveniments.es\/wp-content\/uploads\/2020\/06\/pasacalles_0010_imperial-1-300x172.jpg 300w, https:\/\/eveniments.es\/wp-content\/uploads\/2020\/06\/pasacalles_0010_imperial-1-1024x586.jpg 1024w, https:\/\/eveniments.es\/wp-content\/uploads\/2020\/06\/pasacalles_0010_imperial-1-768x440.jpg 768w\" sizes=\"auto, (max-width: 840px) 100vw, 840px\" \/><\/div>\n","protected":false},"excerpt":{"rendered":"<div class=\"mh-excerpt\"><\/div>","protected":false},"author":1,"featured_media":0,"parent":0,"menu_order":0,"comment_status":"closed","ping_status":"closed","template":"template-full.php","meta":{"footnotes":""},"class_list":["post-2353","page","type-page","status-publish","hentry"],"_links":{"self":[{"href":"https:\/\/eveniments.es\/home\/wp-json\/wp\/v2\/pages\/2353","targetHints":{"allow":["GET"]}}],"collection":[{"href":"https:\/\/eveniments.es\/home\/wp-json\/wp\/v2\/pages"}],"about":[{"href":"https:\/\/eveniments.es\/home\/wp-json\/wp\/v2\/types\/page"}],"author":[{"embeddable":true,"href":"https:\/\/eveniments.es\/home\/wp-json\/wp\/v2\/users\/1"}],"replies":[{"embeddable":true,"href":"https:\/\/eveniments.es\/home\/wp-json\/wp\/v2\/comments?post=2353"}],"version-history":[{"count":3,"href":"https:\/\/eveniments.es\/home\/wp-json\/wp\/v2\/pages\/2353\/revisions"}],"predecessor-version":[{"id":2359,"href":"https:\/\/eveniments.es\/home\/wp-json\/wp\/v2\/pages\/2353\/revisions\/2359"}],"wp:attachment":[{"href":"https:\/\/eveniments.es\/home\/wp-json\/wp\/v2\/media?parent=2353"}],"curies":[{"name":"wp","href":"https:\/\/api.w.org\/{rel}","templated":true}]}}