{"id":2360,"date":"2020-06-20T12:06:47","date_gmt":"2020-06-20T12:06:47","guid":{"rendered":"https:\/\/eveniments.es\/?page_id=2360"},"modified":"2020-06-30T16:40:01","modified_gmt":"2020-06-30T16:40:01","slug":"humanoides-hadas-de-luz","status":"publish","type":"page","link":"https:\/\/eveniments.es\/home\/humanoides-hadas-de-luz","title":{"rendered":"Humanoides + Hadas de Luz"},"content":{"rendered":"\n<h6>White Dreams es un espect\u00e1culo que nos transporta a un mundo fant\u00e1stico con seres de un imaginario deslumbrante.<\/h6>\n<h6>Humanoides de cinco metros, aves del para\u00edso, hadas de luz, todo acompa\u00f1ado de un saxofonista tocando sobre una pista de m\u00fasica, que marca el ritmo creando una atm\u00f3sfera de extrema harmon\u00eda.<\/h6>\n<h6>White Dreams se trata de un espect\u00e1culo contempor\u00e1neo y visual que cautiva y nos hace so\u00f1ar despiertos.<\/h6>\n<p>INCLUYE:<\/p>\n<ul>\n<li>2 Humanoides<\/li>\n<li>2 estrellas<\/li>\n<li>2 hadas de luz<\/li>\n<\/ul>\n<div id=\"wp_rp_first\" class=\"wp_rp_wrap  wp_rp_vertical_m\">\n<div class=\"wp_rp_content\">\n<h3 class=\"related_post_title\"><img loading=\"lazy\" decoding=\"async\" class=\"alignnone wp-image-2361\" src=\"https:\/\/eveniments.es\/wp-content\/uploads\/2020\/06\/Hada.jpg\" alt=\"\" width=\"1024\" height=\"678\" srcset=\"https:\/\/eveniments.es\/wp-content\/uploads\/2020\/06\/Hada.jpg 800w, https:\/\/eveniments.es\/wp-content\/uploads\/2020\/06\/Hada-300x199.jpg 300w, https:\/\/eveniments.es\/wp-content\/uploads\/2020\/06\/Hada-768x509.jpg 768w\" sizes=\"auto, (max-width: 1024px) 100vw, 1024px\" \/><img loading=\"lazy\" decoding=\"async\" class=\"alignnone wp-image-2362\" src=\"https:\/\/eveniments.es\/wp-content\/uploads\/2020\/06\/humanoides-1.jpg\" alt=\"\" width=\"1024\" height=\"640\" srcset=\"https:\/\/eveniments.es\/wp-content\/uploads\/2020\/06\/humanoides-1.jpg 800w, https:\/\/eveniments.es\/wp-content\/uploads\/2020\/06\/humanoides-1-300x188.jpg 300w, https:\/\/eveniments.es\/wp-content\/uploads\/2020\/06\/humanoides-1-768x480.jpg 768w\" sizes=\"auto, (max-width: 1024px) 100vw, 1024px\" \/><img loading=\"lazy\" decoding=\"async\" class=\"alignnone wp-image-2363\" src=\"https:\/\/eveniments.es\/wp-content\/uploads\/2020\/06\/humanoides-2.jpg\" alt=\"\" width=\"1024\" height=\"640\" srcset=\"https:\/\/eveniments.es\/wp-content\/uploads\/2020\/06\/humanoides-2.jpg 800w, https:\/\/eveniments.es\/wp-content\/uploads\/2020\/06\/humanoides-2-300x188.jpg 300w, https:\/\/eveniments.es\/wp-content\/uploads\/2020\/06\/humanoides-2-768x480.jpg 768w\" sizes=\"auto, (max-width: 1024px) 100vw, 1024px\" \/><img loading=\"lazy\" decoding=\"async\" class=\"alignnone wp-image-2364\" src=\"https:\/\/eveniments.es\/wp-content\/uploads\/2020\/06\/humanoides-3.jpg\" alt=\"\" width=\"1024\" height=\"640\" srcset=\"https:\/\/eveniments.es\/wp-content\/uploads\/2020\/06\/humanoides-3.jpg 800w, https:\/\/eveniments.es\/wp-content\/uploads\/2020\/06\/humanoides-3-300x188.jpg 300w, https:\/\/eveniments.es\/wp-content\/uploads\/2020\/06\/humanoides-3-768x480.jpg 768w\" sizes=\"auto, (max-width: 1024px) 100vw, 1024px\" \/><img loading=\"lazy\" decoding=\"async\" class=\"alignnone wp-image-2365\" src=\"https:\/\/eveniments.es\/wp-content\/uploads\/2020\/06\/humanoides-estrellas-1.jpg\" alt=\"\" width=\"1024\" height=\"640\" srcset=\"https:\/\/eveniments.es\/wp-content\/uploads\/2020\/06\/humanoides-estrellas-1.jpg 800w, https:\/\/eveniments.es\/wp-content\/uploads\/2020\/06\/humanoides-estrellas-1-300x188.jpg 300w, https:\/\/eveniments.es\/wp-content\/uploads\/2020\/06\/humanoides-estrellas-1-768x480.jpg 768w\" sizes=\"auto, (max-width: 1024px) 100vw, 1024px\" \/><\/h3>\n<\/div>\n<\/div>\n","protected":false},"excerpt":{"rendered":"<div class=\"mh-excerpt\"><\/div>","protected":false},"author":1,"featured_media":0,"parent":0,"menu_order":0,"comment_status":"closed","ping_status":"closed","template":"template-full.php","meta":{"footnotes":""},"class_list":["post-2360","page","type-page","status-publish","hentry"],"_links":{"self":[{"href":"https:\/\/eveniments.es\/home\/wp-json\/wp\/v2\/pages\/2360","targetHints":{"allow":["GET"]}}],"collection":[{"href":"https:\/\/eveniments.es\/home\/wp-json\/wp\/v2\/pages"}],"about":[{"href":"https:\/\/eveniments.es\/home\/wp-json\/wp\/v2\/types\/page"}],"author":[{"embeddable":true,"href":"https:\/\/eveniments.es\/home\/wp-json\/wp\/v2\/users\/1"}],"replies":[{"embeddable":true,"href":"https:\/\/eveniments.es\/home\/wp-json\/wp\/v2\/comments?post=2360"}],"version-history":[{"count":2,"href":"https:\/\/eveniments.es\/home\/wp-json\/wp\/v2\/pages\/2360\/revisions"}],"predecessor-version":[{"id":3205,"href":"https:\/\/eveniments.es\/home\/wp-json\/wp\/v2\/pages\/2360\/revisions\/3205"}],"wp:attachment":[{"href":"https:\/\/eveniments.es\/home\/wp-json\/wp\/v2\/media?parent=2360"}],"curies":[{"name":"wp","href":"https:\/\/api.w.org\/{rel}","templated":true}]}}