{"id":2379,"date":"2020-06-20T12:17:11","date_gmt":"2020-06-20T12:17:11","guid":{"rendered":"https:\/\/eveniments.es\/?page_id=2379"},"modified":"2020-06-30T13:35:32","modified_gmt":"2020-06-30T13:35:32","slug":"halcoronsa","status":"publish","type":"page","link":"https:\/\/eveniments.es\/home\/halcoronsa","title":{"rendered":"Halcoronsa"},"content":{"rendered":"\n<p>Veintitr\u00e9s fabulosas bailarinas uniformadas con unos vistosos trajes muy llamativos simular\u00e1n un grupo de aves rapaces bailando al son de la m\u00fasica. El conjunto de dicho grupo ser\u00e1 muy visual tanto por el numero de componentes como por las dimensiones y formas del traje. Los colores tampoco pasar\u00e1n desapercibidos al simular tan perfectamente a este magnifico ave rapaz.<\/p>\n<p>Ideal para rellenar grandes espacios y deleitar con incre\u00edbles coreograf\u00edas.<\/p>\n<p><img loading=\"lazy\" decoding=\"async\" class=\"alignnone wp-image-2380 size-full\" src=\"https:\/\/eveniments.es\/wp-content\/uploads\/2020\/06\/Halcoransa.jpg\" alt=\"\" width=\"740\" height=\"544\" srcset=\"https:\/\/eveniments.es\/wp-content\/uploads\/2020\/06\/Halcoransa.jpg 740w, https:\/\/eveniments.es\/wp-content\/uploads\/2020\/06\/Halcoransa-300x221.jpg 300w, https:\/\/eveniments.es\/wp-content\/uploads\/2020\/06\/Halcoransa-80x60.jpg 80w\" sizes=\"auto, (max-width: 740px) 100vw, 740px\" \/><img loading=\"lazy\" decoding=\"async\" class=\"alignnone wp-image-2381 size-full\" src=\"https:\/\/eveniments.es\/wp-content\/uploads\/2020\/06\/Halcoransa-1.jpg\" alt=\"\" width=\"740\" height=\"543\" srcset=\"https:\/\/eveniments.es\/wp-content\/uploads\/2020\/06\/Halcoransa-1.jpg 740w, https:\/\/eveniments.es\/wp-content\/uploads\/2020\/06\/Halcoransa-1-300x220.jpg 300w, https:\/\/eveniments.es\/wp-content\/uploads\/2020\/06\/Halcoransa-1-80x60.jpg 80w\" sizes=\"auto, (max-width: 740px) 100vw, 740px\" \/><img loading=\"lazy\" decoding=\"async\" class=\"alignnone wp-image-2382 size-full\" src=\"https:\/\/eveniments.es\/wp-content\/uploads\/2020\/06\/Halcoransa-2.jpg\" alt=\"\" width=\"740\" height=\"543\" srcset=\"https:\/\/eveniments.es\/wp-content\/uploads\/2020\/06\/Halcoransa-2.jpg 740w, https:\/\/eveniments.es\/wp-content\/uploads\/2020\/06\/Halcoransa-2-300x220.jpg 300w, https:\/\/eveniments.es\/wp-content\/uploads\/2020\/06\/Halcoransa-2-80x60.jpg 80w\" sizes=\"auto, (max-width: 740px) 100vw, 740px\" \/><\/p>\n","protected":false},"excerpt":{"rendered":"<div class=\"mh-excerpt\"><\/div>","protected":false},"author":1,"featured_media":0,"parent":0,"menu_order":0,"comment_status":"closed","ping_status":"closed","template":"template-full.php","meta":{"footnotes":""},"class_list":["post-2379","page","type-page","status-publish","hentry"],"_links":{"self":[{"href":"https:\/\/eveniments.es\/home\/wp-json\/wp\/v2\/pages\/2379","targetHints":{"allow":["GET"]}}],"collection":[{"href":"https:\/\/eveniments.es\/home\/wp-json\/wp\/v2\/pages"}],"about":[{"href":"https:\/\/eveniments.es\/home\/wp-json\/wp\/v2\/types\/page"}],"author":[{"embeddable":true,"href":"https:\/\/eveniments.es\/home\/wp-json\/wp\/v2\/users\/1"}],"replies":[{"embeddable":true,"href":"https:\/\/eveniments.es\/home\/wp-json\/wp\/v2\/comments?post=2379"}],"version-history":[{"count":1,"href":"https:\/\/eveniments.es\/home\/wp-json\/wp\/v2\/pages\/2379\/revisions"}],"predecessor-version":[{"id":2383,"href":"https:\/\/eveniments.es\/home\/wp-json\/wp\/v2\/pages\/2379\/revisions\/2383"}],"wp:attachment":[{"href":"https:\/\/eveniments.es\/home\/wp-json\/wp\/v2\/media?parent=2379"}],"curies":[{"name":"wp","href":"https:\/\/api.w.org\/{rel}","templated":true}]}}