{"id":2385,"date":"2020-06-20T12:20:52","date_gmt":"2020-06-20T12:20:52","guid":{"rendered":"https:\/\/eveniments.es\/?page_id=2385"},"modified":"2020-06-30T13:35:21","modified_gmt":"2020-06-30T13:35:21","slug":"hadas-de-las-estaciones","status":"publish","type":"page","link":"https:\/\/eveniments.es\/home\/hadas-de-las-estaciones","title":{"rendered":"Hadas de Las Estaciones"},"content":{"rendered":"\n<p>Una alegor\u00eda a las cuatro estaciones del a\u00f1o que ser\u00e1n representadas por&nbsp;<strong>cuatro preciosas hadas gigantes<\/strong>&nbsp;que desfilan elegantemente por las calles sobre unas plataformas de gran altura. Le acompa\u00f1a&nbsp;un&nbsp;<strong>ballet de duendes<\/strong>&nbsp;creando as\u00ed&nbsp;un entorno m\u00e1gico y lleno de fantas\u00eda.<\/p>\n<p><img loading=\"lazy\" decoding=\"async\" class=\"alignnone wp-image-2386 size-full\" src=\"https:\/\/eveniments.es\/wp-content\/uploads\/2020\/06\/Hadas-1.jpg\" alt=\"\" width=\"800\" height=\"533\" srcset=\"https:\/\/eveniments.es\/wp-content\/uploads\/2020\/06\/Hadas-1.jpg 800w, https:\/\/eveniments.es\/wp-content\/uploads\/2020\/06\/Hadas-1-300x200.jpg 300w, https:\/\/eveniments.es\/wp-content\/uploads\/2020\/06\/Hadas-1-768x512.jpg 768w\" sizes=\"auto, (max-width: 800px) 100vw, 800px\" \/><\/p>\n","protected":false},"excerpt":{"rendered":"<div class=\"mh-excerpt\"><\/div>","protected":false},"author":1,"featured_media":0,"parent":0,"menu_order":0,"comment_status":"closed","ping_status":"closed","template":"template-full.php","meta":{"footnotes":""},"class_list":["post-2385","page","type-page","status-publish","hentry"],"_links":{"self":[{"href":"https:\/\/eveniments.es\/home\/wp-json\/wp\/v2\/pages\/2385","targetHints":{"allow":["GET"]}}],"collection":[{"href":"https:\/\/eveniments.es\/home\/wp-json\/wp\/v2\/pages"}],"about":[{"href":"https:\/\/eveniments.es\/home\/wp-json\/wp\/v2\/types\/page"}],"author":[{"embeddable":true,"href":"https:\/\/eveniments.es\/home\/wp-json\/wp\/v2\/users\/1"}],"replies":[{"embeddable":true,"href":"https:\/\/eveniments.es\/home\/wp-json\/wp\/v2\/comments?post=2385"}],"version-history":[{"count":1,"href":"https:\/\/eveniments.es\/home\/wp-json\/wp\/v2\/pages\/2385\/revisions"}],"predecessor-version":[{"id":2387,"href":"https:\/\/eveniments.es\/home\/wp-json\/wp\/v2\/pages\/2385\/revisions\/2387"}],"wp:attachment":[{"href":"https:\/\/eveniments.es\/home\/wp-json\/wp\/v2\/media?parent=2385"}],"curies":[{"name":"wp","href":"https:\/\/api.w.org\/{rel}","templated":true}]}}