{"id":2389,"date":"2020-06-20T13:02:59","date_gmt":"2020-06-20T13:02:59","guid":{"rendered":"https:\/\/eveniments.es\/?page_id=2389"},"modified":"2020-06-30T13:34:26","modified_gmt":"2020-06-30T13:34:26","slug":"girofas","status":"publish","type":"page","link":"https:\/\/eveniments.es\/home\/girofas","title":{"rendered":"Girofas"},"content":{"rendered":"\n<p>Una manada de jirafas se mueve lentamente con gracia moviendo sus largos cuellos. Una vez salen a la calle, la ciudad se convertir\u00e1 en una enorme fiesta dominada por el color rojo.<\/p>\n<p>En su formato cl\u00e1sico, el espect\u00e1culo presenta una performance narrativa y teatral llevada a cabo por las acciones de los 2 principales personajes tragic\u00f3micos: El Director del Circo quien golpea su tambor gigante, toca los platillos, realiza c\u00edrculos de fuego\u2026 sue\u00f1a con tal de hacerse con el control de las jirafas. Y por otra parte, su joven esposa, una espl\u00e9ndida Diva, prefiere domarlas cantando para cautivarlas con su voz.<\/p>\n<p><iframe loading=\"lazy\" title=\"Girofas\" width=\"500\" height=\"281\" src=\"https:\/\/www.youtube.com\/embed\/_4jPBB1ccGo?feature=oembed\" frameborder=\"0\" allow=\"accelerometer; autoplay; clipboard-write; encrypted-media; gyroscope; picture-in-picture; web-share\" referrerpolicy=\"strict-origin-when-cross-origin\" allowfullscreen><\/iframe><\/p>\n","protected":false},"excerpt":{"rendered":"<div class=\"mh-excerpt\"><\/div>","protected":false},"author":1,"featured_media":0,"parent":0,"menu_order":0,"comment_status":"closed","ping_status":"closed","template":"template-full.php","meta":{"footnotes":""},"class_list":["post-2389","page","type-page","status-publish","hentry"],"_links":{"self":[{"href":"https:\/\/eveniments.es\/home\/wp-json\/wp\/v2\/pages\/2389","targetHints":{"allow":["GET"]}}],"collection":[{"href":"https:\/\/eveniments.es\/home\/wp-json\/wp\/v2\/pages"}],"about":[{"href":"https:\/\/eveniments.es\/home\/wp-json\/wp\/v2\/types\/page"}],"author":[{"embeddable":true,"href":"https:\/\/eveniments.es\/home\/wp-json\/wp\/v2\/users\/1"}],"replies":[{"embeddable":true,"href":"https:\/\/eveniments.es\/home\/wp-json\/wp\/v2\/comments?post=2389"}],"version-history":[{"count":1,"href":"https:\/\/eveniments.es\/home\/wp-json\/wp\/v2\/pages\/2389\/revisions"}],"predecessor-version":[{"id":2390,"href":"https:\/\/eveniments.es\/home\/wp-json\/wp\/v2\/pages\/2389\/revisions\/2390"}],"wp:attachment":[{"href":"https:\/\/eveniments.es\/home\/wp-json\/wp\/v2\/media?parent=2389"}],"curies":[{"name":"wp","href":"https:\/\/api.w.org\/{rel}","templated":true}]}}