{"id":2402,"date":"2020-06-21T18:04:32","date_gmt":"2020-06-21T18:04:32","guid":{"rendered":"https:\/\/eveniments.es\/?page_id=2402"},"modified":"2020-06-30T13:33:49","modified_gmt":"2020-06-30T13:33:49","slug":"galopante","status":"publish","type":"page","link":"https:\/\/eveniments.es\/home\/galopante","title":{"rendered":"Galopante"},"content":{"rendered":"\n<p>Inspirado en los \u00e1giles movimientos del caballo a trav\u00e9s de la espesura de un jard\u00edn de naranjos en flor. Este ballet representado por bailarinas con vestuarios de color verde y negro realizar\u00e1n una majestuosa y elegante coreograf\u00eda por las calles de cualquier municipio.<\/p>\n<p>La coreograf\u00eda puede ser acompa\u00f1ada por un caballo de verdad a rienda suelta. Con caja de m\u00fasica o banda. Tambi\u00e9n se puede contratar el jard\u00edn por separado, solo jardines o solo caballos.<\/p>\n<p><img loading=\"lazy\" decoding=\"async\" class=\"alignnone wp-image-2403 size-full\" src=\"https:\/\/eveniments.es\/wp-content\/uploads\/2020\/06\/Galopante.jpg\" alt=\"\" width=\"716\" height=\"555\" srcset=\"https:\/\/eveniments.es\/wp-content\/uploads\/2020\/06\/Galopante.jpg 716w, https:\/\/eveniments.es\/wp-content\/uploads\/2020\/06\/Galopante-300x233.jpg 300w\" sizes=\"auto, (max-width: 716px) 100vw, 716px\" \/><\/p>\n","protected":false},"excerpt":{"rendered":"<div class=\"mh-excerpt\"><\/div>","protected":false},"author":1,"featured_media":0,"parent":0,"menu_order":0,"comment_status":"closed","ping_status":"closed","template":"template-full.php","meta":{"footnotes":""},"class_list":["post-2402","page","type-page","status-publish","hentry"],"_links":{"self":[{"href":"https:\/\/eveniments.es\/home\/wp-json\/wp\/v2\/pages\/2402","targetHints":{"allow":["GET"]}}],"collection":[{"href":"https:\/\/eveniments.es\/home\/wp-json\/wp\/v2\/pages"}],"about":[{"href":"https:\/\/eveniments.es\/home\/wp-json\/wp\/v2\/types\/page"}],"author":[{"embeddable":true,"href":"https:\/\/eveniments.es\/home\/wp-json\/wp\/v2\/users\/1"}],"replies":[{"embeddable":true,"href":"https:\/\/eveniments.es\/home\/wp-json\/wp\/v2\/comments?post=2402"}],"version-history":[{"count":1,"href":"https:\/\/eveniments.es\/home\/wp-json\/wp\/v2\/pages\/2402\/revisions"}],"predecessor-version":[{"id":2404,"href":"https:\/\/eveniments.es\/home\/wp-json\/wp\/v2\/pages\/2402\/revisions\/2404"}],"wp:attachment":[{"href":"https:\/\/eveniments.es\/home\/wp-json\/wp\/v2\/media?parent=2402"}],"curies":[{"name":"wp","href":"https:\/\/api.w.org\/{rel}","templated":true}]}}