{"id":2406,"date":"2020-06-21T18:08:19","date_gmt":"2020-06-21T18:08:19","guid":{"rendered":"https:\/\/eveniments.es\/?page_id=2406"},"modified":"2020-06-30T13:33:16","modified_gmt":"2020-06-30T13:33:16","slug":"formula-1","status":"publish","type":"page","link":"https:\/\/eveniments.es\/home\/formula-1","title":{"rendered":"Formula 1"},"content":{"rendered":"\n<p>Nos encontramos ante la carrera de coches m\u00e1s divertida a disposici\u00f3n del \u201ccircuito urbano\u201d de tu ciudad. Donde una colecci\u00f3n de f\u00f3rmulas 1 &nbsp;nos hace recordar desde los m\u00e1s viejos modelos hasta los m\u00e1s actuales. Es incre\u00edble ver en la misma carrera un coche tan impresionante como es el del gran&nbsp;<strong>Fangio<\/strong>&nbsp;o un coche que podr\u00eda estar pilotado por el mism\u00edsimo&nbsp;<strong>Alonso<\/strong>.<\/p>\n<p><img loading=\"lazy\" decoding=\"async\" class=\"alignnone wp-image-2407 size-full\" src=\"https:\/\/eveniments.es\/wp-content\/uploads\/2020\/06\/f1-2.jpg\" alt=\"\" width=\"800\" height=\"532\" srcset=\"https:\/\/eveniments.es\/wp-content\/uploads\/2020\/06\/f1-2.jpg 800w, https:\/\/eveniments.es\/wp-content\/uploads\/2020\/06\/f1-2-300x200.jpg 300w, https:\/\/eveniments.es\/wp-content\/uploads\/2020\/06\/f1-2-768x511.jpg 768w\" sizes=\"auto, (max-width: 800px) 100vw, 800px\" \/><img loading=\"lazy\" decoding=\"async\" class=\"alignnone wp-image-2408 size-full\" src=\"https:\/\/eveniments.es\/wp-content\/uploads\/2020\/06\/f1-3.jpg\" alt=\"\" width=\"800\" height=\"532\" srcset=\"https:\/\/eveniments.es\/wp-content\/uploads\/2020\/06\/f1-3.jpg 800w, https:\/\/eveniments.es\/wp-content\/uploads\/2020\/06\/f1-3-300x200.jpg 300w, https:\/\/eveniments.es\/wp-content\/uploads\/2020\/06\/f1-3-768x511.jpg 768w\" sizes=\"auto, (max-width: 800px) 100vw, 800px\" \/><img loading=\"lazy\" decoding=\"async\" class=\"alignnone wp-image-2409 size-full\" src=\"https:\/\/eveniments.es\/wp-content\/uploads\/2020\/06\/f1-4.jpg\" alt=\"\" width=\"800\" height=\"532\" srcset=\"https:\/\/eveniments.es\/wp-content\/uploads\/2020\/06\/f1-4.jpg 800w, https:\/\/eveniments.es\/wp-content\/uploads\/2020\/06\/f1-4-300x200.jpg 300w, https:\/\/eveniments.es\/wp-content\/uploads\/2020\/06\/f1-4-768x511.jpg 768w\" sizes=\"auto, (max-width: 800px) 100vw, 800px\" \/><\/p>\n","protected":false},"excerpt":{"rendered":"<div class=\"mh-excerpt\"><\/div>","protected":false},"author":1,"featured_media":0,"parent":0,"menu_order":0,"comment_status":"closed","ping_status":"closed","template":"template-full.php","meta":{"footnotes":""},"class_list":["post-2406","page","type-page","status-publish","hentry"],"_links":{"self":[{"href":"https:\/\/eveniments.es\/home\/wp-json\/wp\/v2\/pages\/2406","targetHints":{"allow":["GET"]}}],"collection":[{"href":"https:\/\/eveniments.es\/home\/wp-json\/wp\/v2\/pages"}],"about":[{"href":"https:\/\/eveniments.es\/home\/wp-json\/wp\/v2\/types\/page"}],"author":[{"embeddable":true,"href":"https:\/\/eveniments.es\/home\/wp-json\/wp\/v2\/users\/1"}],"replies":[{"embeddable":true,"href":"https:\/\/eveniments.es\/home\/wp-json\/wp\/v2\/comments?post=2406"}],"version-history":[{"count":1,"href":"https:\/\/eveniments.es\/home\/wp-json\/wp\/v2\/pages\/2406\/revisions"}],"predecessor-version":[{"id":2410,"href":"https:\/\/eveniments.es\/home\/wp-json\/wp\/v2\/pages\/2406\/revisions\/2410"}],"wp:attachment":[{"href":"https:\/\/eveniments.es\/home\/wp-json\/wp\/v2\/media?parent=2406"}],"curies":[{"name":"wp","href":"https:\/\/api.w.org\/{rel}","templated":true}]}}