{"id":2412,"date":"2020-06-21T18:12:59","date_gmt":"2020-06-21T18:12:59","guid":{"rendered":"https:\/\/eveniments.es\/?page_id=2412"},"modified":"2020-06-30T16:58:39","modified_gmt":"2020-06-30T16:58:39","slug":"euterpe","status":"publish","type":"page","link":"https:\/\/eveniments.es\/home\/euterpe","title":{"rendered":"Euterpe"},"content":{"rendered":"\n<p>En esta ocasi\u00f3n Euterpe act\u00faa como protagonista y musa griega de la m\u00fasica en una tem\u00e1tica de desfile. Este es el inicio de una larga vida en la que la propia Euterpe promete nuevas y diferentes interpretaciones y actuaciones de teatro urbano que le llevar\u00e1n por todo el mundo.<\/p>\n<p>Esta asombrosa marioneta se puede tematizar con cualquier otro vestuario encarnando diversos personajes o a medida.<\/p>\n<p><img loading=\"lazy\" decoding=\"async\" class=\"alignnone wp-image-2413\" src=\"https:\/\/eveniments.es\/wp-content\/uploads\/2020\/06\/Euterpe1.jpg\" alt=\"\" width=\"1024\" height=\"683\" srcset=\"https:\/\/eveniments.es\/wp-content\/uploads\/2020\/06\/Euterpe1.jpg 801w, https:\/\/eveniments.es\/wp-content\/uploads\/2020\/06\/Euterpe1-300x200.jpg 300w, https:\/\/eveniments.es\/wp-content\/uploads\/2020\/06\/Euterpe1-768x512.jpg 768w\" sizes=\"auto, (max-width: 1024px) 100vw, 1024px\" \/><img loading=\"lazy\" decoding=\"async\" class=\"alignnone wp-image-2414\" src=\"https:\/\/eveniments.es\/wp-content\/uploads\/2020\/06\/Euterpe2.jpg\" alt=\"\" width=\"1024\" height=\"682\" srcset=\"https:\/\/eveniments.es\/wp-content\/uploads\/2020\/06\/Euterpe2.jpg 800w, https:\/\/eveniments.es\/wp-content\/uploads\/2020\/06\/Euterpe2-300x200.jpg 300w, https:\/\/eveniments.es\/wp-content\/uploads\/2020\/06\/Euterpe2-768x512.jpg 768w\" sizes=\"auto, (max-width: 1024px) 100vw, 1024px\" \/><img loading=\"lazy\" decoding=\"async\" class=\"alignnone wp-image-2415\" src=\"https:\/\/eveniments.es\/wp-content\/uploads\/2020\/06\/Euterpe3.jpg\" alt=\"\" width=\"1024\" height=\"682\" srcset=\"https:\/\/eveniments.es\/wp-content\/uploads\/2020\/06\/Euterpe3.jpg 800w, https:\/\/eveniments.es\/wp-content\/uploads\/2020\/06\/Euterpe3-300x200.jpg 300w, https:\/\/eveniments.es\/wp-content\/uploads\/2020\/06\/Euterpe3-768x512.jpg 768w\" sizes=\"auto, (max-width: 1024px) 100vw, 1024px\" \/><img loading=\"lazy\" decoding=\"async\" class=\"alignnone wp-image-2416\" src=\"https:\/\/eveniments.es\/wp-content\/uploads\/2020\/06\/Euterpe-4.jpg\" alt=\"\" width=\"1024\" height=\"685\" srcset=\"https:\/\/eveniments.es\/wp-content\/uploads\/2020\/06\/Euterpe-4.jpg 800w, https:\/\/eveniments.es\/wp-content\/uploads\/2020\/06\/Euterpe-4-300x201.jpg 300w, https:\/\/eveniments.es\/wp-content\/uploads\/2020\/06\/Euterpe-4-768x514.jpg 768w\" sizes=\"auto, (max-width: 1024px) 100vw, 1024px\" \/><\/p>\n","protected":false},"excerpt":{"rendered":"<div class=\"mh-excerpt\"><\/div>","protected":false},"author":1,"featured_media":0,"parent":0,"menu_order":0,"comment_status":"closed","ping_status":"closed","template":"template-full.php","meta":{"footnotes":""},"class_list":["post-2412","page","type-page","status-publish","hentry"],"_links":{"self":[{"href":"https:\/\/eveniments.es\/home\/wp-json\/wp\/v2\/pages\/2412","targetHints":{"allow":["GET"]}}],"collection":[{"href":"https:\/\/eveniments.es\/home\/wp-json\/wp\/v2\/pages"}],"about":[{"href":"https:\/\/eveniments.es\/home\/wp-json\/wp\/v2\/types\/page"}],"author":[{"embeddable":true,"href":"https:\/\/eveniments.es\/home\/wp-json\/wp\/v2\/users\/1"}],"replies":[{"embeddable":true,"href":"https:\/\/eveniments.es\/home\/wp-json\/wp\/v2\/comments?post=2412"}],"version-history":[{"count":3,"href":"https:\/\/eveniments.es\/home\/wp-json\/wp\/v2\/pages\/2412\/revisions"}],"predecessor-version":[{"id":3220,"href":"https:\/\/eveniments.es\/home\/wp-json\/wp\/v2\/pages\/2412\/revisions\/3220"}],"wp:attachment":[{"href":"https:\/\/eveniments.es\/home\/wp-json\/wp\/v2\/media?parent=2412"}],"curies":[{"name":"wp","href":"https:\/\/api.w.org\/{rel}","templated":true}]}}