{"id":2419,"date":"2020-06-21T18:17:10","date_gmt":"2020-06-21T18:17:10","guid":{"rendered":"https:\/\/eveniments.es\/?page_id=2419"},"modified":"2020-06-30T17:57:53","modified_gmt":"2020-06-30T17:57:53","slug":"escorpiones","status":"publish","type":"page","link":"https:\/\/eveniments.es\/home\/escorpiones","title":{"rendered":"Escorpiones"},"content":{"rendered":"\n<div class=\"blog-meta\">\n<div class=\"entry-meta with-icon\"><span style=\"font-size: inherit;\">Nuestros escorpiones dorados sorprender\u00e1n con una coreograf\u00eda que incorpora por primera vez el suelo de los espect\u00e1culos de calle como parte de la coreograf\u00eda. Los escorpiones sorprenden por su originalidad y por la incre\u00edble realizaci\u00f3n, vestuario, maquillaje y puesta en escena.<\/span><\/div>\n<\/div>\n<div>&nbsp;<\/div>\n<div><img loading=\"lazy\" decoding=\"async\" class=\"alignnone wp-image-2420\" src=\"https:\/\/eveniments.es\/wp-content\/uploads\/2020\/06\/escorpiones-1.jpg\" alt=\"\" width=\"1024\" height=\"751\" srcset=\"https:\/\/eveniments.es\/wp-content\/uploads\/2020\/06\/escorpiones-1.jpg 720w, https:\/\/eveniments.es\/wp-content\/uploads\/2020\/06\/escorpiones-1-300x220.jpg 300w, https:\/\/eveniments.es\/wp-content\/uploads\/2020\/06\/escorpiones-1-80x60.jpg 80w\" sizes=\"auto, (max-width: 1024px) 100vw, 1024px\" \/><img loading=\"lazy\" decoding=\"async\" class=\"alignnone wp-image-2421\" src=\"https:\/\/eveniments.es\/wp-content\/uploads\/2020\/06\/escorpiones-2.jpg\" alt=\"\" width=\"1024\" height=\"751\" srcset=\"https:\/\/eveniments.es\/wp-content\/uploads\/2020\/06\/escorpiones-2.jpg 720w, https:\/\/eveniments.es\/wp-content\/uploads\/2020\/06\/escorpiones-2-300x220.jpg 300w, https:\/\/eveniments.es\/wp-content\/uploads\/2020\/06\/escorpiones-2-80x60.jpg 80w\" sizes=\"auto, (max-width: 1024px) 100vw, 1024px\" \/><img loading=\"lazy\" decoding=\"async\" class=\"alignnone wp-image-2422\" src=\"https:\/\/eveniments.es\/wp-content\/uploads\/2020\/06\/escorpiones-3.jpg\" alt=\"\" width=\"1024\" height=\"753\" srcset=\"https:\/\/eveniments.es\/wp-content\/uploads\/2020\/06\/escorpiones-3.jpg 740w, https:\/\/eveniments.es\/wp-content\/uploads\/2020\/06\/escorpiones-3-300x221.jpg 300w, https:\/\/eveniments.es\/wp-content\/uploads\/2020\/06\/escorpiones-3-80x60.jpg 80w\" sizes=\"auto, (max-width: 1024px) 100vw, 1024px\" \/><\/div>\n","protected":false},"excerpt":{"rendered":"<div class=\"mh-excerpt\"><\/div>","protected":false},"author":1,"featured_media":0,"parent":0,"menu_order":0,"comment_status":"closed","ping_status":"closed","template":"template-full.php","meta":{"footnotes":""},"class_list":["post-2419","page","type-page","status-publish","hentry"],"_links":{"self":[{"href":"https:\/\/eveniments.es\/home\/wp-json\/wp\/v2\/pages\/2419","targetHints":{"allow":["GET"]}}],"collection":[{"href":"https:\/\/eveniments.es\/home\/wp-json\/wp\/v2\/pages"}],"about":[{"href":"https:\/\/eveniments.es\/home\/wp-json\/wp\/v2\/types\/page"}],"author":[{"embeddable":true,"href":"https:\/\/eveniments.es\/home\/wp-json\/wp\/v2\/users\/1"}],"replies":[{"embeddable":true,"href":"https:\/\/eveniments.es\/home\/wp-json\/wp\/v2\/comments?post=2419"}],"version-history":[{"count":3,"href":"https:\/\/eveniments.es\/home\/wp-json\/wp\/v2\/pages\/2419\/revisions"}],"predecessor-version":[{"id":3283,"href":"https:\/\/eveniments.es\/home\/wp-json\/wp\/v2\/pages\/2419\/revisions\/3283"}],"wp:attachment":[{"href":"https:\/\/eveniments.es\/home\/wp-json\/wp\/v2\/media?parent=2419"}],"curies":[{"name":"wp","href":"https:\/\/api.w.org\/{rel}","templated":true}]}}