{"id":2425,"date":"2020-06-21T18:21:48","date_gmt":"2020-06-21T18:21:48","guid":{"rendered":"https:\/\/eveniments.es\/?page_id=2425"},"modified":"2020-06-30T13:31:15","modified_gmt":"2020-06-30T13:31:15","slug":"elefantusos","status":"publish","type":"page","link":"https:\/\/eveniments.es\/home\/elefantusos","title":{"rendered":"Elefantusos"},"content":{"rendered":"\n<p>En este pasacalles contamos con mama elefante y con sus peque\u00f1ines elefantitos bastante revoltosos. Los colores que estos elefantes utilizan son el multicolor. Estos revoltosos elefantitos &nbsp;juegan, saltan y bailan interactuando con los espectadores y transmitiendo mucha alegr\u00eda.<\/p>\n<p>Este espect\u00e1culo de animaci\u00f3n esta compuesto por tres mu\u00f1ecos hinchables y un elefante gigante hinchable de casi cuatro metros de altura que sorprender\u00e1 a su paso durante el recorrido. El conjunto de esta manada se mueve al ritmo de la batucada m\u00e1s divertida. Este desfile esta lleno de color y es muy vistoso para el espectador.<\/p>\n<p><img loading=\"lazy\" decoding=\"async\" class=\"alignnone wp-image-2426 size-full\" src=\"https:\/\/eveniments.es\/wp-content\/uploads\/2020\/06\/Elenfantusos.jpg\" alt=\"\" width=\"720\" height=\"518\" srcset=\"https:\/\/eveniments.es\/wp-content\/uploads\/2020\/06\/Elenfantusos.jpg 720w, https:\/\/eveniments.es\/wp-content\/uploads\/2020\/06\/Elenfantusos-300x216.jpg 300w\" sizes=\"auto, (max-width: 720px) 100vw, 720px\" \/><img loading=\"lazy\" decoding=\"async\" class=\"alignnone wp-image-2427\" src=\"https:\/\/eveniments.es\/wp-content\/uploads\/2020\/06\/elenfantusos-1.jpg\" alt=\"\" width=\"693\" height=\"499\" srcset=\"https:\/\/eveniments.es\/wp-content\/uploads\/2020\/06\/elenfantusos-1.jpg 533w, https:\/\/eveniments.es\/wp-content\/uploads\/2020\/06\/elenfantusos-1-300x216.jpg 300w\" sizes=\"auto, (max-width: 693px) 100vw, 693px\" \/><img loading=\"lazy\" decoding=\"async\" class=\"alignnone wp-image-2428 size-full\" src=\"https:\/\/eveniments.es\/wp-content\/uploads\/2020\/06\/elenfantusos-2.jpg\" alt=\"\" width=\"693\" height=\"499\" srcset=\"https:\/\/eveniments.es\/wp-content\/uploads\/2020\/06\/elenfantusos-2.jpg 693w, https:\/\/eveniments.es\/wp-content\/uploads\/2020\/06\/elenfantusos-2-300x216.jpg 300w\" sizes=\"auto, (max-width: 693px) 100vw, 693px\" \/><\/p>\n","protected":false},"excerpt":{"rendered":"<div class=\"mh-excerpt\"><\/div>","protected":false},"author":1,"featured_media":0,"parent":0,"menu_order":0,"comment_status":"closed","ping_status":"closed","template":"template-full.php","meta":{"footnotes":""},"class_list":["post-2425","page","type-page","status-publish","hentry"],"_links":{"self":[{"href":"https:\/\/eveniments.es\/home\/wp-json\/wp\/v2\/pages\/2425","targetHints":{"allow":["GET"]}}],"collection":[{"href":"https:\/\/eveniments.es\/home\/wp-json\/wp\/v2\/pages"}],"about":[{"href":"https:\/\/eveniments.es\/home\/wp-json\/wp\/v2\/types\/page"}],"author":[{"embeddable":true,"href":"https:\/\/eveniments.es\/home\/wp-json\/wp\/v2\/users\/1"}],"replies":[{"embeddable":true,"href":"https:\/\/eveniments.es\/home\/wp-json\/wp\/v2\/comments?post=2425"}],"version-history":[{"count":1,"href":"https:\/\/eveniments.es\/home\/wp-json\/wp\/v2\/pages\/2425\/revisions"}],"predecessor-version":[{"id":2429,"href":"https:\/\/eveniments.es\/home\/wp-json\/wp\/v2\/pages\/2425\/revisions\/2429"}],"wp:attachment":[{"href":"https:\/\/eveniments.es\/home\/wp-json\/wp\/v2\/media?parent=2425"}],"curies":[{"name":"wp","href":"https:\/\/api.w.org\/{rel}","templated":true}]}}