{"id":2433,"date":"2020-06-21T18:31:30","date_gmt":"2020-06-21T18:31:30","guid":{"rendered":"https:\/\/eveniments.es\/?page_id=2433"},"modified":"2020-06-30T13:31:00","modified_gmt":"2020-06-30T13:31:00","slug":"efecto-mariposa","status":"publish","type":"page","link":"https:\/\/eveniments.es\/home\/efecto-mariposa","title":{"rendered":"Efecto Mariposa"},"content":{"rendered":"\n<p><strong>Efecto Mariposa<\/strong>&nbsp;es un espect\u00e1culo itinerante que celebra una oda a la primavera. Est\u00e1 compuesto por varios artistas en zancos y a pie que simulan mariposas de diferentes colores y formas dando mucha vida y llenando de alegr\u00eda &nbsp;las calles por donde pasan. Gusi, nuestro gusano gigante forma tambi\u00e9n un papel importante. En este espect\u00e1culo encontraremos flores hinchables que formar\u00e1n un enorme jard\u00edn lleno de color.<\/p>\n<p><img loading=\"lazy\" decoding=\"async\" class=\"alignnone wp-image-2434 \" src=\"https:\/\/eveniments.es\/wp-content\/uploads\/2020\/06\/Efecto-Mariposa.jpg\" alt=\"\" width=\"585\" height=\"365\" srcset=\"https:\/\/eveniments.es\/wp-content\/uploads\/2020\/06\/Efecto-Mariposa.jpg 409w, https:\/\/eveniments.es\/wp-content\/uploads\/2020\/06\/Efecto-Mariposa-300x187.jpg 300w\" sizes=\"auto, (max-width: 585px) 100vw, 585px\" \/><\/p>\n","protected":false},"excerpt":{"rendered":"<div class=\"mh-excerpt\"><\/div>","protected":false},"author":1,"featured_media":0,"parent":0,"menu_order":0,"comment_status":"closed","ping_status":"closed","template":"template-full.php","meta":{"footnotes":""},"class_list":["post-2433","page","type-page","status-publish","hentry"],"_links":{"self":[{"href":"https:\/\/eveniments.es\/home\/wp-json\/wp\/v2\/pages\/2433","targetHints":{"allow":["GET"]}}],"collection":[{"href":"https:\/\/eveniments.es\/home\/wp-json\/wp\/v2\/pages"}],"about":[{"href":"https:\/\/eveniments.es\/home\/wp-json\/wp\/v2\/types\/page"}],"author":[{"embeddable":true,"href":"https:\/\/eveniments.es\/home\/wp-json\/wp\/v2\/users\/1"}],"replies":[{"embeddable":true,"href":"https:\/\/eveniments.es\/home\/wp-json\/wp\/v2\/comments?post=2433"}],"version-history":[{"count":1,"href":"https:\/\/eveniments.es\/home\/wp-json\/wp\/v2\/pages\/2433\/revisions"}],"predecessor-version":[{"id":2435,"href":"https:\/\/eveniments.es\/home\/wp-json\/wp\/v2\/pages\/2433\/revisions\/2435"}],"wp:attachment":[{"href":"https:\/\/eveniments.es\/home\/wp-json\/wp\/v2\/media?parent=2433"}],"curies":[{"name":"wp","href":"https:\/\/api.w.org\/{rel}","templated":true}]}}