{"id":2437,"date":"2020-06-21T18:37:32","date_gmt":"2020-06-21T18:37:32","guid":{"rendered":"https:\/\/eveniments.es\/?page_id=2437"},"modified":"2020-06-30T13:30:31","modified_gmt":"2020-06-30T13:30:31","slug":"dragon-chino","status":"publish","type":"page","link":"https:\/\/eveniments.es\/home\/dragon-chino","title":{"rendered":"Dragon Chino"},"content":{"rendered":"\n<p>Este gigantesco drag\u00f3n chino va &nbsp;acompa\u00f1ado de m\u00fasicos y monjes que &nbsp;traer\u00e1n consigo toda la magia del lejano Oriente.<\/p>\n<p>El drag\u00f3n, con sus m\u00e1s de 20 metros de longitud sorprender\u00e1 a su paso tanto por la longitud como por la forma de bailarlo de sus monjes. Este drag\u00f3n chino traer\u00e1 mucha diversi\u00f3n al p\u00fablico asistente.<\/p>\n<p><img loading=\"lazy\" decoding=\"async\" class=\"alignnone wp-image-2438 size-full\" src=\"https:\/\/eveniments.es\/wp-content\/uploads\/2020\/06\/Dragon-Chino-1.jpg\" alt=\"\" width=\"740\" height=\"543\" srcset=\"https:\/\/eveniments.es\/wp-content\/uploads\/2020\/06\/Dragon-Chino-1.jpg 740w, https:\/\/eveniments.es\/wp-content\/uploads\/2020\/06\/Dragon-Chino-1-300x220.jpg 300w, https:\/\/eveniments.es\/wp-content\/uploads\/2020\/06\/Dragon-Chino-1-80x60.jpg 80w\" sizes=\"auto, (max-width: 740px) 100vw, 740px\" \/><img loading=\"lazy\" decoding=\"async\" class=\"alignnone wp-image-2439\" src=\"https:\/\/eveniments.es\/wp-content\/uploads\/2020\/06\/Dragon-Chino-3.jpg\" alt=\"\" width=\"740\" height=\"543\" srcset=\"https:\/\/eveniments.es\/wp-content\/uploads\/2020\/06\/Dragon-Chino-3.jpg 511w, https:\/\/eveniments.es\/wp-content\/uploads\/2020\/06\/Dragon-Chino-3-300x220.jpg 300w, https:\/\/eveniments.es\/wp-content\/uploads\/2020\/06\/Dragon-Chino-3-80x60.jpg 80w\" sizes=\"auto, (max-width: 740px) 100vw, 740px\" \/><\/p>\n","protected":false},"excerpt":{"rendered":"<div class=\"mh-excerpt\"><\/div>","protected":false},"author":1,"featured_media":0,"parent":0,"menu_order":0,"comment_status":"closed","ping_status":"closed","template":"template-full.php","meta":{"footnotes":""},"class_list":["post-2437","page","type-page","status-publish","hentry"],"_links":{"self":[{"href":"https:\/\/eveniments.es\/home\/wp-json\/wp\/v2\/pages\/2437","targetHints":{"allow":["GET"]}}],"collection":[{"href":"https:\/\/eveniments.es\/home\/wp-json\/wp\/v2\/pages"}],"about":[{"href":"https:\/\/eveniments.es\/home\/wp-json\/wp\/v2\/types\/page"}],"author":[{"embeddable":true,"href":"https:\/\/eveniments.es\/home\/wp-json\/wp\/v2\/users\/1"}],"replies":[{"embeddable":true,"href":"https:\/\/eveniments.es\/home\/wp-json\/wp\/v2\/comments?post=2437"}],"version-history":[{"count":1,"href":"https:\/\/eveniments.es\/home\/wp-json\/wp\/v2\/pages\/2437\/revisions"}],"predecessor-version":[{"id":2440,"href":"https:\/\/eveniments.es\/home\/wp-json\/wp\/v2\/pages\/2437\/revisions\/2440"}],"wp:attachment":[{"href":"https:\/\/eveniments.es\/home\/wp-json\/wp\/v2\/media?parent=2437"}],"curies":[{"name":"wp","href":"https:\/\/api.w.org\/{rel}","templated":true}]}}